{"id":4758,"date":"2024-02-16T16:46:32","date_gmt":"2024-02-16T16:46:32","guid":{"rendered":"https:\/\/reinmedical.com\/produkt\/reinmedical-clinio-6-d-21-pollici\/"},"modified":"2024-02-16T16:46:32","modified_gmt":"2024-02-16T16:46:32","slug":"reinmedical-clinio-6-d-21-pollici","status":"publish","type":"product","link":"https:\/\/reinmedical.com\/it\/produkt\/reinmedical-clinio-6-d-21-pollici\/","title":{"rendered":"Reinmedical Clinio 6 D &#8211; 21 pollici"},"content":{"rendered":"<h2>Descrizione del prodotto<\/h2>\n<p>  Prova l&#8217;innovazione medica con Reinmedical Clinio, il tuo nuovo panel PC all-in-one per uso clinico.<br \/>\nGrazie al suo intuitivo touchscreen, il Clinio offre un accesso rapido e fluido ai dati dei pazienti e alle applicazioni.<br \/>\nIl design elegante si adatta perfettamente a qualsiasi ambiente medico moderno, mentre la struttura robusta \u00e8 progettata per l&#8217;uso clinico quotidiano e impegnativo.<br \/>\nIl Clinio combina tecnologia avanzata e facilit\u00e0 d&#8217;uso, in modo che tu possa concentrarti su ci\u00f2 che \u00e8 importante: la cura del paziente.<br \/>\nD\u00ec &#8220;s\u00ec&#8221; all&#8217;efficienza, all&#8217;affidabilit\u00e0 e all&#8217;innovazione sul posto di lavoro!      <\/p>\n<h2>Unico panel PC per applicazioni mediche<\/h2>\n<p>  Scopri Reinmedical Clinio, l&#8217;esclusivo panel PC sviluppato appositamente per le applicazioni mediche.<br \/>\nLa sua interfaccia utente intuitiva e il design robusto lo rendono il partner ideale per l&#8217;uso clinico quotidiano.<br \/>\nChe si tratti della gestione dei pazienti o del posto letto, il Clinio offre la massima affidabilit\u00e0 ed \u00e8 all&#8217;altezza di qualsiasi sfida grazie ai suoi potenti componenti.<br \/>\nLa gestione igienica e il design elegante si adattano perfettamente a qualsiasi ambiente medico.<br \/>\nAffidati a una tecnologia che non ti deluder\u00e0.<br \/>\nCon il Reinmedical Clinio investi nel futuro: sicuro, efficiente e a misura di paziente.       <\/p>\n<h2>Brillante touchscreen per un facile utilizzo<\/h2>\n<p>  Scopri il Reinmedical Clinio, che rivoluziona il funzionamento grazie al suo brillante touchscreen.<br \/>\nGrazie all&#8217;intuitiva funzione touch, puoi navigare tra i menu e le applicazioni con estrema facilit\u00e0.<br \/>\nIl pannello touch reattivo reagisce con precisione ai tuoi input e ti offre un&#8217;esperienza estremamente facile da usare.<br \/>\nChe si tratti di una clinica o di uno studio medico, il Clinio ti permette di gestire le tue attivit\u00e0 quotidiane in modo semplice ed efficiente.<br \/>\nScopri come il pannello ad alta risoluzione semplifichi i tuoi processi di lavoro e apra una nuova dimensione di interazione grazie alla sua funzionalit\u00e0 touch.<br \/>\nCon il Reinmedical Clinio puoi contare sulla tecnologia del futuro che semplifica il tuo lavoro quotidiano e aumenta la tua efficienza.       <\/p>\n<h2>Design robusto e igienico per uso medico<\/h2>\n<p>  Scopri il compagno definitivo per la tua struttura sanitaria: il Reinmedical Clinio!<br \/>\nQuesto potente apparecchio convince per il suo design robusto e igienico, sviluppato appositamente per resistere alle difficili condizioni del settore sanitario.<br \/>\nIl suo involucro liscio e facile da pulire \u00e8 ideale per l&#8217;utilizzo in ambienti sterili.<br \/>\nIl Clinio non \u00e8 solo un baluardo contro i germi, ma anche un ottimo esempio di durata.<br \/>\nAffidati a una soluzione che garantisce la sicurezza dei tuoi pazienti e l&#8217;efficienza dei tuoi processi lavorativi.<br \/>\nCon Reinmedical Clinio puoi contare su una qualit\u00e0 che mantiene le promesse, giorno dopo giorno, operazione dopo operazione.<br \/>\nEleva i tuoi standard clinici con un dispositivo che non conosce compromessi.        <\/p>\n<h2>Hardware potente per flussi di lavoro rapidi ed efficienti<\/h2>\n<p>  Scopri una nuova dimensione di efficienza e velocit\u00e0 nella tua struttura medica con Reinmedical Clinio.<br \/>\nIl potente hardware di questo sistema \u00e8 stato appositamente sviluppato per accelerare i tuoi flussi di lavoro e darti pi\u00f9 tempo per ci\u00f2 che conta davvero: la cura dei pazienti.<br \/>\nCon Clinio potrai beneficiare di una rapida elaborazione dei dati e di un&#8217;esperienza d&#8217;uso che non \u00e8 seconda a nessuno.<br \/>\nGuarda a un futuro in cui i tempi di attesa e i ritardi del sistema appartengono al passato.<br \/>\nAffidati a Reinmedical Clinio, perch\u00e9 ogni secondo conta nella pratica medica quotidiana.      <\/p>\n<h2>Connettivit\u00e0 wireless integrata per un trasferimento dati senza interruzioni<\/h2>\n<p>  Scopri un mondo di efficienza e connettivit\u00e0 con Reinmedical Clinio!<br \/>\nI nostri sistemi innovativi ti offrono una connettivit\u00e0 wireless integrata che consente il trasferimento dei dati senza soluzione di continuit\u00e0.<br \/>\nImmagina di poter sincronizzare i dati dei pazienti in tempo reale e di poter accedere alle informazioni rilevanti senza preoccuparti dell&#8217;ingombro dei cavi o dei problemi di compatibilit\u00e0.<br \/>\nCon Reinmedical Clinio puoi fare proprio questo.<br \/>\nApprofitta della libert\u00e0 e della flessibilit\u00e0 offerte dalle nostre soluzioni wireless e goditi la tranquillit\u00e0 di sapere che tutti i dati vengono trasmessi in modo sicuro e affidabile.<br \/>\nAumenta la tua produttivit\u00e0 e concentrati su ci\u00f2 che conta davvero: la cura dei pazienti.       <\/p>\n<h2>Ampie opzioni di connessione per i dispositivi esterni<\/h2>\n<p>  Scopri la flessibilit\u00e0 di Reinmedical Clinio!<br \/>\nGrazie alle numerose opzioni di connessione, questo dispositivo medico tuttofare si adatta perfettamente alle tue esigenze.<br \/>\nChe tu voglia integrare dispositivi diagnostici aggiuntivi, monitor o periferiche individuali, il Clinio offre la variet\u00e0 di interfacce necessarie.<br \/>\nQuesto ti permette di espandere la tua sala di trattamento come desideri, rimanendo flessibile e a prova di futuro.<br \/>\nAffidati a una compatibilit\u00e0 perfetta e fai di Clinio il tuo hub centrale per un&#8217;assistenza medica efficiente.      <\/p>\n<h2>Semplice integrazione nelle infrastrutture IT esistenti<\/h2>\n<p>  Stai cercando una soluzione che si integri perfettamente nel tuo panorama IT esistente?<br \/>\nReinmedical Clinio \u00e8 la risposta!<br \/>\nGrazie alla sua semplice integrazione, Clinio rivoluziona la tua routine medica quotidiana.<br \/>\nNon sono necessarie impostazioni complicate o configurazioni infinite: Clinio si integra perfettamente con il tuo sistema e tu puoi concentrarti completamente sulla cura dei tuoi pazienti.<br \/>\nProva quanto pu\u00f2 essere semplice la tecnologia quando \u00e8 perfettamente personalizzata per le esigenze della tua clinica.<br \/>\nCon Reinmedical Clinio, l&#8217;integrazione informatica \u00e8 un gioco da ragazzi!       <\/p>\n<h2>Massimi standard di sicurezza per la protezione dei dati sensibili<\/h2>\n<p>  Stai cercando una soluzione che offra i pi\u00f9 alti standard di sicurezza per la protezione dei dati sensibili?<br \/>\nReinmedical Clinio \u00e8 esattamente quello che ti serve!<br \/>\nGrazie a una tecnologia all&#8217;avanguardia e a solidi protocolli di crittografia, Clinio garantisce che i dati dei tuoi pazienti siano sempre al sicuro.<br \/>\nPuoi essere certo che ogni informazione della tua routine clinica quotidiana sia protetta da accessi non autorizzati.<br \/>\nAffidati a Reinmedical Clinio e garantisci maggiore fiducia e sicurezza al tuo studio.<br \/>\nPerch\u00e9 quando si tratta di dati sensibili, la sicurezza non \u00e8 un&#8217;opzione, \u00e8 una necessit\u00e0!       &nbsp;<\/p>\n<div class=\"fusion-content-boxes content-boxes columns row fusion-columns-4 fusion-columns-total-4 fusion-content-boxes-1 content-boxes-icon-with-title content-left\" style=\"--awb-hover-accent-color:var(--awb-color4);--awb-circle-hover-accent-color:var(--awb-color4);\" data-animationOffset=\"top-into-view\"><div style=\"--awb-backgroundcolor:rgba(255,255,255,0);\" class=\"fusion-column content-box-column content-box-column content-box-column-1 col-lg-3 col-md-3 col-sm-3 fusion-content-box-hover content-box-column-first-in-row\"><div class=\"col content-box-wrapper content-wrapper link-area-link-icon content-icon-wrapper-yes icon-hover-animation-fade\" data-animationOffset=\"top-into-view\"><div class=\"fusion-clearfix\"><\/div><div class=\"content-container\">\n<p><img decoding=\"async\" width=\"128\" height=\"128\" class=\"lazyload alignnone size-full wp-image-1154 aligncenter\" src=\"data:image\/svg+xml,%3Csvg%20xmlns%3D%27http%3A%2F%2Fwww.w3.org%2F2000%2Fsvg%27%20width%3D%27128%27%20height%3D%27128%27%20viewBox%3D%270%200%20128%20128%27%3E%3Crect%20width%3D%27128%27%20height%3D%27128%27%20fill-opacity%3D%220%22%2F%3E%3C%2Fsvg%3E\" data-orig-src=\"https:\/\/reinmedical.com\/wp-content\/uploads\/2024\/01\/icon-optimale-bildqualitaet.svg\" alt=\"\"><\/p>\n<p style=\"text-align: center;\">Qualit\u00e0 dell&#8217;immagine ottimizzata<\/p>\n<\/div><\/div><\/div><div style=\"--awb-backgroundcolor:rgba(255,255,255,0);\" class=\"fusion-column content-box-column content-box-column content-box-column-2 col-lg-3 col-md-3 col-sm-3 fusion-content-box-hover \"><div class=\"col content-box-wrapper content-wrapper link-area-link-icon content-icon-wrapper-yes icon-hover-animation-fade\" data-animationOffset=\"top-into-view\"><div class=\"fusion-clearfix\"><\/div><div class=\"content-container\">\n<p><a href=\"https:\/\/reinmedical.com\/wp-content\/uploads\/2024\/01\/icon-zertifiziertes-medizinprodukt.svg\"><img decoding=\"async\" width=\"128\" height=\"128\" class=\"lazyload alignnone size-full wp-image-1167 aligncenter\" src=\"data:image\/svg+xml,%3Csvg%20xmlns%3D%27http%3A%2F%2Fwww.w3.org%2F2000%2Fsvg%27%20width%3D%27128%27%20height%3D%27128%27%20viewBox%3D%270%200%20128%20128%27%3E%3Crect%20width%3D%27128%27%20height%3D%27128%27%20fill-opacity%3D%220%22%2F%3E%3C%2Fsvg%3E\" data-orig-src=\"https:\/\/reinmedical.com\/wp-content\/uploads\/2024\/01\/icon-zertifiziertes-medizinprodukt.svg\" alt=\"\"><\/a><\/p>\n<p style=\"text-align: center;\">Prodotto certificato per applicazioni in campo medico<\/p>\n<\/div><\/div><\/div><div style=\"--awb-backgroundcolor:rgba(255,255,255,0);\" class=\"fusion-column content-box-column content-box-column content-box-column-3 col-lg-3 col-md-3 col-sm-3 fusion-content-box-hover \"><div class=\"col content-box-wrapper content-wrapper link-area-link-icon content-icon-wrapper-yes icon-hover-animation-fade\" data-animationOffset=\"top-into-view\"><div class=\"fusion-clearfix\"><\/div><div class=\"content-container\">\n<p><img decoding=\"async\" width=\"128\" height=\"128\" class=\"lazyload alignnone size-full wp-image-1987 aligncenter\" src=\"data:image\/svg+xml,%3Csvg%20xmlns%3D%27http%3A%2F%2Fwww.w3.org%2F2000%2Fsvg%27%20width%3D%27128%27%20height%3D%27128%27%20viewBox%3D%270%200%20128%20128%27%3E%3Crect%20width%3D%27128%27%20height%3D%27128%27%20fill-opacity%3D%220%22%2F%3E%3C%2Fsvg%3E\" data-orig-src=\"https:\/\/reinmedical.com\/wp-content\/uploads\/2024\/02\/icon-4k-uhd.svg\" alt=\"\"><\/p>\n<p style=\"text-align: center;\">Risoluzione 4k-UHD<\/p>\n<\/div><\/div><\/div><div style=\"--awb-backgroundcolor:rgba(255,255,255,0);\" class=\"fusion-column content-box-column content-box-column content-box-column-4 col-lg-3 col-md-3 col-sm-3 fusion-content-box-hover content-box-column-last content-box-column-last-in-row\"><div class=\"col content-box-wrapper content-wrapper link-area-link-icon content-icon-wrapper-yes icon-hover-animation-fade\" data-animationOffset=\"top-into-view\"><div class=\"fusion-clearfix\"><\/div><div class=\"content-container\">\n<p style=\"text-align: center;\"><a href=\"https:\/\/reinmedical.com\/wp-content\/uploads\/2024\/01\/icon-schlankes-design.svg\"><img decoding=\"async\" width=\"128\" height=\"128\" class=\"lazyload alignnone size-full wp-image-901\" src=\"data:image\/svg+xml,%3Csvg%20xmlns%3D%27http%3A%2F%2Fwww.w3.org%2F2000%2Fsvg%27%20width%3D%27128%27%20height%3D%27128%27%20viewBox%3D%270%200%20128%20128%27%3E%3Crect%20width%3D%27128%27%20height%3D%27128%27%20fill-opacity%3D%220%22%2F%3E%3C%2Fsvg%3E\" data-orig-src=\"https:\/\/reinmedical.com\/wp-content\/uploads\/2024\/01\/icon-schlankes-design.svg\" alt=\"\"><\/a>  Design igienico e sottile<\/p>\n<\/div><\/div><\/div><div class=\"fusion-clearfix\"><\/div><\/div>\n\n","protected":false},"excerpt":{"rendered":"<p>Reinmedical Clinio \u00e8 un innovativo panel PC all-in-one per uso clinico che consente di accedere rapidamente ai dati e alle applicazioni dei pazienti.<br \/>\nGrazie al suo design elegante e alla struttura robusta, offre una tecnologia avanzata e un funzionamento semplice per un&#8217;assistenza efficiente ai pazienti.   <\/p>\n<ul>\n<li>Hot-topic1<\/li>\n<li>Hot-topic2<\/li>\n<li>Hot-topic3<\/li>\n<li>Hot-topic4<\/li>\n<\/ul>\n<p>&nbsp;<\/p>\n<p>&nbsp;<\/p>\n","protected":false},"featured_media":2151,"template":"","meta":{"_acf_changed":false,"inline_featured_image":false},"product_brand":[],"product_cat":[140],"product_tag":[],"class_list":{"0":"post-4758","1":"product","2":"type-product","3":"status-publish","4":"has-post-thumbnail","6":"product_cat-clinio-it","7":"pa_diagnonale-21-it","9":"first","10":"instock","11":"shipping-taxable","12":"product-type-simple"},"acf":[],"yoast_head":"<!-- This site is optimized with the Yoast SEO plugin v27.4 - https:\/\/yoast.com\/product\/yoast-seo-wordpress\/ -->\n<title>Reinmedical Clinio 6 D - 21 pollici - Rein Medical<\/title>\n<meta name=\"robots\" content=\"index, follow, max-snippet:-1, max-image-preview:large, max-video-preview:-1\" \/>\n<link rel=\"canonical\" href=\"https:\/\/reinmedical.com\/it\/produkt\/reinmedical-clinio-6-d-21-pollici\/\" \/>\n<meta property=\"og:locale\" content=\"it_IT\" \/>\n<meta property=\"og:type\" content=\"article\" \/>\n<meta property=\"og:title\" content=\"Reinmedical Clinio 6 D - 21 pollici - Rein Medical\" \/>\n<meta property=\"og:description\" content=\"Reinmedical Clinio \u00e8 un innovativo panel PC all-in-one per uso clinico che consente di accedere rapidamente ai dati e alle applicazioni dei pazienti. Grazie al suo design elegante e alla struttura robusta, offre una tecnologia avanzata e un funzionamento semplice per un&#039;assistenza efficiente ai pazienti.   Hot-topic1  Hot-topic2  Hot-topic3  Hot-topic4 &nbsp; &nbsp;\" \/>\n<meta property=\"og:url\" content=\"https:\/\/reinmedical.com\/it\/produkt\/reinmedical-clinio-6-d-21-pollici\/\" \/>\n<meta property=\"og:site_name\" content=\"Rein Medical\" \/>\n<meta property=\"og:image\" content=\"https:\/\/reinmedical.com\/wp-content\/uploads\/2024\/01\/header-clinio-c-1024x576.png\" \/>\n\t<meta property=\"og:image:width\" content=\"1024\" \/>\n\t<meta property=\"og:image:height\" content=\"576\" \/>\n\t<meta property=\"og:image:type\" content=\"image\/png\" \/>\n<meta name=\"twitter:card\" content=\"summary_large_image\" \/>\n<meta name=\"twitter:label1\" content=\"Tempo di lettura stimato\" \/>\n\t<meta name=\"twitter:data1\" content=\"5 minuti\" \/>\n<script type=\"application\/ld+json\" class=\"yoast-schema-graph\">{\"@context\":\"https:\\\/\\\/schema.org\",\"@graph\":[{\"@type\":\"WebPage\",\"@id\":\"https:\\\/\\\/reinmedical.com\\\/it\\\/produkt\\\/reinmedical-clinio-6-d-21-pollici\\\/\",\"url\":\"https:\\\/\\\/reinmedical.com\\\/it\\\/produkt\\\/reinmedical-clinio-6-d-21-pollici\\\/\",\"name\":\"Reinmedical Clinio 6 D - 21 pollici - Rein Medical\",\"isPartOf\":{\"@id\":\"https:\\\/\\\/reinmedical.com\\\/it\\\/#website\"},\"primaryImageOfPage\":{\"@id\":\"https:\\\/\\\/reinmedical.com\\\/it\\\/produkt\\\/reinmedical-clinio-6-d-21-pollici\\\/#primaryimage\"},\"image\":{\"@id\":\"https:\\\/\\\/reinmedical.com\\\/it\\\/produkt\\\/reinmedical-clinio-6-d-21-pollici\\\/#primaryimage\"},\"thumbnailUrl\":\"https:\\\/\\\/reinmedical.com\\\/wp-content\\\/uploads\\\/2024\\\/01\\\/header-clinio-c.png\",\"datePublished\":\"2024-02-16T16:46:32+00:00\",\"breadcrumb\":{\"@id\":\"https:\\\/\\\/reinmedical.com\\\/it\\\/produkt\\\/reinmedical-clinio-6-d-21-pollici\\\/#breadcrumb\"},\"inLanguage\":\"it-IT\",\"potentialAction\":[{\"@type\":\"ReadAction\",\"target\":[\"https:\\\/\\\/reinmedical.com\\\/it\\\/produkt\\\/reinmedical-clinio-6-d-21-pollici\\\/\"]}]},{\"@type\":\"ImageObject\",\"inLanguage\":\"it-IT\",\"@id\":\"https:\\\/\\\/reinmedical.com\\\/it\\\/produkt\\\/reinmedical-clinio-6-d-21-pollici\\\/#primaryimage\",\"url\":\"https:\\\/\\\/reinmedical.com\\\/wp-content\\\/uploads\\\/2024\\\/01\\\/header-clinio-c.png\",\"contentUrl\":\"https:\\\/\\\/reinmedical.com\\\/wp-content\\\/uploads\\\/2024\\\/01\\\/header-clinio-c.png\",\"width\":3200,\"height\":1800},{\"@type\":\"BreadcrumbList\",\"@id\":\"https:\\\/\\\/reinmedical.com\\\/it\\\/produkt\\\/reinmedical-clinio-6-d-21-pollici\\\/#breadcrumb\",\"itemListElement\":[{\"@type\":\"ListItem\",\"position\":1,\"name\":\"Startseite\",\"item\":\"https:\\\/\\\/reinmedical.com\\\/it\\\/casa\\\/\"},{\"@type\":\"ListItem\",\"position\":2,\"name\":\"Negozio\",\"item\":\"https:\\\/\\\/reinmedical.com\\\/shop\\\/\"},{\"@type\":\"ListItem\",\"position\":3,\"name\":\"Reinmedical Clinio 6 D &#8211; 21 pollici\"}]},{\"@type\":\"WebSite\",\"@id\":\"https:\\\/\\\/reinmedical.com\\\/it\\\/#website\",\"url\":\"https:\\\/\\\/reinmedical.com\\\/it\\\/\",\"name\":\"Rein Medical\",\"description\":\"\",\"potentialAction\":[{\"@type\":\"SearchAction\",\"target\":{\"@type\":\"EntryPoint\",\"urlTemplate\":\"https:\\\/\\\/reinmedical.com\\\/it\\\/?s={search_term_string}\"},\"query-input\":{\"@type\":\"PropertyValueSpecification\",\"valueRequired\":true,\"valueName\":\"search_term_string\"}}],\"inLanguage\":\"it-IT\"}]}<\/script>\n<!-- \/ Yoast SEO plugin. -->","yoast_head_json":{"title":"Reinmedical Clinio 6 D - 21 pollici - Rein Medical","robots":{"index":"index","follow":"follow","max-snippet":"max-snippet:-1","max-image-preview":"max-image-preview:large","max-video-preview":"max-video-preview:-1"},"canonical":"https:\/\/reinmedical.com\/it\/produkt\/reinmedical-clinio-6-d-21-pollici\/","og_locale":"it_IT","og_type":"article","og_title":"Reinmedical Clinio 6 D - 21 pollici - Rein Medical","og_description":"Reinmedical Clinio \u00e8 un innovativo panel PC all-in-one per uso clinico che consente di accedere rapidamente ai dati e alle applicazioni dei pazienti. Grazie al suo design elegante e alla struttura robusta, offre una tecnologia avanzata e un funzionamento semplice per un'assistenza efficiente ai pazienti.   Hot-topic1  Hot-topic2  Hot-topic3  Hot-topic4 &nbsp; &nbsp;","og_url":"https:\/\/reinmedical.com\/it\/produkt\/reinmedical-clinio-6-d-21-pollici\/","og_site_name":"Rein Medical","og_image":[{"width":1024,"height":576,"url":"https:\/\/reinmedical.com\/wp-content\/uploads\/2024\/01\/header-clinio-c-1024x576.png","type":"image\/png"}],"twitter_card":"summary_large_image","twitter_misc":{"Tempo di lettura stimato":"5 minuti"},"schema":{"@context":"https:\/\/schema.org","@graph":[{"@type":"WebPage","@id":"https:\/\/reinmedical.com\/it\/produkt\/reinmedical-clinio-6-d-21-pollici\/","url":"https:\/\/reinmedical.com\/it\/produkt\/reinmedical-clinio-6-d-21-pollici\/","name":"Reinmedical Clinio 6 D - 21 pollici - Rein Medical","isPartOf":{"@id":"https:\/\/reinmedical.com\/it\/#website"},"primaryImageOfPage":{"@id":"https:\/\/reinmedical.com\/it\/produkt\/reinmedical-clinio-6-d-21-pollici\/#primaryimage"},"image":{"@id":"https:\/\/reinmedical.com\/it\/produkt\/reinmedical-clinio-6-d-21-pollici\/#primaryimage"},"thumbnailUrl":"https:\/\/reinmedical.com\/wp-content\/uploads\/2024\/01\/header-clinio-c.png","datePublished":"2024-02-16T16:46:32+00:00","breadcrumb":{"@id":"https:\/\/reinmedical.com\/it\/produkt\/reinmedical-clinio-6-d-21-pollici\/#breadcrumb"},"inLanguage":"it-IT","potentialAction":[{"@type":"ReadAction","target":["https:\/\/reinmedical.com\/it\/produkt\/reinmedical-clinio-6-d-21-pollici\/"]}]},{"@type":"ImageObject","inLanguage":"it-IT","@id":"https:\/\/reinmedical.com\/it\/produkt\/reinmedical-clinio-6-d-21-pollici\/#primaryimage","url":"https:\/\/reinmedical.com\/wp-content\/uploads\/2024\/01\/header-clinio-c.png","contentUrl":"https:\/\/reinmedical.com\/wp-content\/uploads\/2024\/01\/header-clinio-c.png","width":3200,"height":1800},{"@type":"BreadcrumbList","@id":"https:\/\/reinmedical.com\/it\/produkt\/reinmedical-clinio-6-d-21-pollici\/#breadcrumb","itemListElement":[{"@type":"ListItem","position":1,"name":"Startseite","item":"https:\/\/reinmedical.com\/it\/casa\/"},{"@type":"ListItem","position":2,"name":"Negozio","item":"https:\/\/reinmedical.com\/shop\/"},{"@type":"ListItem","position":3,"name":"Reinmedical Clinio 6 D &#8211; 21 pollici"}]},{"@type":"WebSite","@id":"https:\/\/reinmedical.com\/it\/#website","url":"https:\/\/reinmedical.com\/it\/","name":"Rein Medical","description":"","potentialAction":[{"@type":"SearchAction","target":{"@type":"EntryPoint","urlTemplate":"https:\/\/reinmedical.com\/it\/?s={search_term_string}"},"query-input":{"@type":"PropertyValueSpecification","valueRequired":true,"valueName":"search_term_string"}}],"inLanguage":"it-IT"}]}},"_links":{"self":[{"href":"https:\/\/reinmedical.com\/it\/wp-json\/wp\/v2\/product\/4758","targetHints":{"allow":["GET"]}}],"collection":[{"href":"https:\/\/reinmedical.com\/it\/wp-json\/wp\/v2\/product"}],"about":[{"href":"https:\/\/reinmedical.com\/it\/wp-json\/wp\/v2\/types\/product"}],"wp:featuredmedia":[{"embeddable":true,"href":"https:\/\/reinmedical.com\/it\/wp-json\/wp\/v2\/media\/2151"}],"wp:attachment":[{"href":"https:\/\/reinmedical.com\/it\/wp-json\/wp\/v2\/media?parent=4758"}],"wp:term":[{"taxonomy":"product_brand","embeddable":true,"href":"https:\/\/reinmedical.com\/it\/wp-json\/wp\/v2\/product_brand?post=4758"},{"taxonomy":"product_cat","embeddable":true,"href":"https:\/\/reinmedical.com\/it\/wp-json\/wp\/v2\/product_cat?post=4758"},{"taxonomy":"product_tag","embeddable":true,"href":"https:\/\/reinmedical.com\/it\/wp-json\/wp\/v2\/product_tag?post=4758"}],"curies":[{"name":"wp","href":"https:\/\/api.w.org\/{rel}","templated":true}]}}