{"id":8045,"date":"2025-08-01T06:59:23","date_gmt":"2025-08-01T06:59:23","guid":{"rendered":"https:\/\/reinmedical.com\/gtc\/"},"modified":"2026-04-01T06:14:41","modified_gmt":"2026-04-01T06:14:41","slug":"gtc","status":"publish","type":"page","link":"https:\/\/reinmedical.com\/it\/gtc\/","title":{"rendered":"GTC"},"content":{"rendered":"<p><div class=\"fusion-fullwidth fullwidth-box fusion-builder-row-1 fusion-flex-container has-pattern-background has-mask-background fusion-parallax-none nonhundred-percent-fullwidth non-hundred-percent-height-scrolling lazyload gradient-container-1\" style=\"--awb-border-radius-top-left:0px;--awb-border-radius-top-right:0px;--awb-border-radius-bottom-right:0px;--awb-border-radius-bottom-left:0px;--awb-min-height:500px;--awb-background-size:cover;--awb-flex-wrap:wrap;\" data-bg=\"https:\/\/reinmedical.com\/wp-content\/uploads\/2024\/01\/header-s-1600.jpg\" ><div class=\"fusion-builder-row fusion-row fusion-flex-align-items-center fusion-flex-align-content-center fusion-flex-content-wrap\" style=\"max-width:1248px;margin-left: calc(-4% \/ 2 );margin-right: calc(-4% \/ 2 );\"><div class=\"fusion-layout-column fusion_builder_column fusion-builder-column-0 fusion_builder_column_1_1 1_1 fusion-flex-column\" style=\"--awb-bg-size:cover;--awb-width-large:100%;--awb-margin-top-large:0px;--awb-spacing-right-large:1.92%;--awb-margin-bottom-large:20px;--awb-spacing-left-large:1.92%;--awb-width-medium:100%;--awb-order-medium:0;--awb-spacing-right-medium:1.92%;--awb-spacing-left-medium:1.92%;--awb-width-small:100%;--awb-order-small:0;--awb-spacing-right-small:1.92%;--awb-spacing-left-small:1.92%;\"><div class=\"fusion-column-wrapper fusion-column-has-shadow fusion-flex-justify-content-flex-start fusion-content-layout-column\"><div class=\"fusion-text fusion-text-1\"><h1 style=\"text-align: center;\"><span style=\"color: #ffffff;\">AGB<\/span><\/h1>\n<\/div><\/div><\/div><\/div><\/div><div class=\"fusion-fullwidth fullwidth-box fusion-builder-row-2 fusion-flex-container has-pattern-background has-mask-background nonhundred-percent-fullwidth non-hundred-percent-height-scrolling gradient-container-2\" style=\"--awb-border-radius-top-left:0px;--awb-border-radius-top-right:0px;--awb-border-radius-bottom-right:0px;--awb-border-radius-bottom-left:0px;--awb-margin-top:50px;--awb-flex-wrap:wrap;\" ><div class=\"fusion-builder-row fusion-row fusion-flex-align-items-flex-start fusion-flex-content-wrap\" style=\"max-width:1248px;margin-left: calc(-4% \/ 2 );margin-right: calc(-4% \/ 2 );\"><div class=\"fusion-layout-column fusion_builder_column fusion-builder-column-1 fusion_builder_column_1_1 1_1 fusion-flex-column\" style=\"--awb-bg-size:cover;--awb-width-large:100%;--awb-margin-top-large:0px;--awb-spacing-right-large:1.92%;--awb-margin-bottom-large:20px;--awb-spacing-left-large:1.92%;--awb-width-medium:100%;--awb-order-medium:0;--awb-spacing-right-medium:1.92%;--awb-spacing-left-medium:1.92%;--awb-width-small:100%;--awb-order-small:0;--awb-spacing-right-small:1.92%;--awb-spacing-left-small:1.92%;\"><div class=\"fusion-column-wrapper fusion-column-has-shadow fusion-flex-justify-content-flex-start fusion-content-layout-column\"><div class=\"fusion-text fusion-text-2\"><h2>I NOSTRI TERMINI E CONDIZIONI GENERALI<\/h2>\n<p>1. GENERALE<\/p>\n<p>1. GENERALI<br \/>\na.) Le presenti Condizioni Generali di Vendita (CGV) costituiscono la base di tutte le nostre offerte,<br \/>\nconsegne e servizi.<br \/>\nb.) Tutti i contratti sono stipulati con Rein Medical GmbH, Monforts Quartier 23, 41238 M\u00f6nchengladbach, Germania, rappresentata dagli amministratori delegati Dr Markus Keussen e Dr Peter Kohrs (Tribunale di M\u00f6nchengladbach, HRB 15810, Partita IVA: DE811604837, WEEE Reg. No.: DE 59730470) esclusivamente in conformit\u00e0 ai presenti termini e condizioni. Eventuali altri termini e condizioni si applicheranno solo se riconosciuti da noi per iscritto. L&#8217;accettazione del nostro servizio sar\u00e0 considerata come accettazione dei nostri Termini e Condizioni Generali, anche se l&#8217;acquirente conferma il nostro servizio con termini e condizioni diversi.<br \/>\nc.) Queste CG si applicano solo a imprenditori, persone giuridiche di diritto pubblico e<br \/>\nfondi speciali di diritto pubblico.<\/p>\n<p>2. CONCLUSIONE DEL CONTRATTO<\/p>\n<p>a.) Le nostre offerte sono soggette a modifiche. Tutti i contratti saranno validi solo dopo la nostra conferma. Gli impegni verbali assunti da rappresentanti e dipendenti sono vincolanti solo se confermati da noi per iscritto.<br \/>\nb.) Il contratto \u00e8 concluso solo se confermiamo per iscritto l&#8217;ordine effettuato entro 4 settimane o con la consegna della merce.<br \/>\nc.) Le informazioni contenute nelle brochure, nelle offerte e nei documenti scritti sui nostri prodotti, in particolare le dimensioni e i dati tecnici, sono solo indicative e approssimative; non costituiscono una garanzia di qualit\u00e0, a meno che la garanzia non sia fornita espressamente e per iscritto.<br \/>\nd.) Ci riserviamo i diritti di propriet\u00e0 e di copyright su campioni, disegni, descrizioni, ecc. anche in formato elettronico. Questi non possono essere resi accessibili a terzi senza la nostra autorizzazione e devono esserci restituiti immediatamente su richiesta.<\/p>\n<p>3. PREZZI, PAGAMENTI<\/p>\n<p>a.) In assenza di un accordo speciale, i prezzi si intendono franco fabbrica pi\u00f9 IVA all&#8217;aliquota applicabile (attualmente 19%), carico, imballaggio, trasporto, spese postali e scarico. Se non diversamente concordato, il cliente dovr\u00e0 sostenere anche i costi dell&#8217;assicurazione da noi stipulata per un importo pari al 5 \u2030 del valore della merce.<br \/>\nb.) Se non espressamente concordato per iscritto, tutte le fatture sono immediatamente esigibili senza alcuna detrazione.<\/p>\n<p>d.) L&#8217;acquirente avr\u00e0 diritto alla compensazione solo se le sue contropretese sono state legalmente stabilite o riconosciute da noi.<br \/>\ne.) Avremo il diritto di compensare tutti i pagamenti effettuati dal cliente con i crediti pi\u00f9 vecchi, anche se il cliente ha stipulato diversamente. Se l&#8217;Acquirente non adempie ai suoi obblighi di pagamento alla data di scadenza, potremo &#8211; senza rinunciare a qualsiasi altro diritto e rivendicazione a cui potremmo avere diritto &#8211; a nostra discrezione risolvere il contratto, sospendere ulteriori consegne all&#8217;Acquirente e\/o addebitare all&#8217;Acquirente interessi sull&#8217;importo non pagato a un tasso dell&#8217;8% annuo al di sopra del tasso di base della Banca Centrale Europea, sospendere ulteriori consegne all&#8217;Acquirente e\/o addebitare all&#8217;Acquirente interessi sull&#8217;importo non pagato in conformit\u00e0 alla Sezione 288 (2) BGB.<br \/>\nf.) Se l&#8217;acquirente non \u00e8 in regola con i pagamenti, avremo anche il diritto di recedere dal contratto e di chiedere il risarcimento dei danni per inadempimento.<br \/>\ng.) Se \u00e8 stato concordato che l&#8217;acquirente pu\u00f2 acquistare la merce in acconto, avremo comunque il diritto di subordinare la consegna o l&#8217;ulteriore consegna all&#8217;acquirente al pagamento anticipato o alla costituzione di una garanzia se risulta che non \u00e8 possibile ottenere una nota di copertura da una societ\u00e0 di assicurazione del credito per la consegna all&#8217;acquirente. Se l&#8217;acquirente non ottempera a tale richiesta di pagamento anticipato o di costituzione di una garanzia entro un periodo di tempo ragionevole, potremo recedere dal contratto.<br \/>\nh.) Qualora si venisse a conoscenza di circostanze che facciano sorgere dubbi sulla solvibilit\u00e0 o sull&#8217;affidabilit\u00e0 creditizia dell&#8217;Acquirente, avremo il diritto di richiedere il pagamento immediato di tutti gli importi delle fatture in sospeso &#8211; compresi gli importi differiti &#8211; e di effettuare ulteriori consegne all&#8217;Acquirente subordinandole al pagamento anticipato o alla costituzione di una garanzia. Se l&#8217;acquirente non ottempera a tale richiesta entro un periodo di tempo ragionevole, potremo, a nostra discrezione, richiedere un risarcimento e\/o recedere dal contratto.<\/p>\n<p>4. CONSEGNE E RITARDI NELLE CONSEGNE<\/p>\n<p>a.) Se non espressamente concordato diversamente, tutti i periodi di consegna e i tempi di consegna sono soggetti a modifiche. Gli accordi su un periodo di consegna vincolante devono essere stipulati per iscritto e sono generalmente indicati espressamente come &#8220;periodo di consegna vincolante&#8221;.<br \/>\nb.) Il periodo di consegna inizier\u00e0 a decorrere dalla data di conferma dell&#8217;ordine, ma non prima di aver chiarito tutti i dettagli dell&#8217;ordine, aver concordato il ricevimento di documenti e\/o pagamenti anticipati e aver fornito i necessari certificati ufficiali nazionali o esteri.<br \/>\nc.) I termini e le date di consegna si riferiscono al momento della spedizione dallo stabilimento o dal magazzino del fornitore. Si considerano rispettati al momento della notifica di disponibilit\u00e0 alla spedizione se la merce non pu\u00f2 essere spedita in tempo senza alcuna colpa da parte nostra.<br \/>\nd.) Anche se \u00e8 stato concordato un termine di consegna fisso o una data di consegna fissa, ci deve essere concesso un ragionevole periodo di tolleranza se siamo inadempienti. e.) Se il periodo di tolleranza scade senza risultati, l&#8217;acquirente pu\u00f2 recedere dal contratto per la quantit\u00e0 che non \u00e8 stata dichiarata pronta per la spedizione entro la fine del periodo di tolleranza.<br \/>\nf.) Non saremo responsabili per ritardi o omissioni di consegna causati da un fornitore a monte se non siamo responsabili. In particolare, se la merce \u00e8 stata ordinata in tempo utile da un subfornitore, il nostro obbligo di consegna non decorrer\u00e0 prima che noi stessi abbiamo ricevuto la consegna; informeremo il cliente del termine per l&#8217;autoconsegna e di eventuali ritardi da parte del nostro subfornitore. I termini di consegna saranno prorogati &#8211; fatti salvi i nostri diritti derivanti da inadempienze da parte dell&#8217;acquirente &#8211; per il periodo di tempo in cui l&#8217;acquirente \u00e8 inadempiente rispetto ai suoi obblighi nei nostri confronti derivanti da questo o altri acquisti. La forza maggiore e le circostanze di cui non siamo responsabili ci daranno il diritto di posticipare la consegna per la durata dell&#8217;impedimento o per un ragionevole periodo di avviamento o di recedere dal contratto in tutto o in parte a causa della parte del contratto non ancora soddisfatta. L&#8217;acquirente pu\u00f2 richiedere una dichiarazione da parte nostra in merito alla nostra intenzione di recedere dal contratto o di effettuare la consegna entro un periodo di tempo ragionevole. Se non rilasciamo una dichiarazione, l&#8217;acquirente pu\u00f2 recedere dal contratto.<br \/>\ng.) L&#8217;Acquirente avr\u00e0 diritto a richieste di risarcimento per danni dovuti a ritardi solo se la nostra responsabilit\u00e0 non \u00e8 esclusa ai sensi del punto 8 dei presenti Termini e Condizioni Generali.<\/p>\n<p>5. TRASFERIMENTO DEL RISCHIO E SPEDIZIONE<\/p>\n<p>a.) Il rischio di danneggiamento o perdita della merce passa all&#8217;acquirente nel momento in cui la merce viene consegnata a uno spedizioniere o a un vettore, ma al pi\u00f9 tardi quando lascia il magazzino o lo stabilimento fornitore, per tutte le transazioni, comprese le consegne. Tuttavia, il trasporto della merce \u00e8 assicurato da noi come spiegato nel paragrafo 3a.<br \/>\nb.) Se l&#8217;acquirente ha stipulato personalmente un&#8217;assicurazione per il trasporto e ci ha informato per iscritto, non saremo tenuti a stipulare un&#8217;assicurazione o a pagare i costi elencati nel paragrafo 3a.<br \/>\nc.) Siamo autorizzati a effettuare consegne parziali in misura ragionevole.<br \/>\nd.) I costi aggiuntivi per la consegna espressa e per la consegna rapida, effettuata su richiesta dell&#8217;acquirente, sono a carico dell&#8217;acquirente.<\/p>\n<p>6. RISERVA DI PROPRIET\u00c0<\/p>\n<p>a.) La merce rimarr\u00e0 di nostra propriet\u00e0 fino a quando non saranno soddisfatte tutte le richieste presenti e future derivanti dai rapporti commerciali con l&#8217;acquirente.<br \/>\nb.) L&#8217;acquirente \u00e8 tenuto a conservare ed etichettare separatamente i beni di nostra propriet\u00e0 (beni riservati).<br \/>\nc.) L&#8217;Acquirente deve immagazzinare i nostri beni riservati separatamente ed etichettarli chiaramente. L&#8217;acquirente \u00e8 tenuto a trattare con cura i beni acquistati; in particolare, \u00e8 tenuto ad assicurarli adeguatamente a proprie spese contro i danni da incendio, acqua e furto al valore di sostituzione. I prodotti o le merci consegnate da Rein Medical GmbH devono essere conservati correttamente dall&#8217;acquirente.<br \/>\nd.) Se la nostra merce sottoposta a riserva di propriet\u00e0 viene lavorata o mescolata, miscelata o combinata con altri articoli non di nostra propriet\u00e0, acquisiremo la compropriet\u00e0 del nuovo articolo nel rapporto tra il valore dell&#8217;articolo acquistato e gli altri articoli lavorati al momento della lavorazione. Per tutti gli altri aspetti, l&#8217;articolo creato dalla lavorazione sar\u00e0 uguale all&#8217;articolo acquistato consegnato con riserva di propriet\u00e0. La merce sottoposta a riserva di propriet\u00e0 pu\u00f2 essere venduta solo nel corso della normale attivit\u00e0 commerciale.<br \/>\ne.) Non sono consentite altre disposizioni, in particolare pegni e trasferimenti di propriet\u00e0 a titolo di garanzia dei beni soggetti a riserva di propriet\u00e0. L&#8217;acquirente ci cede in anticipo l&#8217;intero importo di tutti i crediti a cui ha diritto in relazione alla merce sottoposta a riserva di propriet\u00e0 o per altri motivi legali; in caso di compropriet\u00e0, la cessione riguarder\u00e0 solo la quota di credito corrispondente alla nostra compropriet\u00e0. La rivendita \u00e8 consentita solo se questa cessione \u00e8 garantita.<br \/>\nf.) L&#8217;acquirente \u00e8 autorizzato a riscuotere i crediti ceduti nel corso della normale attivit\u00e0 commerciale e solo a titolo revocatorio. Su nostra richiesta, dovr\u00e0 notificare la cessione ai suoi debitori. Possiamo anche effettuare questa notifica in qualsiasi momento.<br \/>\ng.) L&#8217;autorizzazione dell&#8217;acquirente a disporre della merce sottoposta a riserva di propriet\u00e0 e a lavorarla, trasformarla, combinarla, mescolarla e miscelarla, nonch\u00e9 a riscuotere i crediti ceduti, decadr\u00e0 in caso di mancato rispetto dei termini di pagamento, di disposizioni non autorizzate, di protesti di cambiali e assegni e anche nel caso in cui sia stata richiesta una procedura di insolvenza nei confronti dell&#8217;acquirente o nel caso in cui venissimo a conoscenza di un significativo deterioramento della sua situazione finanziaria. In questi casi, avremo il diritto di prendere immediatamente possesso della merce sottoposta a riservato dominio, di entrare nei locali dell&#8217;acquirente a tale scopo, di richiedere informazioni adeguate sulla merce sottoposta a riservato dominio e su eventuali crediti derivanti dalla sua rivendita e di ispezionare i libri contabili dell&#8217;acquirente nella misura in cui ci\u00f2 serva a garantire i nostri diritti.<br \/>\nh.) Inoltre, abbiamo il diritto di vietare espressamente la lavorazione e qualsiasi modifica dei beni consegnati soggetti a riserva di propriet\u00e0 e di revocare le autorizzazioni al ritiro e di notificare a terzi il divieto e la revoca. I costi del ritiro o della restituzione o del trasferimento del possesso indiretto dei beni consegnati soggetti a riserva di propriet\u00e0 saranno a carico dell&#8217;Acquirente.<br \/>\ni.) Se e nella misura in cui la registrazione e\/o l&#8217;adempimento di altri requisiti sono un prerequisito per l&#8217;efficacia della presente riserva di propriet\u00e0, l&#8217;Acquirente, senza pregiudizio per la nostra autorit\u00e0, sar\u00e0 obbligato a intraprendere tutte le azioni necessarie e ad effettuare tutte le notifiche necessarie senza indugio e a proprie spese. Se e nella misura in cui l&#8217;ordinamento giuridico pertinente non consente l&#8217;accordo di una riserva di propriet\u00e0, l&#8217;Acquirente dovr\u00e0 fornirci altre garanzie adeguate quando utilizza un credito per la merce.<br \/>\nj.) In caso di sequestri o altri interventi da parte di terzi, l&#8217;acquirente deve informare immediatamente il venditore affinch\u00e9 quest&#8217;ultimo possa intraprendere azioni legali. Se l&#8217;acquirente non adempie a tale obbligo, sar\u00e0 responsabile dei danni subiti.<br \/>\nk.) Il venditore si impegna a svincolare i titoli a cui ha diritto su richiesta dell&#8217;acquirente nella misura in cui il valore realizzabile dei titoli superi i crediti a cui il venditore ha diritto. La scelta dei titoli da svincolare spetter\u00e0 al venditore.<\/p>\n<p>7. AVVISO DI DIFETTI E GARANZIA<\/p>\n<p>a.) L&#8217;Acquirente dovr\u00e0 ispezionare la merce e l&#8217;imballaggio immediatamente dopo la consegna. In particolare, l&#8217;Acquirente dovr\u00e0 aprire e ispezionare singoli campioni della merce. L&#8217;Acquirente dovr\u00e0 notificarci per iscritto tutti i difetti riconoscibili, gli ammanchi o le consegne errate entro cinque giorni lavorativi dalla consegna, ma in ogni caso prima della rivendita, dell&#8217;uso o della lavorazione. I difetti nascosti devono essere segnalati per iscritto dall&#8217;Acquirente immediatamente dopo la loro scoperta.<br \/>\nb.) La nostra responsabilit\u00e0 legale per i difetti sar\u00e0 limitata all&#8217;adempimento successivo, ossia, a nostra discrezione, alla correzione dei difetti o alla consegna sostitutiva. L&#8217;acquirente deve darci sufficienti opportunit\u00e0 per l&#8217;adempimento successivo; in caso contrario saremo esonerati dalla responsabilit\u00e0 per le conseguenze che ne derivano. Solo in casi urgenti, ad esempio per garantire la sicurezza operativa o per evitare danni sproporzionati, il cliente pu\u00f2 eliminare il difetto da solo o farlo eliminare da terzi e chiedere a noi un risarcimento per le spese necessarie. In ogni caso, il cliente deve restituirci le parti sostituite.<br \/>\nc.) Se l&#8217;adempimento successivo non \u00e8 andato a buon fine, il cliente ha il diritto di ridurre il corrispettivo o &#8211; in caso di difetti significativi &#8211; di recedere dal contratto.<br \/>\nd.) Nel caso di beni o servizi di nuova produzione, siamo responsabili per un anno dalla consegna; nel caso di vendita di prodotti usati, la nostra responsabilit\u00e0 \u00e8 generalmente esclusa.<br \/>\ne.) Sono esclusi i reclami dell&#8217;acquirente per l&#8217;esecuzione degli acquisti di copertura in caso di mancata consegna.<br \/>\nf.) Sono esclusi ulteriori reclami dell&#8217;acquirente dovuti a difetti diversi da quelli indicati nei paragrafi da b.) a e.). Pertanto, non siamo responsabili per i danni che non si sono verificati al prodotto stesso e non per altre perdite finanziarie del cliente.<br \/>\ng.) La nostra responsabilit\u00e0 ai sensi del n. 8 dei presenti Termini e Condizioni Generali non \u00e8 limitata dai precedenti paragrafi da b.) a f.).<\/p>\n<p>8. RESPONSABILIT\u00c0<\/p>\n<p>a.) La nostra responsabilit\u00e0 si estende al fatto che i nostri prodotti siano privi di difetti in conformit\u00e0 allo stato dell&#8217;arte. La nostra responsabilit\u00e0 \u00e8 esclusa nel caso in cui i nostri prodotti siano conservati o utilizzati in modo improprio dall&#8217;acquirente o da terzi, in caso di usura naturale, manipolazione o lavorazione impropria, utilizzo di materiali operativi non idonei e in caso di danni causati da lavori eseguiti da terzi che non siano stati espressamente autorizzati da noi.<br \/>\nb.) La nostra responsabilit\u00e0, a prescindere dai motivi legali, sar\u00e0 limitata al dolo, alla colpa grave e alla semplice negligenza in caso di violazione di un obbligo contrattuale sostanziale da parte nostra o dei nostri agenti vicari. In caso di semplice negligenza, saremo responsabili solo per i danni prevedibili e tipici dovuti all&#8217;uso contrattuale dei beni.<br \/>\nc.) Tutte le limitazioni di responsabilit\u00e0 elencate in questi termini e condizioni non si applicano a lesioni personali, a danni causati dall&#8217;assenza di una qualit\u00e0 da noi garantita o a reclami ai sensi della legge sulla responsabilit\u00e0 dei prodotti.<\/p>\n<p>9. FORMA SCRITTA, INVALIDIT\u00c0 PARZIALE<\/p>\n<p>a.) Le modifiche, le integrazioni o la cancellazione concordata del presente contratto devono essere effettuate possibilmente per iscritto. Le notifiche via fax o altri mezzi di trasmissione elettronica soddisfano il requisito della forma scritta. Lo stesso vale per altre dichiarazioni delle parti contraenti che sono necessarie per stabilire, mantenere o esercitare i loro diritti, in particolare le notifiche di difetti, la fissazione di scadenze o le dichiarazioni unilaterali di cancellazione.<br \/>\nb.) Se una disposizione \u00e8 o diventa nulla o inefficace, ci\u00f2 non pregiudica la validit\u00e0 delle altre disposizioni.<\/p>\n<p>10. LUOGO DI ADEMPIMENTO, FORO COMPETENTE, LEGGE APPLICABILE<\/p>\n<p>a.) Il luogo di adempimento per gli obblighi di pagamento dell&#8217;Acquirente e per i nostri obblighi \u00e8 M\u00f6nchengladbach.<br \/>\nb.) Il foro competente per le controversie derivanti da e in relazione al presente contratto sar\u00e0 M\u00f6nchengladbach. Tuttavia, avremo il diritto, a nostra discrezione, di intentare azioni contro l&#8217;Acquirente presso il foro competente generale dell&#8217;Acquirente.<br \/>\nc.) La legge della Repubblica Federale di Germania si applicher\u00e0 a tutti i rapporti legali tra l&#8217;Acquirente e noi. La Convenzione delle Nazioni Unite sui contratti di vendita internazionale di beni mobili (CISG) \u00e8 esclusa.<\/p>\n<p>d.) Le lettere a.) e b.) della presente clausola si applicano solo se l&#8217;acquirente \u00e8 una delle persone menzionate nella Sezione 38 (1) dello ZPO.<\/p>\n<\/div><\/div><\/div><\/div><\/div><\/p>\n","protected":false},"excerpt":{"rendered":"","protected":false},"author":1,"featured_media":0,"parent":0,"menu_order":0,"comment_status":"closed","ping_status":"closed","template":"100-width.php","meta":{"_acf_changed":false,"inline_featured_image":false,"footnotes":""},"class_list":["post-8045","page","type-page","status-publish","hentry"],"acf":[],"yoast_head":"<!-- This site is optimized with the Yoast SEO plugin v27.5 - https:\/\/yoast.com\/product\/yoast-seo-wordpress\/ -->\n<title>GTC - Rein Medical<\/title>\n<meta name=\"robots\" content=\"index, follow, max-snippet:-1, max-image-preview:large, max-video-preview:-1\" \/>\n<link rel=\"canonical\" href=\"https:\/\/reinmedical.com\/it\/gtc\/\" \/>\n<meta property=\"og:locale\" content=\"it_IT\" \/>\n<meta property=\"og:type\" content=\"article\" \/>\n<meta property=\"og:title\" content=\"GTC - Rein Medical\" \/>\n<meta property=\"og:url\" content=\"https:\/\/reinmedical.com\/it\/gtc\/\" \/>\n<meta property=\"og:site_name\" content=\"Rein Medical\" \/>\n<meta property=\"article:modified_time\" content=\"2026-04-01T06:14:41+00:00\" \/>\n<meta name=\"twitter:card\" content=\"summary_large_image\" \/>\n<meta name=\"twitter:label1\" content=\"Tempo di lettura stimato\" \/>\n\t<meta name=\"twitter:data1\" content=\"19 minuti\" \/>\n<script type=\"application\/ld+json\" class=\"yoast-schema-graph\">{\"@context\":\"https:\\\/\\\/schema.org\",\"@graph\":[{\"@type\":\"WebPage\",\"@id\":\"https:\\\/\\\/reinmedical.com\\\/it\\\/gtc\\\/\",\"url\":\"https:\\\/\\\/reinmedical.com\\\/it\\\/gtc\\\/\",\"name\":\"GTC - Rein Medical\",\"isPartOf\":{\"@id\":\"https:\\\/\\\/reinmedical.com\\\/it\\\/#website\"},\"datePublished\":\"2025-08-01T06:59:23+00:00\",\"dateModified\":\"2026-04-01T06:14:41+00:00\",\"breadcrumb\":{\"@id\":\"https:\\\/\\\/reinmedical.com\\\/it\\\/gtc\\\/#breadcrumb\"},\"inLanguage\":\"it-IT\",\"potentialAction\":[{\"@type\":\"ReadAction\",\"target\":[\"https:\\\/\\\/reinmedical.com\\\/it\\\/gtc\\\/\"]}]},{\"@type\":\"BreadcrumbList\",\"@id\":\"https:\\\/\\\/reinmedical.com\\\/it\\\/gtc\\\/#breadcrumb\",\"itemListElement\":[{\"@type\":\"ListItem\",\"position\":1,\"name\":\"Startseite\",\"item\":\"https:\\\/\\\/reinmedical.com\\\/it\\\/casa\\\/\"},{\"@type\":\"ListItem\",\"position\":2,\"name\":\"GTC\"}]},{\"@type\":\"WebSite\",\"@id\":\"https:\\\/\\\/reinmedical.com\\\/it\\\/#website\",\"url\":\"https:\\\/\\\/reinmedical.com\\\/it\\\/\",\"name\":\"Rein Medical\",\"description\":\"\",\"potentialAction\":[{\"@type\":\"SearchAction\",\"target\":{\"@type\":\"EntryPoint\",\"urlTemplate\":\"https:\\\/\\\/reinmedical.com\\\/it\\\/?s={search_term_string}\"},\"query-input\":{\"@type\":\"PropertyValueSpecification\",\"valueRequired\":true,\"valueName\":\"search_term_string\"}}],\"inLanguage\":\"it-IT\"}]}<\/script>\n<!-- \/ Yoast SEO plugin. -->","yoast_head_json":{"title":"GTC - Rein Medical","robots":{"index":"index","follow":"follow","max-snippet":"max-snippet:-1","max-image-preview":"max-image-preview:large","max-video-preview":"max-video-preview:-1"},"canonical":"https:\/\/reinmedical.com\/it\/gtc\/","og_locale":"it_IT","og_type":"article","og_title":"GTC - Rein Medical","og_url":"https:\/\/reinmedical.com\/it\/gtc\/","og_site_name":"Rein Medical","article_modified_time":"2026-04-01T06:14:41+00:00","twitter_card":"summary_large_image","twitter_misc":{"Tempo di lettura stimato":"19 minuti"},"schema":{"@context":"https:\/\/schema.org","@graph":[{"@type":"WebPage","@id":"https:\/\/reinmedical.com\/it\/gtc\/","url":"https:\/\/reinmedical.com\/it\/gtc\/","name":"GTC - Rein Medical","isPartOf":{"@id":"https:\/\/reinmedical.com\/it\/#website"},"datePublished":"2025-08-01T06:59:23+00:00","dateModified":"2026-04-01T06:14:41+00:00","breadcrumb":{"@id":"https:\/\/reinmedical.com\/it\/gtc\/#breadcrumb"},"inLanguage":"it-IT","potentialAction":[{"@type":"ReadAction","target":["https:\/\/reinmedical.com\/it\/gtc\/"]}]},{"@type":"BreadcrumbList","@id":"https:\/\/reinmedical.com\/it\/gtc\/#breadcrumb","itemListElement":[{"@type":"ListItem","position":1,"name":"Startseite","item":"https:\/\/reinmedical.com\/it\/casa\/"},{"@type":"ListItem","position":2,"name":"GTC"}]},{"@type":"WebSite","@id":"https:\/\/reinmedical.com\/it\/#website","url":"https:\/\/reinmedical.com\/it\/","name":"Rein Medical","description":"","potentialAction":[{"@type":"SearchAction","target":{"@type":"EntryPoint","urlTemplate":"https:\/\/reinmedical.com\/it\/?s={search_term_string}"},"query-input":{"@type":"PropertyValueSpecification","valueRequired":true,"valueName":"search_term_string"}}],"inLanguage":"it-IT"}]}},"_links":{"self":[{"href":"https:\/\/reinmedical.com\/it\/wp-json\/wp\/v2\/pages\/8045","targetHints":{"allow":["GET"]}}],"collection":[{"href":"https:\/\/reinmedical.com\/it\/wp-json\/wp\/v2\/pages"}],"about":[{"href":"https:\/\/reinmedical.com\/it\/wp-json\/wp\/v2\/types\/page"}],"author":[{"embeddable":true,"href":"https:\/\/reinmedical.com\/it\/wp-json\/wp\/v2\/users\/1"}],"replies":[{"embeddable":true,"href":"https:\/\/reinmedical.com\/it\/wp-json\/wp\/v2\/comments?post=8045"}],"version-history":[{"count":8,"href":"https:\/\/reinmedical.com\/it\/wp-json\/wp\/v2\/pages\/8045\/revisions"}],"predecessor-version":[{"id":11578,"href":"https:\/\/reinmedical.com\/it\/wp-json\/wp\/v2\/pages\/8045\/revisions\/11578"}],"wp:attachment":[{"href":"https:\/\/reinmedical.com\/it\/wp-json\/wp\/v2\/media?parent=8045"}],"curies":[{"name":"wp","href":"https:\/\/api.w.org\/{rel}","templated":true}]}}