{"id":4572,"date":"2024-01-19T07:55:59","date_gmt":"2024-01-19T07:55:59","guid":{"rendered":"https:\/\/reinmedical.com\/medicina-e-igiene\/"},"modified":"2024-08-30T15:37:32","modified_gmt":"2024-08-30T15:37:32","slug":"medicina-e-igiene","status":"publish","type":"page","link":"https:\/\/reinmedical.com\/it\/medicina-e-igiene\/","title":{"rendered":"Medicina E igiene"},"content":{"rendered":"<p><div class=\"fusion-fullwidth fullwidth-box fusion-builder-row-1 fusion-flex-container has-pattern-background has-mask-background fusion-parallax-none nonhundred-percent-fullwidth non-hundred-percent-height-scrolling lazyload gradient-container-1\" style=\"--awb-border-radius-top-left:0px;--awb-border-radius-top-right:0px;--awb-border-radius-bottom-right:0px;--awb-border-radius-bottom-left:0px;--awb-min-height:500px;--awb-background-size:cover;--awb-flex-wrap:wrap;\" data-bg=\"https:\/\/reinmedical.com\/wp-content\/uploads\/2024\/01\/header-s-1600.jpg\" ><div class=\"fusion-builder-row fusion-row fusion-flex-align-items-center fusion-flex-align-content-center fusion-flex-content-wrap\" style=\"max-width:1248px;margin-left: calc(-4% \/ 2 );margin-right: calc(-4% \/ 2 );\"><div class=\"fusion-layout-column fusion_builder_column fusion-builder-column-0 fusion_builder_column_1_1 1_1 fusion-flex-column\" style=\"--awb-bg-size:cover;--awb-width-large:100%;--awb-margin-top-large:0px;--awb-spacing-right-large:1.92%;--awb-margin-bottom-large:20px;--awb-spacing-left-large:1.92%;--awb-width-medium:100%;--awb-order-medium:0;--awb-spacing-right-medium:1.92%;--awb-spacing-left-medium:1.92%;--awb-width-small:100%;--awb-order-small:0;--awb-spacing-right-small:1.92%;--awb-spacing-left-small:1.92%;\"><div class=\"fusion-column-wrapper fusion-column-has-shadow fusion-flex-justify-content-flex-start fusion-content-layout-column\"><div class=\"fusion-text fusion-text-1\"><h1 style=\"text-align: center;\"><span style=\"color: #ffffff;\">Medicina E igiene<\/span><\/h1>\n<\/div><\/div><\/div><\/div><\/div><div class=\"fusion-fullwidth fullwidth-box fusion-builder-row-2 fusion-flex-container has-pattern-background has-mask-background nonhundred-percent-fullwidth non-hundred-percent-height-scrolling gradient-container-2\" style=\"--awb-border-radius-top-left:0px;--awb-border-radius-top-right:0px;--awb-border-radius-bottom-right:0px;--awb-border-radius-bottom-left:0px;--awb-margin-top:50px;--awb-flex-wrap:wrap;\" ><div class=\"fusion-builder-row fusion-row fusion-flex-align-items-flex-start fusion-flex-content-wrap\" style=\"max-width:1248px;margin-left: calc(-4% \/ 2 );margin-right: calc(-4% \/ 2 );\"><div class=\"fusion-layout-column fusion_builder_column fusion-builder-column-1 fusion_builder_column_1_1 1_1 fusion-flex-column\" style=\"--awb-bg-size:cover;--awb-width-large:100%;--awb-margin-top-large:0px;--awb-spacing-right-large:1.92%;--awb-margin-bottom-large:20px;--awb-spacing-left-large:1.92%;--awb-width-medium:100%;--awb-order-medium:0;--awb-spacing-right-medium:1.92%;--awb-spacing-left-medium:1.92%;--awb-width-small:100%;--awb-order-small:0;--awb-spacing-right-small:1.92%;--awb-spacing-left-small:1.92%;\"><div class=\"fusion-column-wrapper fusion-column-has-shadow fusion-flex-justify-content-flex-start fusion-content-layout-column\"><div class=\"fusion-text fusion-text-2\"><div id=\"paragraph_118\" class=\"paragraph paragraph_text\">\n<div class=\"slide-in from-bottom image_text_wrapper col-12 col-md-9 offset-md-3 mt-5 visible\">  Il numero di infezioni nosocomiali \u00e8 in aumento  <\/p>\n<h4>GLI INVESTIMENTI NELLA LOTTA ALLE INFEZIONI OSPEDALIERE DANNO I LORO FRUTTI<\/h4>\n<p>  Le infezioni nosocomiali sono diventate un problema riconosciuto a livello globale.<br \/>\nIl loro numero \u00e8 in aumento e gli agenti patogeni, per lo pi\u00f9 batterici, sono sempre pi\u00f9 caratterizzati da un&#8217;elevata resistenza agli antibiotici.<br \/>\nLa probabilit\u00e0 di contrarre un&#8217;infezione nosocomiale in un ospedale tedesco per acuti \u00e8 compresa tra il 5,7% e il 6,3%.<br \/>\nOgni anno, 600.000-700.000 pazienti contraggono infezioni in ospedale.<br \/>\nIl trattamento di queste malattie sta diventando sempre pi\u00f9 difficile e costoso a causa della crescente multi-resistenza degli agenti patogeni.<br \/>\nNell&#8217;1% dei pazienti infetti si verifica il decesso, mentre nel 3-4% l&#8217;infezione nosocomiale contribuisce in modo significativo all&#8217;esito letale.<br \/>\nQualsiasi misura che riduca le infezioni nosocomiali \u00e8 quindi un investimento sensato, sia per il benessere del paziente che per l&#8217;ospedale.<br \/>\nQuesto perch\u00e9 anche i costi di follow-up causati dalle infezioni sono enormi: con una durata media della degenza prolungata di 10 giorni, ci\u00f2 significa 6,4-7 milioni di giorni di ricovero in pi\u00f9 con costi che vanno da 300 milioni a quasi 1 miliardo di euro.<br \/>\nEcco perch\u00e9 le strategie e gli strumenti di prevenzione delle infezioni sono in prima linea nelle misure di garanzia della qualit\u00e0 negli ospedali.          <\/p>\n<h4>ELEVATA PRESENZA NEI MEDIA<\/h4>\n<p>  Il fenomeno della multiresistenza \u00e8 presente in molti gruppi di batteri.<br \/>\nIl termine MRE (patogeni multi-resistenti) comprende termini criptici come specie produttrici di ESBL (beta-lattamasi a spettro esteso), MRPSAE (Pseudomonas aeruginosa multi-resistente), MRSP (Streptococcus pneumoniae multi-resistente), VRE (enterococchi resistenti alla vancomicina) e le diverse varianti di Staphylococcus aureus resistente (MRSA, caMRSA, VISA, GISA).<br \/>\nLo Staphylococcus aureus resistente alla meticillina (MRSA), in particolare, \u00e8 un tema molto sentito negli ospedali e viene spesso discusso dai media.<br \/>\nIl termine di ricerca MRSA conta gi\u00e0 oltre quattro milioni di voci nel principale motore di ricerca Google\u00ae.<br \/>\nMa l&#8217;MRSA non \u00e8 l&#8217;unico rischio.      <\/p>\n<h4>LE MALATTIE NOSOCOMIALI PI\u00d9 COMUNI:<\/h4>\n<ul>\n<li><strong>Infezioni del tratto urinario<\/strong><\/li>\n<li><strong>Infezioni del tratto respiratorio<\/strong><\/li>\n<li><strong>infezioni della ferita post-operatoria<\/strong><\/li>\n<li><strong>Avvelenamento del sangue (setticemia)<\/strong><\/li>\n<li><strong>Infezioni del tratto gastrointestinale<\/strong><\/li>\n<\/ul>\n<p>  I pazienti si infettano con particolare frequenza durante le operazioni con ferite di grandi dimensioni.<br \/>\nQuesto perch\u00e9 gli agenti patogeni hanno vita particolarmente facile in quelle zone.<br \/>\nTuttavia, \u00e8 probabile che il 5% dei pazienti si infetti anche al momento del ricovero in ospedale.<br \/>\nIl motivo del successo degli agenti patogeni \u00e8 in gran parte dovuto all&#8217;eccessiva e spesso inappropriata somministrazione di antibiotici in Germania negli ultimi 20 anni.<br \/>\nIl risultato \u00e8 la selezione e la generazione di specie altamente resistenti, che si diffondono facilmente a causa di sistemi igienici non rispettati o adottati solo in modo frammentario.<br \/>\nPer contenere i germi a rischio, sono stati elaborati da tempo piani igienici sempre pi\u00f9 sensibili, sono stati installati e mantenuti costosi sistemi di purificazione dell&#8217;aria nelle stanze e sono state adottate misure strutturali di separazione e compartimentazione.<br \/>\nEppure il numero di infezioni continua ad aumentare.        <\/p>\n<h4>OSPITI COSTOSI IN OSPEDALE<\/h4>\n<p>  Oltre alle inutili sofferenze delle persone, ci sono altre ragioni che giustificano tutti gli sforzi per prevenire la contaminazione degli MRE: Costo e immagine.<br \/>\nOggi gli ospedali pubblicizzano nei rapporti sulla qualit\u00e0 che il loro tasso di infezioni da cibo \u00e8 inferiore alla media nazionale.<br \/>\nMolte infezioni devono essere segnalate e vengono registrate e pubblicate a livello statistico.<br \/>\nInoltre, nelle attuali condizioni DRG, le compagnie di assicurazione sanitaria non coprono i costi sostenuti per il trattamento prolungato e\/o la riabilitazione dei pazienti infetti e colonizzati.<br \/>\nAnche per i pazienti che si stanno riprendendo bene, questi costi possono arrivare rapidamente a circa 10.000 euro.      <\/p>\n<h4>LA MANO VETTORIALE<\/h4>\n<p>  Anche l&#8217;ambiente inanimato non \u00e8 privo di microrganismi.<br \/>\nLe superfici degli ospedali fungono da deposito per molti batteri, da cui vengono trasferiti in altre aree da vettori.<br \/>\nI batteri possono sopravvivere su queste superfici per molto tempo.<br \/>\nQuattro settimane non sono un problema per l&#8217;MRSA.<br \/>\nIl vettore pi\u00f9 importante \u00e8 l&#8217;uomo ed essenzialmente la sua mano.<br \/>\nUna &#8220;zona&#8221; bersaglio della trasmissione pu\u00f2 essere un paziente o un altro dipendente dell&#8217;ospedale, che a sua volta pu\u00f2 infettare altre persone.<br \/>\nQuesto mette in moto una cascata che porta a una diffusione massiccia degli agenti patogeni dopo poco tempo, con conseguente aumento dei tassi di infezione.<br \/>\nUno scenario del genere pu\u00f2 essere evitato grazie a misure di disinfezione adeguate per le superfici e le mani.<br \/>\nIl presidente della DGKH, il Prof. Dr. Walter Popp, ha lanciato la seguente accusa pubblica: <strong>&#8220;<\/strong>         <em><strong>Berlino:<\/strong> Ogni anno, almeno 20.000 pazienti in Germania muoiono semplicemente perch\u00e9 il personale non si lava a sufficienza le mani.<br \/>\nQuesta \u00e8 l&#8217;accusa mossa da Walter Popp, presidente dell&#8217;Associazione Tedesca per l&#8217;Igiene Ospedaliera, agli ospedali e agli stati federali in qualit\u00e0 di autorit\u00e0 di controllo responsabili. <\/em> &#8220;<strong>Fonte: quotidiano Rheinische Post del 14 marzo 2008<\/strong> Da ci\u00f2 si pu\u00f2 dedurre che tutte le superfici a contatto con le mani che non possono essere facilmente disinfettate contribuiscono alla contaminazione crociata.  <\/p>\n<h4>MRSA E IT<\/h4>\n<p>  \u00c8 noto che l&#8217;MRSA pu\u00f2 essere rilevato nell&#8217;ambiente inanimato (ad esempio sulle superfici a contatto con le mani) di pazienti e personale.<br \/>\nL&#8217;MRSA \u00e8 stato rilevato anche sulle tastiere dei computer.<br \/>\nLe tastiere dei computer convenzionali, in particolare, sono una specialit\u00e0.<br \/>\nA causa del loro design, presentano molte superfici verticali e orizzontali e fessure inaccessibili, il che comporta una situazione estremamente complicata per quanto riguarda la disinfezione delle superfici.<br \/>\nSono un caso particolare di superfici a contatto con le mani difficili da pulire\/disinfettare.<br \/>\nL&#8217;igiene richiede quindi che le superfici vicine ai pazienti e quelle a contatto frequente con le mani nelle aree ad alto rischio siano disinfettabili, soprattutto per quanto riguarda i componenti e i sistemi informatici.<br \/>\nNon \u00e8 sufficiente regolare la contaminazione dell&#8217;ambiente inanimato da parte delle mani del personale infermieristico principalmente in termini di organizzazione o attraverso il rispetto costante della disinfezione\/igiene delle mani.<br \/>\nSolo la disinfezione delle superfici a contatto, in questo caso la tastiera del computer e i dispositivi di input, pu\u00f2 avere successo.         <\/p>\n<h4>IGIENE E SISTEMI INFORMATICI<\/h4>\n<p>  Non sono solo le tastiere dei computer e i dispositivi di input come i mouse a rappresentare un rischio per l&#8217;igiene.<br \/>\nAnche i sistemi e i monitor sono rilevanti dal punto di vista igienico.<br \/>\nI computer e i monitor tradizionali hanno sistemi di ventole oltre a fessure, crepe e connessioni a vite aperte.<br \/>\n\u00c8 stato dimostrato che, oltre alla polvere, questi sistemi attirano anche i microrganismi e si accumulano all&#8217;interno del sistema.<br \/>\nGrazie alla loro particolare capacit\u00e0 di sopravvivere per lunghi periodi su superfici asciutte in uno stato vitale, potenti agenti infettivi possono arricchirsi e rilasciarsi nell&#8217;ambiente in gran numero.<br \/>\nSe l&#8217;ambiente \u00e8 una sala operatoria, un&#8217;unit\u00e0 di terapia intensiva, un reparto di oncologia o un reparto di sterilizzazione, questo deve essere considerato altamente rischioso dal punto di vista infettivologico.<br \/>\nAnche i sistemi PC e i monitor sono quindi classificati come critici.<br \/>\nDevono essere facili da disinfettare e non devono essere una &#8220;trappola per germi&#8221;.<br \/>\nQuesto obiettivo pu\u00f2 essere raggiunto creando superfici adatte e rinunciando a sistemi di ventilazione.<br \/>\nDALLE FAQ DEL ROBERT KOCH INSTITUTE Nelle FAQ del sito web del Robert Koch Institute abbiamo trovato una nota attuale sull&#8217;uso di computer e tastiere nelle aree critiche:           <\/p>\n<h4>COSA BISOGNA CONSIDERARE QUANDO SI UTILIZZANO PERSONAL COMPUTER (PC) E NOTEBOOK NELL&#8217;AMBITO DELL&#8217;ASSISTENZA AI PAZIENTI NELLE STRUTTURE SANITARIE?<\/h4>\n<p><strong>Ecco due citazioni dalle FAQ di RKI:<\/strong><strong>&#8220;<\/strong> <em>Da ci\u00f2 si pu\u00f2 concludere che l&#8217;utilizzo di hardware senza ventole (soffianti) \u00e8 consigliato nelle aree critiche (sale operatorie, unit\u00e0 di terapia intensiva).<br \/>\nQuesta \u00e8 la conclusione razionale che deriva dalle considerazioni precedenti.<br \/>\nNon sono ancora stati pubblicati studi o altre osservazioni sulle infezioni nosocomiali causate da questi ventilatori.    <\/em><strong>&#8220;<\/strong><strong>&#8220;<\/strong> <em>Le tastiere tradizionali non possono essere disinfettate a causa del loro design complicato.<br \/>\nI difetti devono essere previsti rapidamente.<br \/>\nI produttori si sono gi\u00e0 attivati per offrire superfici lisce e a tenuta di liquidi che possono essere disinfettate.<br \/>\nSi pu\u00f2 quindi solo raccomandare l&#8217;acquisto di apparecchi con un design adeguato.   <\/em> <strong>&#8220;<\/strong><\/p>\n<\/div>\n<\/div>\n<\/div><div class=\"fusion-image-element \" style=\"--awb-caption-title-font-family:var(--h2_typography-font-family);--awb-caption-title-font-weight:var(--h2_typography-font-weight);--awb-caption-title-font-style:var(--h2_typography-font-style);--awb-caption-title-size:var(--h2_typography-font-size);--awb-caption-title-transform:var(--h2_typography-text-transform);--awb-caption-title-line-height:var(--h2_typography-line-height);--awb-caption-title-letter-spacing:var(--h2_typography-letter-spacing);\"><span class=\" fusion-imageframe imageframe-none imageframe-1 hover-type-none\"><img decoding=\"async\" width=\"971\" height=\"1600\" title=\"handabklatsch\" src=\"https:\/\/reinmedical.com\/wp-content\/uploads\/2024\/01\/handabklatsch.jpg\" data-orig-src=\"https:\/\/reinmedical.com\/wp-content\/uploads\/2024\/01\/handabklatsch.jpg\" alt class=\"lazyload img-responsive wp-image-1588\" srcset=\"data:image\/svg+xml,%3Csvg%20xmlns%3D%27http%3A%2F%2Fwww.w3.org%2F2000%2Fsvg%27%20width%3D%27971%27%20height%3D%271600%27%20viewBox%3D%270%200%20971%201600%27%3E%3Crect%20width%3D%27971%27%20height%3D%271600%27%20fill-opacity%3D%220%22%2F%3E%3C%2Fsvg%3E\" data-srcset=\"https:\/\/reinmedical.com\/wp-content\/uploads\/2024\/01\/handabklatsch-200x330.jpg 200w, https:\/\/reinmedical.com\/wp-content\/uploads\/2024\/01\/handabklatsch-400x659.jpg 400w, https:\/\/reinmedical.com\/wp-content\/uploads\/2024\/01\/handabklatsch-600x989.jpg 600w, https:\/\/reinmedical.com\/wp-content\/uploads\/2024\/01\/handabklatsch-800x1318.jpg 800w, https:\/\/reinmedical.com\/wp-content\/uploads\/2024\/01\/handabklatsch.jpg 971w\" data-sizes=\"auto\" data-orig-sizes=\"(max-width: 640px) 100vw, 971px\" \/><\/span><\/div><\/div><\/div><\/div><\/div><\/p>\n","protected":false},"excerpt":{"rendered":"","protected":false},"author":1,"featured_media":0,"parent":0,"menu_order":0,"comment_status":"closed","ping_status":"closed","template":"100-width.php","meta":{"_acf_changed":false,"inline_featured_image":false,"footnotes":""},"class_list":["post-4572","page","type-page","status-publish","hentry"],"acf":[],"yoast_head":"<!-- This site is optimized with the Yoast SEO plugin v27.3 - https:\/\/yoast.com\/product\/yoast-seo-wordpress\/ -->\n<title>Medicina E igiene - Rein Medical<\/title>\n<meta name=\"robots\" content=\"index, follow, max-snippet:-1, max-image-preview:large, max-video-preview:-1\" \/>\n<link rel=\"canonical\" href=\"https:\/\/reinmedical.com\/it\/medicina-e-igiene\/\" \/>\n<meta property=\"og:locale\" content=\"it_IT\" \/>\n<meta property=\"og:type\" content=\"article\" \/>\n<meta property=\"og:title\" content=\"Medicina E igiene - Rein Medical\" \/>\n<meta property=\"og:url\" content=\"https:\/\/reinmedical.com\/it\/medicina-e-igiene\/\" \/>\n<meta property=\"og:site_name\" content=\"Rein Medical\" \/>\n<meta property=\"article:modified_time\" content=\"2024-08-30T15:37:32+00:00\" \/>\n<meta name=\"twitter:card\" content=\"summary_large_image\" \/>\n<meta name=\"twitter:label1\" content=\"Tempo di lettura stimato\" \/>\n\t<meta name=\"twitter:data1\" content=\"18 minuti\" \/>\n<script type=\"application\/ld+json\" class=\"yoast-schema-graph\">{\"@context\":\"https:\\\/\\\/schema.org\",\"@graph\":[{\"@type\":\"WebPage\",\"@id\":\"https:\\\/\\\/reinmedical.com\\\/it\\\/medicina-e-igiene\\\/\",\"url\":\"https:\\\/\\\/reinmedical.com\\\/it\\\/medicina-e-igiene\\\/\",\"name\":\"Medicina E igiene - Rein Medical\",\"isPartOf\":{\"@id\":\"https:\\\/\\\/reinmedical.com\\\/it\\\/#website\"},\"datePublished\":\"2024-01-19T07:55:59+00:00\",\"dateModified\":\"2024-08-30T15:37:32+00:00\",\"breadcrumb\":{\"@id\":\"https:\\\/\\\/reinmedical.com\\\/it\\\/medicina-e-igiene\\\/#breadcrumb\"},\"inLanguage\":\"it-IT\",\"potentialAction\":[{\"@type\":\"ReadAction\",\"target\":[\"https:\\\/\\\/reinmedical.com\\\/it\\\/medicina-e-igiene\\\/\"]}]},{\"@type\":\"BreadcrumbList\",\"@id\":\"https:\\\/\\\/reinmedical.com\\\/it\\\/medicina-e-igiene\\\/#breadcrumb\",\"itemListElement\":[{\"@type\":\"ListItem\",\"position\":1,\"name\":\"Startseite\",\"item\":\"https:\\\/\\\/reinmedical.com\\\/it\\\/casa\\\/\"},{\"@type\":\"ListItem\",\"position\":2,\"name\":\"Medicina E igiene\"}]},{\"@type\":\"WebSite\",\"@id\":\"https:\\\/\\\/reinmedical.com\\\/it\\\/#website\",\"url\":\"https:\\\/\\\/reinmedical.com\\\/it\\\/\",\"name\":\"Rein Medical\",\"description\":\"\",\"potentialAction\":[{\"@type\":\"SearchAction\",\"target\":{\"@type\":\"EntryPoint\",\"urlTemplate\":\"https:\\\/\\\/reinmedical.com\\\/it\\\/?s={search_term_string}\"},\"query-input\":{\"@type\":\"PropertyValueSpecification\",\"valueRequired\":true,\"valueName\":\"search_term_string\"}}],\"inLanguage\":\"it-IT\"}]}<\/script>\n<!-- \/ Yoast SEO plugin. -->","yoast_head_json":{"title":"Medicina E igiene - Rein Medical","robots":{"index":"index","follow":"follow","max-snippet":"max-snippet:-1","max-image-preview":"max-image-preview:large","max-video-preview":"max-video-preview:-1"},"canonical":"https:\/\/reinmedical.com\/it\/medicina-e-igiene\/","og_locale":"it_IT","og_type":"article","og_title":"Medicina E igiene - Rein Medical","og_url":"https:\/\/reinmedical.com\/it\/medicina-e-igiene\/","og_site_name":"Rein Medical","article_modified_time":"2024-08-30T15:37:32+00:00","twitter_card":"summary_large_image","twitter_misc":{"Tempo di lettura stimato":"18 minuti"},"schema":{"@context":"https:\/\/schema.org","@graph":[{"@type":"WebPage","@id":"https:\/\/reinmedical.com\/it\/medicina-e-igiene\/","url":"https:\/\/reinmedical.com\/it\/medicina-e-igiene\/","name":"Medicina E igiene - Rein Medical","isPartOf":{"@id":"https:\/\/reinmedical.com\/it\/#website"},"datePublished":"2024-01-19T07:55:59+00:00","dateModified":"2024-08-30T15:37:32+00:00","breadcrumb":{"@id":"https:\/\/reinmedical.com\/it\/medicina-e-igiene\/#breadcrumb"},"inLanguage":"it-IT","potentialAction":[{"@type":"ReadAction","target":["https:\/\/reinmedical.com\/it\/medicina-e-igiene\/"]}]},{"@type":"BreadcrumbList","@id":"https:\/\/reinmedical.com\/it\/medicina-e-igiene\/#breadcrumb","itemListElement":[{"@type":"ListItem","position":1,"name":"Startseite","item":"https:\/\/reinmedical.com\/it\/casa\/"},{"@type":"ListItem","position":2,"name":"Medicina E igiene"}]},{"@type":"WebSite","@id":"https:\/\/reinmedical.com\/it\/#website","url":"https:\/\/reinmedical.com\/it\/","name":"Rein Medical","description":"","potentialAction":[{"@type":"SearchAction","target":{"@type":"EntryPoint","urlTemplate":"https:\/\/reinmedical.com\/it\/?s={search_term_string}"},"query-input":{"@type":"PropertyValueSpecification","valueRequired":true,"valueName":"search_term_string"}}],"inLanguage":"it-IT"}]}},"_links":{"self":[{"href":"https:\/\/reinmedical.com\/it\/wp-json\/wp\/v2\/pages\/4572","targetHints":{"allow":["GET"]}}],"collection":[{"href":"https:\/\/reinmedical.com\/it\/wp-json\/wp\/v2\/pages"}],"about":[{"href":"https:\/\/reinmedical.com\/it\/wp-json\/wp\/v2\/types\/page"}],"author":[{"embeddable":true,"href":"https:\/\/reinmedical.com\/it\/wp-json\/wp\/v2\/users\/1"}],"replies":[{"embeddable":true,"href":"https:\/\/reinmedical.com\/it\/wp-json\/wp\/v2\/comments?post=4572"}],"version-history":[{"count":0,"href":"https:\/\/reinmedical.com\/it\/wp-json\/wp\/v2\/pages\/4572\/revisions"}],"wp:attachment":[{"href":"https:\/\/reinmedical.com\/it\/wp-json\/wp\/v2\/media?parent=4572"}],"curies":[{"name":"wp","href":"https:\/\/api.w.org\/{rel}","templated":true}]}}