{"id":4515,"date":"2024-01-19T06:57:33","date_gmt":"2024-01-19T06:57:33","guid":{"rendered":"https:\/\/reinmedical.com\/calibrazione-e-regolazione-del-display\/"},"modified":"2024-08-30T15:37:24","modified_gmt":"2024-08-30T15:37:24","slug":"calibrazione-e-regolazione-del-display","status":"publish","type":"page","link":"https:\/\/reinmedical.com\/it\/calibrazione-e-regolazione-del-display\/","title":{"rendered":"Calibrazione e regolazione del display"},"content":{"rendered":"<p><div class=\"fusion-fullwidth fullwidth-box fusion-builder-row-1 fusion-flex-container has-pattern-background has-mask-background fusion-parallax-none nonhundred-percent-fullwidth non-hundred-percent-height-scrolling lazyload gradient-container-1\" style=\"--awb-border-radius-top-left:0px;--awb-border-radius-top-right:0px;--awb-border-radius-bottom-right:0px;--awb-border-radius-bottom-left:0px;--awb-min-height:500px;--awb-background-size:cover;--awb-flex-wrap:wrap;\" data-bg=\"https:\/\/reinmedical.com\/wp-content\/uploads\/2024\/01\/header-s-1600.jpg\" ><div class=\"fusion-builder-row fusion-row fusion-flex-align-items-center fusion-flex-align-content-center fusion-flex-content-wrap\" style=\"max-width:1248px;margin-left: calc(-4% \/ 2 );margin-right: calc(-4% \/ 2 );\"><div class=\"fusion-layout-column fusion_builder_column fusion-builder-column-0 fusion_builder_column_1_1 1_1 fusion-flex-column\" style=\"--awb-bg-size:cover;--awb-width-large:100%;--awb-margin-top-large:0px;--awb-spacing-right-large:1.92%;--awb-margin-bottom-large:20px;--awb-spacing-left-large:1.92%;--awb-width-medium:100%;--awb-order-medium:0;--awb-spacing-right-medium:1.92%;--awb-spacing-left-medium:1.92%;--awb-width-small:100%;--awb-order-small:0;--awb-spacing-right-small:1.92%;--awb-spacing-left-small:1.92%;\"><div class=\"fusion-column-wrapper fusion-column-has-shadow fusion-flex-justify-content-flex-start fusion-content-layout-column\"><div class=\"fusion-text fusion-text-1\"><h1 style=\"text-align: center;\"><span style=\"color: #ffffff;\">Calibrazione e regolazione del display<\/span><\/h1>\n<\/div><\/div><\/div><\/div><\/div><div class=\"fusion-fullwidth fullwidth-box fusion-builder-row-2 fusion-flex-container has-pattern-background has-mask-background nonhundred-percent-fullwidth non-hundred-percent-height-scrolling gradient-container-2\" style=\"--awb-border-radius-top-left:0px;--awb-border-radius-top-right:0px;--awb-border-radius-bottom-right:0px;--awb-border-radius-bottom-left:0px;--awb-margin-top:50px;--awb-flex-wrap:wrap;\" ><div class=\"fusion-builder-row fusion-row fusion-flex-align-items-flex-start fusion-flex-content-wrap\" style=\"max-width:1248px;margin-left: calc(-4% \/ 2 );margin-right: calc(-4% \/ 2 );\"><div class=\"fusion-layout-column fusion_builder_column fusion-builder-column-1 fusion_builder_column_1_5 1_5 fusion-flex-column\" style=\"--awb-bg-size:cover;--awb-width-large:20%;--awb-margin-top-large:0px;--awb-spacing-right-large:9.6%;--awb-margin-bottom-large:20px;--awb-spacing-left-large:9.6%;--awb-width-medium:20%;--awb-order-medium:0;--awb-spacing-right-medium:9.6%;--awb-spacing-left-medium:9.6%;--awb-width-small:100%;--awb-order-small:0;--awb-spacing-right-small:1.92%;--awb-spacing-left-small:1.92%;\"><div class=\"fusion-column-wrapper fusion-column-has-shadow fusion-flex-justify-content-flex-start fusion-content-layout-column\"><\/div><\/div><div class=\"fusion-layout-column fusion_builder_column fusion-builder-column-2 fusion_builder_column_4_5 4_5 fusion-flex-column\" style=\"--awb-bg-size:cover;--awb-width-large:80%;--awb-margin-top-large:0px;--awb-spacing-right-large:2.4%;--awb-margin-bottom-large:20px;--awb-spacing-left-large:2.4%;--awb-width-medium:80%;--awb-order-medium:0;--awb-spacing-right-medium:2.4%;--awb-spacing-left-medium:2.4%;--awb-width-small:100%;--awb-order-small:0;--awb-spacing-right-small:1.92%;--awb-spacing-left-small:1.92%;\"><div class=\"fusion-column-wrapper fusion-column-has-shadow fusion-flex-justify-content-flex-start fusion-content-layout-column\"><div class=\"fusion-text fusion-text-2\"><h2>Calibrazione<\/h2>\n<p>  In nessun altro settore la visualizzazione precisa delle immagini \u00e8 cos\u00ec importante come nell&#8217;ambiente medico, ad esempio in radiologia o in chirurgia.<br \/>\nTuttavia, per garantire una presentazione coerente delle immagini, non \u00e8 importante solo utilizzare un display di alta qualit\u00e0, ma anche calibrarlo.<br \/>\nLa calibrazione \u00e8 l&#8217;adattamento di due valori a un valore definito.<br \/>\nI parametri importanti da calibrare sono la luminosit\u00e0, la gamma, la temperatura del colore e lo spazio colore.<br \/>\nQuesti devono corrispondere a un valore definito ed essere mantenuti costanti.<br \/>\nLa luminosit\u00e0 viene misurata sul bianco e viene indicata con la sigla Lmax.<br \/>\nIl sistema ALS (Automatic-Luminance-Stabilisation) integrato garantisce la stabilit\u00e0 delle impostazioni di luminosit\u00e0.<br \/>\nUn altro parametro \u00e8 la gamma del display.<br \/>\nQuesto parametro misura la relazione tra il segnale di ingresso e la luminosit\u00e0.<br \/>\nLa gamma \u00e8 quindi la correzione della luminosit\u00e0 per i valori di grigio del monitor, cio\u00e8 i livelli tra il nero e il bianco.<\/p>\n<\/div><\/div><\/div><div class=\"fusion-layout-column fusion_builder_column fusion-builder-column-3 fusion_builder_column_1_1 1_1 fusion-flex-column\" style=\"--awb-bg-size:cover;--awb-width-large:100%;--awb-margin-top-large:0px;--awb-spacing-right-large:1.92%;--awb-margin-bottom-large:20px;--awb-spacing-left-large:1.92%;--awb-width-medium:100%;--awb-order-medium:0;--awb-spacing-right-medium:1.92%;--awb-spacing-left-medium:1.92%;--awb-width-small:100%;--awb-order-small:0;--awb-spacing-right-small:1.92%;--awb-spacing-left-small:1.92%;\"><div class=\"fusion-column-wrapper fusion-column-has-shadow fusion-flex-justify-content-flex-start fusion-content-layout-column\"><div class=\"fusion-text fusion-text-3\"><h2>LUT<\/h2>\n<p>  Un elemento centrale della calibrazione del colore \u00e8 la tabella di ricerca (LUT).<br \/>\nQuesta serve come tabella di traduzione tra ingresso e uscita.<br \/>\nIl confronto effettuato in fabbrica o dall&#8217;utente determina quale valore di ingresso \u00e8 collegato a quale valore di uscita.<br \/>\nLa dimensione della LUT \u00e8 determinante per il risultato.<br \/>\nPi\u00f9 gradazioni sono possibili, pi\u00f9 precisa pu\u00f2 essere la calibrazione.<\/p>\n<\/div><\/div><\/div><\/div><\/div><div class=\"fusion-fullwidth fullwidth-box fusion-builder-row-3 fusion-flex-container has-pattern-background has-mask-background nonhundred-percent-fullwidth non-hundred-percent-height-scrolling gradient-container-3\" style=\"--awb-border-radius-top-left:0px;--awb-border-radius-top-right:0px;--awb-border-radius-bottom-right:0px;--awb-border-radius-bottom-left:0px;--awb-flex-wrap:wrap;\" ><div class=\"fusion-builder-row fusion-row fusion-flex-align-items-flex-start fusion-flex-content-wrap\" style=\"max-width:1248px;margin-left: calc(-4% \/ 2 );margin-right: calc(-4% \/ 2 );\"><div class=\"fusion-layout-column fusion_builder_column fusion-builder-column-4 fusion_builder_column_1_5 1_5 fusion-flex-column\" style=\"--awb-bg-size:cover;--awb-width-large:20%;--awb-margin-top-large:0px;--awb-spacing-right-large:9.6%;--awb-margin-bottom-large:20px;--awb-spacing-left-large:9.6%;--awb-width-medium:20%;--awb-order-medium:0;--awb-spacing-right-medium:9.6%;--awb-spacing-left-medium:9.6%;--awb-width-small:100%;--awb-order-small:0;--awb-spacing-right-small:1.92%;--awb-spacing-left-small:1.92%;\"><div class=\"fusion-column-wrapper fusion-column-has-shadow fusion-flex-justify-content-flex-start fusion-content-layout-column\"><\/div><\/div><div class=\"fusion-layout-column fusion_builder_column fusion-builder-column-5 fusion_builder_column_4_5 4_5 fusion-flex-column\" style=\"--awb-bg-size:cover;--awb-width-large:80%;--awb-margin-top-large:0px;--awb-spacing-right-large:2.4%;--awb-margin-bottom-large:20px;--awb-spacing-left-large:2.4%;--awb-width-medium:80%;--awb-order-medium:0;--awb-spacing-right-medium:2.4%;--awb-spacing-left-medium:2.4%;--awb-width-small:100%;--awb-order-small:0;--awb-spacing-right-small:1.92%;--awb-spacing-left-small:1.92%;\"><div class=\"fusion-column-wrapper fusion-column-has-shadow fusion-flex-justify-content-flex-start fusion-content-layout-column\"><div class=\"fusion-text fusion-text-4\"><h2>Calibrazione LUT 3D<\/h2>\n<p>  La distanza di colore percepita viene definita Delta E e riflette la differenza tra due valori.<br \/>\nQuesta distanza pu\u00f2 essere ulteriormente ridotta al minimo con la nuova LUT 3D, che offre la possibilit\u00e0 di creare una matrice 3 x 3, in cui i canali R, G e B possono essere controllati indipendentemente l&#8217;uno dall&#8217;altro.   <\/p>\n<h2>BT.709, BT.1886 e BT.2020<\/h2>\n<p>  Tutti i colori che devono essere emessi vengono visualizzati in uno spazio colore tridimensionale.<br \/>\nLo spazio di colore \u00e8 il sottoinsieme della gamma di colori visibile all&#8217;occhio umano.<br \/>\nGli spazi colore pi\u00f9 noti sono BT.709, BT.1886 e BT.2020.<br \/>\nIl BT.709 standardizza i parametri per l&#8217;HDTV con un rapporto d&#8217;aspetto di 16:9.<br \/>\nIl BT.1886 \u00e8 stato poi definito per standardizzare la curva gamma per gli schermi piatti HDTV.<br \/>\nLo spazio colore esteso secondo il BT.2020, che si concentra su vari aspetti dell&#8217;UHDTV, rappresenta attualmente un&#8217;eccezione.<br \/>\nQuesto spazio colore supera lo spazio colore di tutti i pannelli attualmente disponibili.<\/p>\n<\/div><div class=\"fusion-image-element \" style=\"text-align:center;--awb-caption-title-font-family:var(--h2_typography-font-family);--awb-caption-title-font-weight:var(--h2_typography-font-weight);--awb-caption-title-font-style:var(--h2_typography-font-style);--awb-caption-title-size:var(--h2_typography-font-size);--awb-caption-title-transform:var(--h2_typography-text-transform);--awb-caption-title-line-height:var(--h2_typography-line-height);--awb-caption-title-letter-spacing:var(--h2_typography-letter-spacing);\"><span class=\" fusion-imageframe imageframe-none imageframe-1 hover-type-none\"><img decoding=\"async\" width=\"368\" height=\"407\" title=\"image6\" src=\"https:\/\/reinmedical.com\/wp-content\/uploads\/2024\/01\/image6.jpg\" data-orig-src=\"https:\/\/reinmedical.com\/wp-content\/uploads\/2024\/01\/image6.jpg\" alt class=\"lazyload img-responsive wp-image-1547\" srcset=\"data:image\/svg+xml,%3Csvg%20xmlns%3D%27http%3A%2F%2Fwww.w3.org%2F2000%2Fsvg%27%20width%3D%27368%27%20height%3D%27407%27%20viewBox%3D%270%200%20368%20407%27%3E%3Crect%20width%3D%27368%27%20height%3D%27407%27%20fill-opacity%3D%220%22%2F%3E%3C%2Fsvg%3E\" data-srcset=\"https:\/\/reinmedical.com\/wp-content\/uploads\/2024\/01\/image6-200x221.jpg 200w, https:\/\/reinmedical.com\/wp-content\/uploads\/2024\/01\/image6.jpg 368w\" data-sizes=\"auto\" data-orig-sizes=\"(max-width: 640px) 100vw, 368px\" \/><\/span><\/div><\/div><\/div><\/div><\/div><div class=\"fusion-fullwidth fullwidth-box fusion-builder-row-4 fusion-flex-container has-pattern-background has-mask-background nonhundred-percent-fullwidth non-hundred-percent-height-scrolling gradient-container-4\" style=\"--awb-border-radius-top-left:0px;--awb-border-radius-top-right:0px;--awb-border-radius-bottom-right:0px;--awb-border-radius-bottom-left:0px;--awb-background-color:var(--awb-color3);--awb-flex-wrap:wrap;\" ><div class=\"fusion-builder-row fusion-row fusion-flex-align-items-flex-start fusion-flex-content-wrap\" style=\"max-width:1248px;margin-left: calc(-4% \/ 2 );margin-right: calc(-4% \/ 2 );\"><div class=\"fusion-layout-column fusion_builder_column fusion-builder-column-6 fusion_builder_column_1_5 1_5 fusion-flex-column\" style=\"--awb-bg-size:cover;--awb-width-large:20%;--awb-margin-top-large:0px;--awb-spacing-right-large:9.6%;--awb-margin-bottom-large:20px;--awb-spacing-left-large:9.6%;--awb-width-medium:20%;--awb-order-medium:0;--awb-spacing-right-medium:9.6%;--awb-spacing-left-medium:9.6%;--awb-width-small:100%;--awb-order-small:0;--awb-spacing-right-small:1.92%;--awb-spacing-left-small:1.92%;\"><div class=\"fusion-column-wrapper fusion-column-has-shadow fusion-flex-justify-content-flex-start fusion-content-layout-column\"><\/div><\/div><div class=\"fusion-layout-column fusion_builder_column fusion-builder-column-7 fusion_builder_column_4_5 4_5 fusion-flex-column\" style=\"--awb-bg-size:cover;--awb-width-large:80%;--awb-margin-top-large:0px;--awb-spacing-right-large:2.4%;--awb-margin-bottom-large:20px;--awb-spacing-left-large:2.4%;--awb-width-medium:80%;--awb-order-medium:0;--awb-spacing-right-medium:2.4%;--awb-spacing-left-medium:2.4%;--awb-width-small:100%;--awb-order-small:0;--awb-spacing-right-small:1.92%;--awb-spacing-left-small:1.92%;\"><div class=\"fusion-column-wrapper fusion-column-has-shadow fusion-flex-justify-content-flex-start fusion-content-layout-column\"><div class=\"fusion-text fusion-text-5\"><h2>Perch\u00e9 Rein Medical?<\/h2>\n<p>  I monitor Rein Medical UHD ad alta luminosit\u00e0 sono dotati di: &#8211; ALS (Automatic Luminace Stabilisation) che mantiene il monitor a un valore di luminosit\u00e0 stabile per tutta la sua durata.<br \/>\n&#8211; Innovativa calibrazione 3D LUT per DICOM, BT.709, BT.1886 e BT.2020 per una visualizzazione perfetta delle scale di grigio e dei colori &#8211; Calibrazione di fabbrica di ogni dispositivo prima della consegna.<\/p>\n<\/div><\/div><\/div><\/div><\/div><\/p>\n","protected":false},"excerpt":{"rendered":"","protected":false},"author":1,"featured_media":0,"parent":0,"menu_order":0,"comment_status":"closed","ping_status":"closed","template":"100-width.php","meta":{"_acf_changed":false,"inline_featured_image":false,"footnotes":""},"class_list":["post-4515","page","type-page","status-publish","hentry"],"acf":[],"yoast_head":"<!-- This site is optimized with the Yoast SEO plugin v27.4 - https:\/\/yoast.com\/product\/yoast-seo-wordpress\/ -->\n<title>Calibrazione e regolazione del display - Rein Medical<\/title>\n<meta name=\"robots\" content=\"index, follow, max-snippet:-1, max-image-preview:large, max-video-preview:-1\" \/>\n<link rel=\"canonical\" href=\"https:\/\/reinmedical.com\/it\/calibrazione-e-regolazione-del-display\/\" \/>\n<meta property=\"og:locale\" content=\"it_IT\" \/>\n<meta property=\"og:type\" content=\"article\" \/>\n<meta property=\"og:title\" content=\"Calibrazione e regolazione del display - Rein Medical\" \/>\n<meta property=\"og:url\" content=\"https:\/\/reinmedical.com\/it\/calibrazione-e-regolazione-del-display\/\" \/>\n<meta property=\"og:site_name\" content=\"Rein Medical\" \/>\n<meta property=\"article:modified_time\" content=\"2024-08-30T15:37:24+00:00\" \/>\n<meta name=\"twitter:card\" content=\"summary_large_image\" \/>\n<meta name=\"twitter:label1\" content=\"Tempo di lettura stimato\" \/>\n\t<meta name=\"twitter:data1\" content=\"34 minuti\" \/>\n<script type=\"application\/ld+json\" class=\"yoast-schema-graph\">{\"@context\":\"https:\\\/\\\/schema.org\",\"@graph\":[{\"@type\":\"WebPage\",\"@id\":\"https:\\\/\\\/reinmedical.com\\\/it\\\/calibrazione-e-regolazione-del-display\\\/\",\"url\":\"https:\\\/\\\/reinmedical.com\\\/it\\\/calibrazione-e-regolazione-del-display\\\/\",\"name\":\"Calibrazione e regolazione del display - Rein Medical\",\"isPartOf\":{\"@id\":\"https:\\\/\\\/reinmedical.com\\\/it\\\/#website\"},\"datePublished\":\"2024-01-19T06:57:33+00:00\",\"dateModified\":\"2024-08-30T15:37:24+00:00\",\"breadcrumb\":{\"@id\":\"https:\\\/\\\/reinmedical.com\\\/it\\\/calibrazione-e-regolazione-del-display\\\/#breadcrumb\"},\"inLanguage\":\"it-IT\",\"potentialAction\":[{\"@type\":\"ReadAction\",\"target\":[\"https:\\\/\\\/reinmedical.com\\\/it\\\/calibrazione-e-regolazione-del-display\\\/\"]}]},{\"@type\":\"BreadcrumbList\",\"@id\":\"https:\\\/\\\/reinmedical.com\\\/it\\\/calibrazione-e-regolazione-del-display\\\/#breadcrumb\",\"itemListElement\":[{\"@type\":\"ListItem\",\"position\":1,\"name\":\"Startseite\",\"item\":\"https:\\\/\\\/reinmedical.com\\\/it\\\/casa\\\/\"},{\"@type\":\"ListItem\",\"position\":2,\"name\":\"Calibrazione e regolazione del display\"}]},{\"@type\":\"WebSite\",\"@id\":\"https:\\\/\\\/reinmedical.com\\\/it\\\/#website\",\"url\":\"https:\\\/\\\/reinmedical.com\\\/it\\\/\",\"name\":\"Rein Medical\",\"description\":\"\",\"potentialAction\":[{\"@type\":\"SearchAction\",\"target\":{\"@type\":\"EntryPoint\",\"urlTemplate\":\"https:\\\/\\\/reinmedical.com\\\/it\\\/?s={search_term_string}\"},\"query-input\":{\"@type\":\"PropertyValueSpecification\",\"valueRequired\":true,\"valueName\":\"search_term_string\"}}],\"inLanguage\":\"it-IT\"}]}<\/script>\n<!-- \/ Yoast SEO plugin. -->","yoast_head_json":{"title":"Calibrazione e regolazione del display - Rein Medical","robots":{"index":"index","follow":"follow","max-snippet":"max-snippet:-1","max-image-preview":"max-image-preview:large","max-video-preview":"max-video-preview:-1"},"canonical":"https:\/\/reinmedical.com\/it\/calibrazione-e-regolazione-del-display\/","og_locale":"it_IT","og_type":"article","og_title":"Calibrazione e regolazione del display - Rein Medical","og_url":"https:\/\/reinmedical.com\/it\/calibrazione-e-regolazione-del-display\/","og_site_name":"Rein Medical","article_modified_time":"2024-08-30T15:37:24+00:00","twitter_card":"summary_large_image","twitter_misc":{"Tempo di lettura stimato":"34 minuti"},"schema":{"@context":"https:\/\/schema.org","@graph":[{"@type":"WebPage","@id":"https:\/\/reinmedical.com\/it\/calibrazione-e-regolazione-del-display\/","url":"https:\/\/reinmedical.com\/it\/calibrazione-e-regolazione-del-display\/","name":"Calibrazione e regolazione del display - Rein Medical","isPartOf":{"@id":"https:\/\/reinmedical.com\/it\/#website"},"datePublished":"2024-01-19T06:57:33+00:00","dateModified":"2024-08-30T15:37:24+00:00","breadcrumb":{"@id":"https:\/\/reinmedical.com\/it\/calibrazione-e-regolazione-del-display\/#breadcrumb"},"inLanguage":"it-IT","potentialAction":[{"@type":"ReadAction","target":["https:\/\/reinmedical.com\/it\/calibrazione-e-regolazione-del-display\/"]}]},{"@type":"BreadcrumbList","@id":"https:\/\/reinmedical.com\/it\/calibrazione-e-regolazione-del-display\/#breadcrumb","itemListElement":[{"@type":"ListItem","position":1,"name":"Startseite","item":"https:\/\/reinmedical.com\/it\/casa\/"},{"@type":"ListItem","position":2,"name":"Calibrazione e regolazione del display"}]},{"@type":"WebSite","@id":"https:\/\/reinmedical.com\/it\/#website","url":"https:\/\/reinmedical.com\/it\/","name":"Rein Medical","description":"","potentialAction":[{"@type":"SearchAction","target":{"@type":"EntryPoint","urlTemplate":"https:\/\/reinmedical.com\/it\/?s={search_term_string}"},"query-input":{"@type":"PropertyValueSpecification","valueRequired":true,"valueName":"search_term_string"}}],"inLanguage":"it-IT"}]}},"_links":{"self":[{"href":"https:\/\/reinmedical.com\/it\/wp-json\/wp\/v2\/pages\/4515","targetHints":{"allow":["GET"]}}],"collection":[{"href":"https:\/\/reinmedical.com\/it\/wp-json\/wp\/v2\/pages"}],"about":[{"href":"https:\/\/reinmedical.com\/it\/wp-json\/wp\/v2\/types\/page"}],"author":[{"embeddable":true,"href":"https:\/\/reinmedical.com\/it\/wp-json\/wp\/v2\/users\/1"}],"replies":[{"embeddable":true,"href":"https:\/\/reinmedical.com\/it\/wp-json\/wp\/v2\/comments?post=4515"}],"version-history":[{"count":0,"href":"https:\/\/reinmedical.com\/it\/wp-json\/wp\/v2\/pages\/4515\/revisions"}],"wp:attachment":[{"href":"https:\/\/reinmedical.com\/it\/wp-json\/wp\/v2\/media?parent=4515"}],"curies":[{"name":"wp","href":"https:\/\/api.w.org\/{rel}","templated":true}]}}