{"id":4494,"date":"2024-01-18T08:57:12","date_gmt":"2024-01-18T08:57:12","guid":{"rendered":"https:\/\/reinmedical.com\/verniciatura-a-polvere-germicida\/"},"modified":"2025-08-19T12:25:26","modified_gmt":"2025-08-19T12:25:26","slug":"verniciatura-a-polvere-germicida","status":"publish","type":"page","link":"https:\/\/reinmedical.com\/it\/verniciatura-a-polvere-germicida\/","title":{"rendered":"Verniciatura a polvere germicida"},"content":{"rendered":"<p><div class=\"fusion-fullwidth fullwidth-box fusion-builder-row-1 fusion-flex-container has-pattern-background has-mask-background fusion-parallax-none nonhundred-percent-fullwidth non-hundred-percent-height-scrolling lazyload gradient-container-1\" style=\"--awb-border-radius-top-left:0px;--awb-border-radius-top-right:0px;--awb-border-radius-bottom-right:0px;--awb-border-radius-bottom-left:0px;--awb-min-height:500px;--awb-background-size:cover;--awb-flex-wrap:wrap;\" data-bg=\"https:\/\/reinmedical.com\/wp-content\/uploads\/2024\/01\/header-s-1600.jpg\" ><div class=\"fusion-builder-row fusion-row fusion-flex-align-items-center fusion-flex-align-content-center fusion-flex-content-wrap\" style=\"max-width:1248px;margin-left: calc(-4% \/ 2 );margin-right: calc(-4% \/ 2 );\"><div class=\"fusion-layout-column fusion_builder_column fusion-builder-column-0 fusion_builder_column_1_1 1_1 fusion-flex-column\" style=\"--awb-bg-size:cover;--awb-width-large:100%;--awb-margin-top-large:0px;--awb-spacing-right-large:1.92%;--awb-margin-bottom-large:20px;--awb-spacing-left-large:1.92%;--awb-width-medium:100%;--awb-order-medium:0;--awb-spacing-right-medium:1.92%;--awb-spacing-left-medium:1.92%;--awb-width-small:100%;--awb-order-small:0;--awb-spacing-right-small:1.92%;--awb-spacing-left-small:1.92%;\"><div class=\"fusion-column-wrapper fusion-column-has-shadow fusion-flex-justify-content-flex-start fusion-content-layout-column\"><div class=\"fusion-text fusion-text-1\"><h1 style=\"text-align: center;\"><span style=\"color: #ffffff;\">Verniciatura a polvere germicida<\/span><\/h1>\n<\/div><\/div><\/div><\/div><\/div><div class=\"fusion-fullwidth fullwidth-box fusion-builder-row-2 fusion-flex-container has-pattern-background has-mask-background nonhundred-percent-fullwidth non-hundred-percent-height-scrolling gradient-container-2\" style=\"--awb-border-radius-top-left:0px;--awb-border-radius-top-right:0px;--awb-border-radius-bottom-right:0px;--awb-border-radius-bottom-left:0px;--awb-margin-top:50px;--awb-flex-wrap:wrap;\" ><div class=\"fusion-builder-row fusion-row fusion-flex-align-items-flex-start fusion-flex-content-wrap\" style=\"max-width:1248px;margin-left: calc(-4% \/ 2 );margin-right: calc(-4% \/ 2 );\"><div class=\"fusion-layout-column fusion_builder_column fusion-builder-column-1 fusion_builder_column_1_1 1_1 fusion-flex-column\" style=\"--awb-bg-size:cover;--awb-width-large:100%;--awb-margin-top-large:0px;--awb-spacing-right-large:1.92%;--awb-margin-bottom-large:20px;--awb-spacing-left-large:1.92%;--awb-width-medium:100%;--awb-order-medium:0;--awb-spacing-right-medium:1.92%;--awb-spacing-left-medium:1.92%;--awb-width-small:100%;--awb-order-small:0;--awb-spacing-right-small:1.92%;--awb-spacing-left-small:1.92%;\"><div class=\"fusion-column-wrapper fusion-column-has-shadow fusion-flex-justify-content-flex-start fusion-content-layout-column\"><div class=\"fusion-text fusion-text-2\"><h2>Protezione antimicrobica a 360\u00b0 per la sala operatoria<\/h2>\n<h3>1. inibizione permanente della germinazione<\/h3>\n<p>Polyflex Steridur II di KABE \u00e8 un sistema di rivestimento in polvere antimicrobico che contiene principi attivi metallo-ionici (ad esempio a base di argento). Questi sono saldamente ancorati nel rivestimento e funzionano in modo continuo, finch\u00e9 il rivestimento \u00e8 intatto. Questo garantisce ai dispositivi medici in sala operatoria una protezione affidabile 24 ore su 24, 7 giorni su 7, contro agenti patogeni come E. coli, S. aureus o P. aeruginosa, con tassi di riduzione fino al 99,99%.<\/p>\n<h3>2. maggiore protezione dalle infezioni ed effetto igienico<\/h3>\n<p>Rispetto alla disinfezione tradizionale, il rivestimento antimicrobico \u00e8 efficace subito dopo la cottura. I test sul campo dimostrano un&#8217;efficacia antimicrobica superiore del 46% rispetto alla normale disinfezione con salviette. Questo aiuta a prevenire le infezioni nosocomiali e aumenta la sicurezza dei pazienti in sala operatoria.  <\/p>\n<h3>3. interfaccia sicura e pratica<\/h3>\n<p>Il rivestimento in polvere viene applicato elettrostaticamente: la polvere aderisce, viene cotta e si lega in modo permanente al substrato. Il risultato \u00e8 una superficie robusta, resistente ai graffi e agli urti, che rimane inalterata nei colori e pu\u00f2 resistere a disinfettanti aggressivi senza perdere il suo effetto antimicrobico. <\/p>\n<h3>4. pulizia ottimizzata nonostante la struttura<\/h3>\n<p>A differenza delle lacche lisce, Steridur II ha una struttura fine, un effetto collaterale voluto. Questa superficie leggermente ruvida \u00e8 pi\u00f9 facile da pulire e pi\u00f9 resistente all&#8217;adesione dello sporco. <\/p>\n<h3>5. ampio spettro e sicurezza normativa<\/h3>\n<p>Steridur II agisce contro i batteri gram-positivi e gram-negativi e i lieviti (ad esempio la Candida albicans). Gli ingredienti attivi soddisfano le normative FDA e UE sul contatto con gli alimenti e sono pienamente approvati per le applicazioni mediche. <\/p>\n<h3>6. vantaggi di costo grazie all&#8217;efficienza<\/h3>\n<p>Le superfici antimicrobiche riducono il lavoro di pulizia e i relativi costi di manodopera e materiali.<br \/>\nAllo stesso tempo, la durata di vita dei dispositivi viene prolungata perch\u00e9 la protezione \u00e8 permanente: un vantaggio decisivo per il funzionamento economico degli ambienti delle sale operatorie.<\/p>\n<h3>Conclusione<\/h3>\n<p><span style=\"font-size: 16px;\">Il rivestimento delle custodie di OPERION, CLINIO e iOi offre notevoli vantaggi:<\/span><\/p>\n<ul>\n<li>Protezione microbica a lungo termine, indipendente dalla disinfezione regolare<\/li>\n<li>Superficie robusta e resistente ai colori con buona compatibilit\u00e0 con i disinfettanti<\/li>\n<li>Aumento dell&#8217;efficienza: meno fatica, meno costi, funzionamento sostenibile<\/li>\n<\/ul>\n<\/div><\/div><\/div><\/div><\/div><\/p>\n","protected":false},"excerpt":{"rendered":"","protected":false},"author":1,"featured_media":0,"parent":0,"menu_order":0,"comment_status":"closed","ping_status":"closed","template":"100-width.php","meta":{"_acf_changed":false,"inline_featured_image":false,"footnotes":""},"class_list":["post-4494","page","type-page","status-publish","hentry"],"acf":[],"yoast_head":"<!-- This site is optimized with the Yoast SEO plugin v27.4 - https:\/\/yoast.com\/product\/yoast-seo-wordpress\/ -->\n<title>Verniciatura a polvere germicida - Rein Medical<\/title>\n<meta name=\"robots\" content=\"index, follow, max-snippet:-1, max-image-preview:large, max-video-preview:-1\" \/>\n<link rel=\"canonical\" href=\"https:\/\/reinmedical.com\/it\/verniciatura-a-polvere-germicida\/\" \/>\n<meta property=\"og:locale\" content=\"it_IT\" \/>\n<meta property=\"og:type\" content=\"article\" \/>\n<meta property=\"og:title\" content=\"Verniciatura a polvere germicida - Rein Medical\" \/>\n<meta property=\"og:url\" content=\"https:\/\/reinmedical.com\/it\/verniciatura-a-polvere-germicida\/\" \/>\n<meta property=\"og:site_name\" content=\"Rein Medical\" \/>\n<meta property=\"article:modified_time\" content=\"2025-08-19T12:25:26+00:00\" \/>\n<meta name=\"twitter:card\" content=\"summary_large_image\" \/>\n<meta name=\"twitter:label1\" content=\"Tempo di lettura stimato\" \/>\n\t<meta name=\"twitter:data1\" content=\"12 minuti\" \/>\n<script type=\"application\/ld+json\" class=\"yoast-schema-graph\">{\"@context\":\"https:\\\/\\\/schema.org\",\"@graph\":[{\"@type\":\"WebPage\",\"@id\":\"https:\\\/\\\/reinmedical.com\\\/it\\\/verniciatura-a-polvere-germicida\\\/\",\"url\":\"https:\\\/\\\/reinmedical.com\\\/it\\\/verniciatura-a-polvere-germicida\\\/\",\"name\":\"Verniciatura a polvere germicida - Rein Medical\",\"isPartOf\":{\"@id\":\"https:\\\/\\\/reinmedical.com\\\/it\\\/#website\"},\"datePublished\":\"2024-01-18T08:57:12+00:00\",\"dateModified\":\"2025-08-19T12:25:26+00:00\",\"breadcrumb\":{\"@id\":\"https:\\\/\\\/reinmedical.com\\\/it\\\/verniciatura-a-polvere-germicida\\\/#breadcrumb\"},\"inLanguage\":\"it-IT\",\"potentialAction\":[{\"@type\":\"ReadAction\",\"target\":[\"https:\\\/\\\/reinmedical.com\\\/it\\\/verniciatura-a-polvere-germicida\\\/\"]}]},{\"@type\":\"BreadcrumbList\",\"@id\":\"https:\\\/\\\/reinmedical.com\\\/it\\\/verniciatura-a-polvere-germicida\\\/#breadcrumb\",\"itemListElement\":[{\"@type\":\"ListItem\",\"position\":1,\"name\":\"Startseite\",\"item\":\"https:\\\/\\\/reinmedical.com\\\/it\\\/casa\\\/\"},{\"@type\":\"ListItem\",\"position\":2,\"name\":\"Verniciatura a polvere germicida\"}]},{\"@type\":\"WebSite\",\"@id\":\"https:\\\/\\\/reinmedical.com\\\/it\\\/#website\",\"url\":\"https:\\\/\\\/reinmedical.com\\\/it\\\/\",\"name\":\"Rein Medical\",\"description\":\"\",\"potentialAction\":[{\"@type\":\"SearchAction\",\"target\":{\"@type\":\"EntryPoint\",\"urlTemplate\":\"https:\\\/\\\/reinmedical.com\\\/it\\\/?s={search_term_string}\"},\"query-input\":{\"@type\":\"PropertyValueSpecification\",\"valueRequired\":true,\"valueName\":\"search_term_string\"}}],\"inLanguage\":\"it-IT\"}]}<\/script>\n<!-- \/ Yoast SEO plugin. -->","yoast_head_json":{"title":"Verniciatura a polvere germicida - Rein Medical","robots":{"index":"index","follow":"follow","max-snippet":"max-snippet:-1","max-image-preview":"max-image-preview:large","max-video-preview":"max-video-preview:-1"},"canonical":"https:\/\/reinmedical.com\/it\/verniciatura-a-polvere-germicida\/","og_locale":"it_IT","og_type":"article","og_title":"Verniciatura a polvere germicida - Rein Medical","og_url":"https:\/\/reinmedical.com\/it\/verniciatura-a-polvere-germicida\/","og_site_name":"Rein Medical","article_modified_time":"2025-08-19T12:25:26+00:00","twitter_card":"summary_large_image","twitter_misc":{"Tempo di lettura stimato":"12 minuti"},"schema":{"@context":"https:\/\/schema.org","@graph":[{"@type":"WebPage","@id":"https:\/\/reinmedical.com\/it\/verniciatura-a-polvere-germicida\/","url":"https:\/\/reinmedical.com\/it\/verniciatura-a-polvere-germicida\/","name":"Verniciatura a polvere germicida - Rein Medical","isPartOf":{"@id":"https:\/\/reinmedical.com\/it\/#website"},"datePublished":"2024-01-18T08:57:12+00:00","dateModified":"2025-08-19T12:25:26+00:00","breadcrumb":{"@id":"https:\/\/reinmedical.com\/it\/verniciatura-a-polvere-germicida\/#breadcrumb"},"inLanguage":"it-IT","potentialAction":[{"@type":"ReadAction","target":["https:\/\/reinmedical.com\/it\/verniciatura-a-polvere-germicida\/"]}]},{"@type":"BreadcrumbList","@id":"https:\/\/reinmedical.com\/it\/verniciatura-a-polvere-germicida\/#breadcrumb","itemListElement":[{"@type":"ListItem","position":1,"name":"Startseite","item":"https:\/\/reinmedical.com\/it\/casa\/"},{"@type":"ListItem","position":2,"name":"Verniciatura a polvere germicida"}]},{"@type":"WebSite","@id":"https:\/\/reinmedical.com\/it\/#website","url":"https:\/\/reinmedical.com\/it\/","name":"Rein Medical","description":"","potentialAction":[{"@type":"SearchAction","target":{"@type":"EntryPoint","urlTemplate":"https:\/\/reinmedical.com\/it\/?s={search_term_string}"},"query-input":{"@type":"PropertyValueSpecification","valueRequired":true,"valueName":"search_term_string"}}],"inLanguage":"it-IT"}]}},"_links":{"self":[{"href":"https:\/\/reinmedical.com\/it\/wp-json\/wp\/v2\/pages\/4494","targetHints":{"allow":["GET"]}}],"collection":[{"href":"https:\/\/reinmedical.com\/it\/wp-json\/wp\/v2\/pages"}],"about":[{"href":"https:\/\/reinmedical.com\/it\/wp-json\/wp\/v2\/types\/page"}],"author":[{"embeddable":true,"href":"https:\/\/reinmedical.com\/it\/wp-json\/wp\/v2\/users\/1"}],"replies":[{"embeddable":true,"href":"https:\/\/reinmedical.com\/it\/wp-json\/wp\/v2\/comments?post=4494"}],"version-history":[{"count":3,"href":"https:\/\/reinmedical.com\/it\/wp-json\/wp\/v2\/pages\/4494\/revisions"}],"predecessor-version":[{"id":9322,"href":"https:\/\/reinmedical.com\/it\/wp-json\/wp\/v2\/pages\/4494\/revisions\/9322"}],"wp:attachment":[{"href":"https:\/\/reinmedical.com\/it\/wp-json\/wp\/v2\/media?parent=4494"}],"curies":[{"name":"wp","href":"https:\/\/api.w.org\/{rel}","templated":true}]}}