{"id":4440,"date":"2024-01-18T07:24:35","date_gmt":"2024-01-18T07:24:35","guid":{"rendered":"https:\/\/reinmedical.com\/garanzia-di-qualita-per-i-dispositivi-di-riproduzione-delle-immagini\/"},"modified":"2024-08-30T15:37:08","modified_gmt":"2024-08-30T15:37:08","slug":"garanzia-di-qualita-per-i-dispositivi-di-riproduzione-delle-immagini","status":"publish","type":"page","link":"https:\/\/reinmedical.com\/it\/garanzia-di-qualita-per-i-dispositivi-di-riproduzione-delle-immagini\/","title":{"rendered":"Garanzia di qualit\u00e0 per i dispositivi di riproduzione delle immagini"},"content":{"rendered":"<p><div class=\"fusion-fullwidth fullwidth-box fusion-builder-row-1 fusion-flex-container has-pattern-background has-mask-background fusion-parallax-none nonhundred-percent-fullwidth non-hundred-percent-height-scrolling lazyload gradient-container-1\" style=\"--awb-border-radius-top-left:0px;--awb-border-radius-top-right:0px;--awb-border-radius-bottom-right:0px;--awb-border-radius-bottom-left:0px;--awb-min-height:500px;--awb-background-size:cover;--awb-flex-wrap:wrap;\" data-bg=\"https:\/\/reinmedical.com\/wp-content\/uploads\/2024\/01\/header-s-1600.jpg\" ><div class=\"fusion-builder-row fusion-row fusion-flex-align-items-center fusion-flex-align-content-center fusion-flex-content-wrap\" style=\"max-width:1248px;margin-left: calc(-4% \/ 2 );margin-right: calc(-4% \/ 2 );\"><div class=\"fusion-layout-column fusion_builder_column fusion-builder-column-0 fusion_builder_column_1_1 1_1 fusion-flex-column\" style=\"--awb-bg-size:cover;--awb-width-large:100%;--awb-margin-top-large:0px;--awb-spacing-right-large:1.92%;--awb-margin-bottom-large:20px;--awb-spacing-left-large:1.92%;--awb-width-medium:100%;--awb-order-medium:0;--awb-spacing-right-medium:1.92%;--awb-spacing-left-medium:1.92%;--awb-width-small:100%;--awb-order-small:0;--awb-spacing-right-small:1.92%;--awb-spacing-left-small:1.92%;\"><div class=\"fusion-column-wrapper fusion-column-has-shadow fusion-flex-justify-content-flex-start fusion-content-layout-column\"><div class=\"fusion-text fusion-text-1\"><h1 style=\"text-align: center;\"><span style=\"color: #ffffff;\">Garanzia di qualit\u00e0 per i dispositivi di riproduzione delle immagini<\/span><\/h1>\n<\/div><\/div><\/div><\/div><\/div><div class=\"fusion-fullwidth fullwidth-box fusion-builder-row-2 fusion-flex-container has-pattern-background has-mask-background nonhundred-percent-fullwidth non-hundred-percent-height-scrolling gradient-container-2\" style=\"--awb-border-radius-top-left:0px;--awb-border-radius-top-right:0px;--awb-border-radius-bottom-right:0px;--awb-border-radius-bottom-left:0px;--awb-margin-top:50px;--awb-flex-wrap:wrap;\" ><div class=\"fusion-builder-row fusion-row fusion-flex-align-items-flex-start fusion-flex-content-wrap\" style=\"max-width:1248px;margin-left: calc(-4% \/ 2 );margin-right: calc(-4% \/ 2 );\"><div class=\"fusion-layout-column fusion_builder_column fusion-builder-column-1 fusion_builder_column_1_1 1_1 fusion-flex-column\" style=\"--awb-bg-size:cover;--awb-width-large:100%;--awb-margin-top-large:0px;--awb-spacing-right-large:1.92%;--awb-margin-bottom-large:20px;--awb-spacing-left-large:1.92%;--awb-width-medium:100%;--awb-order-medium:0;--awb-spacing-right-medium:1.92%;--awb-spacing-left-medium:1.92%;--awb-width-small:100%;--awb-order-small:0;--awb-spacing-right-small:1.92%;--awb-spacing-left-small:1.92%;\"><div class=\"fusion-column-wrapper fusion-column-has-shadow fusion-flex-justify-content-flex-start fusion-content-layout-column\"><div class=\"fusion-text fusion-text-2\"><p>Informazioni dettagliate sui test di accettazione e di costanza Per soddisfare gli elevati requisiti di refertazione diagnostica, in Germania sono stati sviluppati alcuni principi di base per garantire che i sistemi di riproduzione delle immagini (AAS) utilizzati soddisfino questi elevati standard di qualit\u00e0.<br \/>\nAllo stesso tempo, sono stati nominati degli organismi di controllo per garantire che le condizioni quadro create per l&#8217;assicurazione della qualit\u00e0 vengano attuate.   <\/p>\n<h2>TEST DI ACCETTAZIONE E COSTANZA<\/h2>\n<p>  Per garantire la corretta installazione e configurazione dell&#8217;AOPD, il produttore o il fornitore deve eseguire un test di accettazione dell&#8217;AOPD in conformit\u00e0 con l&#8217;Ordinanza sui raggi X (R\u00f6V) \u00a716.<br \/>\nTra le altre cose, si tratta di verificare se il dispositivo di riproduzione delle immagini (AOPD) \u00e8 controllato con la risoluzione corretta e se i valori di riferimento richiesti sono rispettati in base alla classe della sala dichiarata e al metodo diagnostico.<br \/>\nSuccessivamente, devono essere eseguiti test visivi o metrologici, i cosiddetti test di costanza, a intervalli regolari e definiti.<br \/>\nQuesti vengono eseguiti da personale specializzato dell&#8217;operatore o da un fornitore di servizi come Rein Medical GmbH.<br \/>\nOpzionale: saremo lieti di informarti sulle opportunit\u00e0 di formazione presso la tua\/nostra sede.      <\/p>\n<h2>STANDARD, LINEE GUIDA, ECC.<\/h2>\n<p>  Esistono diversi cataloghi di requisiti per l&#8217;ESPE.<br \/>\nPer garantire la qualit\u00e0, \u00e8 necessario prendere in considerazione le seguenti normative: La DIN 6868-157:2014-11, che regola l&#8217;esecuzione del test di accettazione dell&#8217;ESPE, \u00e8 uno standard tedesco del novembre 2014 che sostituisce la DIN-V 6868-57:2001-02 per la messa in funzione iniziale e i nuovi test di accettazione dei monitor diagnostici, la integra con i requisiti per il test di costanza e la adatta allo stato dell&#8217;arte.<br \/>\nUna parte importante della garanzia di qualit\u00e0 \u00e8 la considerazione delle condizioni ambientali.<br \/>\nNon sono solo le fonti di luce diretta e indiretta a dover essere prese in considerazione durante il test di accettazione.<br \/>\n &nbsp; A differenza della DIN-V 6868-57, che non \u00e8 pi\u00f9 consentita per i nuovi test di accettazione a partire dal 1\u00b0 maggio 2015, non c&#8217;\u00e8 pi\u00f9 una distinzione tra categorie (Cat. A \/ Cat. B \/ mammografia), ma una divisione in classi di locali con requisiti corrispondenti (vedi tabella) Queste classi di locali (RK 1-6) sono suddivise in &#8211; AAS con qualit\u00e0 diagnostica &#8211; AAS con qualit\u00e0 di visualizzazione Un AAS \u00e8 composto da diversi componenti (hardware e software), che vengono documentati durante il test di accettazione.<br \/>\nQuando si sostituisce uno di questi componenti o si cambia la versione del software del PACS o del sistema operativo, \u00e8 necessario eseguire un test di accettazione parziale\/misurazione di confronto per garantire che la modifica non influisca sulla qualit\u00e0 dell&#8217;immagine.<br \/>\nInoltre, il campo di applicazione in odontoiatria \u00e8 ora regolamentato dalla norma DIN 6868-157.<br \/>\nPer il test di accettazione \u00e8 necessario, tra le altre cose, che le immagini di prova specificate nella DIN 6868-157 dal software applicativo (nella maggior parte dei casi il software PACS) possano essere visualizzate nella risoluzione nativa del BWG.<br \/>\nPoich\u00e9 in genere non \u00e8 possibile escludere un&#8217;influenza negativa sulla visualizzazione delle immagini di prova quando si utilizzano software diversi, il produttore o il fornitore deve effettuare i test nel software applicativo durante il test di accettazione o garantire una visualizzazione identica, ad esempio mediante una misurazione comparativa tra il software applicativo e il software QA.<br \/>\nQuesto serve all&#8217;approccio standardizzato della DIN 6868-157 per includere tutti i componenti che possono avere un&#8217;influenza rilevante sulla qualit\u00e0 dei risultati dell&#8217;assicurazione di qualit\u00e0.<br \/>\nLa linea guida per l&#8217;assicurazione della qualit\u00e0 (QA Guideline) \u00e8 attualmente in fase di revisione a causa dei cambiamenti introdotti dalla DIN 6868-157.<br \/>\nEssa regola l&#8217;implementazione pratica del test di costanza secondo la norma DIN-V 6868-57, che si applica ai monitor accettati prima del 1\u00b0 maggio 2015, e del test di costanza secondo la norma DIN 6868-157 nella versione rivista.            <\/p>\n<h2>UNO SGUARDO AD ALTRI PAESI<\/h2>\n<p>  Anche se la Germania svolge un ruolo di primo piano nell&#8217;implementazione e nell&#8217;organizzazione dell&#8217;assicurazione di qualit\u00e0 a livello nazionale in Europa, ci sono altri Paesi che richiedono l&#8217;implementazione dell&#8217;assicurazione di qualit\u00e0 per i BWG.<br \/>\nL'&#8221;American Association of Physicists in Medicine (AAPM)&#8221; e il rapporto del &#8220;Task Group 18 (TG18)&#8221;, che fa parte dell&#8217;AAPM, possono essere considerati come uno dei pi\u00f9 importanti pionieri dell&#8217;assicurazione di qualit\u00e0.<br \/>\nAnche la &#8220;Quality assurance guideline for medical imaging display systems&#8221; della &#8220;Japan Industries Association of Radiological Systems Standards (JESRA)&#8221; si basa fortemente su questa descrizione della garanzia di qualit\u00e0.<br \/>\nAnche altri paesi che hanno implementato la garanzia di qualit\u00e0 si basano solitamente sul modello AAPM o sulla norma DIN V 6868-57, come ad esempio la &#8220;Direttiva R &#8211; 08 &#8211; 06&#8221; emessa dall&#8217;Ufficio Federale della Sanit\u00e0 Pubblica in Svizzera.     <\/p>\n<h2>REQUISITI MINIMI PER I DISPOSITIVI DI VISUALIZZAZIONE DELLE IMMAGINI SECONDO LA NORMA DIN 6868-157<\/h2>\n<h1 style=\"text-align: center;\"><span style=\"color: #ffffff;\">Impronta e disclaimer<\/span><\/h1>\n<\/div>\n<table class=\"table table-striped\">\n<thead>\n<tr>\n<th>Regione del corpo \/ metodo<\/th>\n<th>Lmax in cd\/m\u00b2<\/th>\n<th>Lmin in cd\/m\u00b2<\/th>\n<th>Rapporto di luminanza massimo<\/th>\n<th>Risoluzione (w) x Pixel (h)<\/th>\n<th>Caratteristica di luminanza<\/th>\n<th>Omogeneit\u00e0 all&#8217;interno del BWG (tra diversi BWG)<\/th>\n<th>dispositivo adeguato da JVC<\/th>\n<\/tr>\n<\/thead>\n<tbody>\n<tr>\n<td>Radiografia in proiezione (torace, scheletro, addome)<\/td>\n<td class=\"text-nowrap\">\u2265 250<\/td>\n<td class=\"text-nowrap\"><\/td>\n<td class=\"text-nowrap\">\u2265 250<\/td>\n<td class=\"text-nowrap\">\u2265 1 600 \u00d7 \u2265 1 200<\/td>\n<td class=\"text-nowrap\">GSDF \u00b1 10<\/td>\n<td class=\"text-nowrap\">&lt; &lt; 25 % ( 20 %)<\/td>\n<td>CCL214, CCL258i2, CCL358i2, CCL650i2, ME205, MS25i2, MS35i2, CL-S200, CL-S300 CL-S600<\/td>\n<\/tr>\n<tr>\n<td>Fluoroscopia, tutte le applicazioni<\/td>\n<td class=\"text-nowrap\">\u2265 150<\/td>\n<td class=\"text-nowrap\"><\/td>\n<td class=\"text-nowrap\">\u2265 100<\/td>\n<td class=\"text-nowrap\">\u2265 1 024 \u00d7 \u2265 1 024<\/td>\n<td class=\"text-nowrap\">GSDF \u00b1 15<\/td>\n<td class=\"text-nowrap\">&lt; &lt; 25 % ( 20 %)<\/td>\n<td>CCL214 CCL258i2, MS25i2, ME205, CL-S200, CL-S300<\/td>\n<\/tr>\n<tr>\n<td>Tomografia computerizzata<\/td>\n<td class=\"text-nowrap\">\u2265 150<\/td>\n<td class=\"text-nowrap\"><\/td>\n<td class=\"text-nowrap\">\u2265 100<\/td>\n<td class=\"text-nowrap\">\u2265 1 024 \u00d7 \u2265 1 024<\/td>\n<td class=\"text-nowrap\">GSDF \u00b1 15<\/td>\n<td class=\"text-nowrap\">&lt; &lt; 25 % ( 20 %)<\/td>\n<td>CCL214, CCL258i2, MS25i2, ME205, CL-S200<\/td>\n<\/tr>\n<tr>\n<td>Per RK 5: tomografia digitale volumetrica dentale, diagnostica radiografica intraorale con dispositivi a tubo dentale, tomografia panoramica, radiografie cefalometriche del cranio, radiografie dentali d&#8217;insieme del cranio, radiografie della mano per la determinazione della crescita scheletrica.<\/td>\n<td class=\"text-nowrap\">\u2265 200<\/td>\n<td class=\"text-nowrap\">\u2265 1,1 \u00d7 Lamb<\/td>\n<td class=\"text-nowrap\">\u2265 100<\/td>\n<td class=\"text-nowrap\">\u2265 1 024 \u00d7 \u2265 768<\/td>\n<td class=\"text-nowrap\">Non applicabile *2<\/td>\n<td class=\"text-nowrap\">&lt; &lt; 30 % ( 30 %)<\/td>\n<td>CCL214, CCL258i2, MS25i2, ME205, CL-S200 MS-S200<\/td>\n<\/tr>\n<tr>\n<td>Per RK 6: diagnostica radiografica intraorale con dispositivi a tubo dentale, tomografie panoramiche, radiografie cefalometriche del cranio, radiografie dentali del cranio, radiografie della mano per determinare la crescita scheletrica.<\/td>\n<td class=\"text-nowrap\">\u2265 300<\/td>\n<td class=\"text-nowrap\"><\/td>\n<td class=\"text-nowrap\">\u2265 100<\/td>\n<td class=\"text-nowrap\">\u2265 1 024 \u00d7 \u2265 768<\/td>\n<td class=\"text-nowrap\">Non applicabile *2<\/td>\n<td class=\"text-nowrap\">&lt; &lt; 30 % ( 30 %)<\/td>\n<td>CCL214, CCL258i2, MS25i2, ME205, CL-S200 MS-S200<\/td>\n<\/tr>\n<tr>\n<td class=\"text-nowrap\">Mammografia<\/td>\n<td class=\"text-nowrap\">\u2265 250<\/td>\n<td class=\"text-nowrap\"><\/td>\n<td class=\"text-nowrap\">\u2265 250<\/td>\n<td class=\"text-nowrap\">\u2265 2 048 \u00d7 \u2265 2 048<\/td>\n<td class=\"text-nowrap\">GSDF \u00b1 10<\/td>\n<td class=\"text-nowrap\">&lt; &lt; 25 % ( 10 %)<\/td>\n<td>MS55i2plus, CCL550i2 CL-S500 MS-S500 CL-S1200<\/td>\n<\/tr>\n<tr>\n<td>Stereotassi mammografica<\/td>\n<td class=\"text-nowrap\">\u2265 200<\/td>\n<td class=\"text-nowrap\"><\/td>\n<td class=\"text-nowrap\">\u2265 100<\/td>\n<td class=\"text-nowrap\">\u2265 1 024 \u00d7 \u2265 1 024<\/td>\n<td class=\"text-nowrap\">GSDF \u00b1 15<\/td>\n<td class=\"text-nowrap\">&lt; &lt; 25 % ( 20 %)<\/td>\n<td>CCL214, CCL258i2, MS25i2, ME205, CL-S200<\/td>\n<\/tr>\n<\/tbody>\n<\/table>\n<\/div><\/div><\/div><\/div><\/p>\n","protected":false},"excerpt":{"rendered":"","protected":false},"author":1,"featured_media":0,"parent":0,"menu_order":0,"comment_status":"closed","ping_status":"closed","template":"100-width.php","meta":{"_acf_changed":false,"inline_featured_image":false,"footnotes":""},"class_list":["post-4440","page","type-page","status-publish","hentry"],"acf":[],"yoast_head":"<!-- This site is optimized with the Yoast SEO plugin v27.3 - https:\/\/yoast.com\/product\/yoast-seo-wordpress\/ -->\n<title>Garanzia di qualit\u00e0 per i dispositivi di riproduzione delle immagini - Rein Medical<\/title>\n<meta name=\"robots\" content=\"index, follow, max-snippet:-1, max-image-preview:large, max-video-preview:-1\" \/>\n<link rel=\"canonical\" href=\"https:\/\/reinmedical.com\/it\/garanzia-di-qualita-per-i-dispositivi-di-riproduzione-delle-immagini\/\" \/>\n<meta property=\"og:locale\" content=\"it_IT\" \/>\n<meta property=\"og:type\" content=\"article\" \/>\n<meta property=\"og:title\" content=\"Garanzia di qualit\u00e0 per i dispositivi di riproduzione delle immagini - Rein Medical\" \/>\n<meta property=\"og:url\" content=\"https:\/\/reinmedical.com\/it\/garanzia-di-qualita-per-i-dispositivi-di-riproduzione-delle-immagini\/\" \/>\n<meta property=\"og:site_name\" content=\"Rein Medical\" \/>\n<meta property=\"article:modified_time\" content=\"2024-08-30T15:37:08+00:00\" \/>\n<meta name=\"twitter:card\" content=\"summary_large_image\" \/>\n<meta name=\"twitter:label1\" content=\"Tempo di lettura stimato\" \/>\n\t<meta name=\"twitter:data1\" content=\"15 minuti\" \/>\n<script type=\"application\/ld+json\" class=\"yoast-schema-graph\">{\"@context\":\"https:\\\/\\\/schema.org\",\"@graph\":[{\"@type\":\"WebPage\",\"@id\":\"https:\\\/\\\/reinmedical.com\\\/it\\\/garanzia-di-qualita-per-i-dispositivi-di-riproduzione-delle-immagini\\\/\",\"url\":\"https:\\\/\\\/reinmedical.com\\\/it\\\/garanzia-di-qualita-per-i-dispositivi-di-riproduzione-delle-immagini\\\/\",\"name\":\"Garanzia di qualit\u00e0 per i dispositivi di riproduzione delle immagini - Rein Medical\",\"isPartOf\":{\"@id\":\"https:\\\/\\\/reinmedical.com\\\/it\\\/#website\"},\"datePublished\":\"2024-01-18T07:24:35+00:00\",\"dateModified\":\"2024-08-30T15:37:08+00:00\",\"breadcrumb\":{\"@id\":\"https:\\\/\\\/reinmedical.com\\\/it\\\/garanzia-di-qualita-per-i-dispositivi-di-riproduzione-delle-immagini\\\/#breadcrumb\"},\"inLanguage\":\"it-IT\",\"potentialAction\":[{\"@type\":\"ReadAction\",\"target\":[\"https:\\\/\\\/reinmedical.com\\\/it\\\/garanzia-di-qualita-per-i-dispositivi-di-riproduzione-delle-immagini\\\/\"]}]},{\"@type\":\"BreadcrumbList\",\"@id\":\"https:\\\/\\\/reinmedical.com\\\/it\\\/garanzia-di-qualita-per-i-dispositivi-di-riproduzione-delle-immagini\\\/#breadcrumb\",\"itemListElement\":[{\"@type\":\"ListItem\",\"position\":1,\"name\":\"Startseite\",\"item\":\"https:\\\/\\\/reinmedical.com\\\/it\\\/casa\\\/\"},{\"@type\":\"ListItem\",\"position\":2,\"name\":\"Garanzia di qualit\u00e0 per i dispositivi di riproduzione delle immagini\"}]},{\"@type\":\"WebSite\",\"@id\":\"https:\\\/\\\/reinmedical.com\\\/it\\\/#website\",\"url\":\"https:\\\/\\\/reinmedical.com\\\/it\\\/\",\"name\":\"Rein Medical\",\"description\":\"\",\"potentialAction\":[{\"@type\":\"SearchAction\",\"target\":{\"@type\":\"EntryPoint\",\"urlTemplate\":\"https:\\\/\\\/reinmedical.com\\\/it\\\/?s={search_term_string}\"},\"query-input\":{\"@type\":\"PropertyValueSpecification\",\"valueRequired\":true,\"valueName\":\"search_term_string\"}}],\"inLanguage\":\"it-IT\"}]}<\/script>\n<!-- \/ Yoast SEO plugin. -->","yoast_head_json":{"title":"Garanzia di qualit\u00e0 per i dispositivi di riproduzione delle immagini - Rein Medical","robots":{"index":"index","follow":"follow","max-snippet":"max-snippet:-1","max-image-preview":"max-image-preview:large","max-video-preview":"max-video-preview:-1"},"canonical":"https:\/\/reinmedical.com\/it\/garanzia-di-qualita-per-i-dispositivi-di-riproduzione-delle-immagini\/","og_locale":"it_IT","og_type":"article","og_title":"Garanzia di qualit\u00e0 per i dispositivi di riproduzione delle immagini - Rein Medical","og_url":"https:\/\/reinmedical.com\/it\/garanzia-di-qualita-per-i-dispositivi-di-riproduzione-delle-immagini\/","og_site_name":"Rein Medical","article_modified_time":"2024-08-30T15:37:08+00:00","twitter_card":"summary_large_image","twitter_misc":{"Tempo di lettura stimato":"15 minuti"},"schema":{"@context":"https:\/\/schema.org","@graph":[{"@type":"WebPage","@id":"https:\/\/reinmedical.com\/it\/garanzia-di-qualita-per-i-dispositivi-di-riproduzione-delle-immagini\/","url":"https:\/\/reinmedical.com\/it\/garanzia-di-qualita-per-i-dispositivi-di-riproduzione-delle-immagini\/","name":"Garanzia di qualit\u00e0 per i dispositivi di riproduzione delle immagini - Rein Medical","isPartOf":{"@id":"https:\/\/reinmedical.com\/it\/#website"},"datePublished":"2024-01-18T07:24:35+00:00","dateModified":"2024-08-30T15:37:08+00:00","breadcrumb":{"@id":"https:\/\/reinmedical.com\/it\/garanzia-di-qualita-per-i-dispositivi-di-riproduzione-delle-immagini\/#breadcrumb"},"inLanguage":"it-IT","potentialAction":[{"@type":"ReadAction","target":["https:\/\/reinmedical.com\/it\/garanzia-di-qualita-per-i-dispositivi-di-riproduzione-delle-immagini\/"]}]},{"@type":"BreadcrumbList","@id":"https:\/\/reinmedical.com\/it\/garanzia-di-qualita-per-i-dispositivi-di-riproduzione-delle-immagini\/#breadcrumb","itemListElement":[{"@type":"ListItem","position":1,"name":"Startseite","item":"https:\/\/reinmedical.com\/it\/casa\/"},{"@type":"ListItem","position":2,"name":"Garanzia di qualit\u00e0 per i dispositivi di riproduzione delle immagini"}]},{"@type":"WebSite","@id":"https:\/\/reinmedical.com\/it\/#website","url":"https:\/\/reinmedical.com\/it\/","name":"Rein Medical","description":"","potentialAction":[{"@type":"SearchAction","target":{"@type":"EntryPoint","urlTemplate":"https:\/\/reinmedical.com\/it\/?s={search_term_string}"},"query-input":{"@type":"PropertyValueSpecification","valueRequired":true,"valueName":"search_term_string"}}],"inLanguage":"it-IT"}]}},"_links":{"self":[{"href":"https:\/\/reinmedical.com\/it\/wp-json\/wp\/v2\/pages\/4440","targetHints":{"allow":["GET"]}}],"collection":[{"href":"https:\/\/reinmedical.com\/it\/wp-json\/wp\/v2\/pages"}],"about":[{"href":"https:\/\/reinmedical.com\/it\/wp-json\/wp\/v2\/types\/page"}],"author":[{"embeddable":true,"href":"https:\/\/reinmedical.com\/it\/wp-json\/wp\/v2\/users\/1"}],"replies":[{"embeddable":true,"href":"https:\/\/reinmedical.com\/it\/wp-json\/wp\/v2\/comments?post=4440"}],"version-history":[{"count":0,"href":"https:\/\/reinmedical.com\/it\/wp-json\/wp\/v2\/pages\/4440\/revisions"}],"wp:attachment":[{"href":"https:\/\/reinmedical.com\/it\/wp-json\/wp\/v2\/media?parent=4440"}],"curies":[{"name":"wp","href":"https:\/\/api.w.org\/{rel}","templated":true}]}}