{"id":4389,"date":"2024-01-17T14:53:36","date_gmt":"2024-01-17T14:53:36","guid":{"rendered":"https:\/\/reinmedical.com\/impronta\/"},"modified":"2026-04-01T06:17:50","modified_gmt":"2026-04-01T06:17:50","slug":"impronta","status":"publish","type":"page","link":"https:\/\/reinmedical.com\/it\/impronta\/","title":{"rendered":"IMPRONTA"},"content":{"rendered":"<p><div class=\"fusion-fullwidth fullwidth-box fusion-builder-row-1 fusion-flex-container has-pattern-background has-mask-background fusion-parallax-none nonhundred-percent-fullwidth non-hundred-percent-height-scrolling lazyload gradient-container-1\" style=\"--awb-border-radius-top-left:0px;--awb-border-radius-top-right:0px;--awb-border-radius-bottom-right:0px;--awb-border-radius-bottom-left:0px;--awb-min-height:500px;--awb-background-size:cover;--awb-flex-wrap:wrap;\" data-bg=\"https:\/\/reinmedical.com\/wp-content\/uploads\/2024\/01\/header-s-1600.jpg\" ><div class=\"fusion-builder-row fusion-row fusion-flex-align-items-center fusion-flex-align-content-center fusion-flex-content-wrap\" style=\"max-width:1248px;margin-left: calc(-4% \/ 2 );margin-right: calc(-4% \/ 2 );\"><div class=\"fusion-layout-column fusion_builder_column fusion-builder-column-0 fusion_builder_column_1_1 1_1 fusion-flex-column\" style=\"--awb-bg-size:cover;--awb-width-large:100%;--awb-margin-top-large:0px;--awb-spacing-right-large:1.92%;--awb-margin-bottom-large:20px;--awb-spacing-left-large:1.92%;--awb-width-medium:100%;--awb-order-medium:0;--awb-spacing-right-medium:1.92%;--awb-spacing-left-medium:1.92%;--awb-width-small:100%;--awb-order-small:0;--awb-spacing-right-small:1.92%;--awb-spacing-left-small:1.92%;\"><div class=\"fusion-column-wrapper fusion-column-has-shadow fusion-flex-justify-content-flex-start fusion-content-layout-column\"><div class=\"fusion-text fusion-text-1\"><h1 style=\"text-align: center;\"><span style=\"color: #ffffff;\">Impronta e disclaimer<\/span><\/h1>\n<\/div><\/div><\/div><\/div><\/div><div class=\"fusion-fullwidth fullwidth-box fusion-builder-row-2 fusion-flex-container has-pattern-background has-mask-background nonhundred-percent-fullwidth non-hundred-percent-height-scrolling gradient-container-2\" style=\"--awb-border-radius-top-left:0px;--awb-border-radius-top-right:0px;--awb-border-radius-bottom-right:0px;--awb-border-radius-bottom-left:0px;--awb-margin-top:50px;--awb-flex-wrap:wrap;\" ><div class=\"fusion-builder-row fusion-row fusion-flex-align-items-flex-start fusion-flex-content-wrap\" style=\"max-width:1248px;margin-left: calc(-4% \/ 2 );margin-right: calc(-4% \/ 2 );\"><div class=\"fusion-layout-column fusion_builder_column fusion-builder-column-1 fusion_builder_column_1_1 1_1 fusion-flex-column\" style=\"--awb-bg-size:cover;--awb-width-large:100%;--awb-margin-top-large:0px;--awb-spacing-right-large:1.92%;--awb-margin-bottom-large:20px;--awb-spacing-left-large:1.92%;--awb-width-medium:100%;--awb-order-medium:0;--awb-spacing-right-medium:1.92%;--awb-spacing-left-medium:1.92%;--awb-width-small:100%;--awb-order-small:0;--awb-spacing-right-small:1.92%;--awb-spacing-left-small:1.92%;\"><div class=\"fusion-column-wrapper fusion-column-has-shadow fusion-flex-justify-content-flex-start fusion-content-layout-column\"><div class=\"fusion-text fusion-text-2\"><h2>IMPRINTING E DISCLAIMER<\/h2>\n<p>Identificazione del fornitore ai sensi del Trattato sui Media di Stato<\/p>\n<p>CONTENUTO DELL&#8217;OFFERTA ONLINE<\/p>\n<p>Rein Medical GmbH non si assume alcuna responsabilit\u00e0 per l&#8217;attualit\u00e0, la correttezza, la completezza o la qualit\u00e0 delle informazioni fornite. Le richieste di responsabilit\u00e0 nei confronti dell&#8217;autore relative a danni materiali o immateriali causati dall&#8217;uso o dal mancato uso delle informazioni fornite o dall&#8217;uso di informazioni errate o incomplete sono fondamentalmente escluse, a meno che non vi siano prove di dolo o grave negligenza da parte dell&#8217;autore.<br \/>\nTutte le offerte sono soggette a modifiche e non sono vincolanti. L&#8217;autore si riserva espressamente il diritto di modificare, integrare o cancellare parti delle pagine o l&#8217;intera offerta senza preavviso o di interrompere temporaneamente o definitivamente la pubblicazione.  <\/p>\n<p>RIFERIMENTI E LINK<\/p>\n<p>Nel caso di riferimenti diretti o indiretti a siti web esterni (&#8220;link&#8221;) che esulano dall&#8217;area di responsabilit\u00e0 di Rein Medical GmbH, l&#8217;obbligo di responsabilit\u00e0 entrer\u00e0 in vigore solo nel caso in cui Rein Medical GmbH sia a conoscenza del contenuto e sia tecnicamente possibile e ragionevole impedirne l&#8217;utilizzo in caso di contenuti illegali.<br \/>\nRein Medical GmbH dichiara pertanto espressamente che, al momento della creazione dei link, le relative pagine collegate erano prive di contenuti illegali. Rein Medical GmbH non ha alcuna influenza sul design e sui contenuti attuali e futuri delle pagine collegate. Pertanto, prende espressamente le distanze da tutti i contenuti delle pagine collegate che sono stati modificati dopo la creazione del link. Questa dichiarazione si applica a tutti i link e i riferimenti presenti nel sito web di ReinMedical GmbH, nonch\u00e9 alle voci di terzi nei libri degli ospiti, nei forum di discussione e nelle mailing list create da ReinMedical GmbH. La responsabilit\u00e0 per i contenuti illegali, errati o incompleti e, in particolare, per i danni derivanti dall&#8217;uso o dal mancato uso di tali informazioni \u00e8 esclusivamente del fornitore della pagina a cui si fa riferimento e non della persona che si limita a rimandare alla rispettiva pubblicazione tramite link.    <\/p>\n<p>DIRITTO D&#8217;AUTORE E DEI MARCHI<\/p>\n<p>Rein Medical GmbH si impegna a rispettare i diritti d&#8217;autore dei grafici, dei documenti sonori, delle sequenze video e dei testi utilizzati in tutte le pubblicazioni, a utilizzare grafici, documenti sonori, sequenze video e testi da essa stessa creati o a utilizzare grafici, documenti sonori, sequenze video e testi privi di licenza.<br \/>\nTutti i marchi e le marche commerciali citati nel sito web ed eventualmente protetti da terzi sono soggetti senza limitazioni alle disposizioni della legge sui marchi applicabile e ai diritti di propriet\u00e0 dei rispettivi proprietari registrati. La semplice menzione di un marchio non implica che esso non sia protetto da diritti di terzi!<br \/>\nIl copyright degli oggetti pubblicati creati da Rein Medical GmbH rimane esclusivamente dell&#8217;autore delle pagine. La riproduzione o l&#8217;utilizzo di tali grafici, documenti audio, sequenze video e testi in altre pubblicazioni elettroniche o stampate non \u00e8 consentita senza l&#8217;espresso consenso di Rein Medical GmbH. <\/p>\n<p>PROTEZIONE DEI DATI<\/p>\n<p>Se viene offerta la possibilit\u00e0 di inserire dati personali o aziendali (indirizzi e-mail, nomi, indirizzi), l&#8217;inserimento di tali dati avviene volontariamente. L&#8217;utilizzo e il pagamento di tutti i servizi offerti sono consentiti &#8211; per quanto tecnicamente possibile e ragionevole &#8211; anche senza l&#8217;inserimento di tali dati o inserendo dati anonimi o uno pseudonimo. <\/p>\n<p>NOTE SULLA RACCOLTA DI DATI STATISTICI CON ETRACKER<\/p>\n<p>Questo sito web utilizza la tecnologia di etracker GmbH <a href=\"http:\/\/www.etracker.de\/\">www.etracker.de<\/a> per raccogliere e memorizzare dati a fini di marketing e ottimizzazione. Questi dati vengono utilizzati per creare profili utente con uno pseudonimo. A tal fine possono essere utilizzati dei cookie. I cookie sono piccoli file di testo che vengono memorizzati localmente nella cache del browser Internet del visitatore del sito. I cookie consentono di riconoscere il browser internet. I dati raccolti utilizzando le tecnologie etracker non saranno utilizzati per identificare personalmente il visitatore di questo sito web e non saranno uniti ai dati personali del portatore dello pseudonimo senza il consenso separato dell&#8217;interessato. La raccolta e l&#8217;archiviazione dei dati possono essere <a href=\"http:\/\/www.etracker.de\/privacy?et=5HVuuV\">annullate<\/a> in qualsiasi momento con effetto per il futuro.      <\/p>\n<p>Rein Medical GmbH utilizza la tecnologia etracker per consentire un&#8217;analisi statistica dell&#8217;utilizzo del sito web. Le informazioni generate sull&#8217;utilizzo del sito web da parte dell&#8217;utente vengono utilizzate principalmente per creare analisi e grafici sul numero di visitatori e contatti visivi. Le utilizziamo esclusivamente per le nostre ricerche di mercato e, soprattutto, per l&#8217;ottimizzazione e la progettazione del nostro sito web in base alle esigenze.  <\/p>\n<p>VALIDIT\u00c0 LEGALE DELLA PRESENTE CLAUSOLA DI ESCLUSIONE DELLA RESPONSABILIT\u00c0<\/p>\n<p>Questa dichiarazione di non responsabilit\u00e0 deve essere considerata come parte integrante della pubblicazione internet da cui sei stato indirizzato. Se alcune sezioni o singoli termini di questa dichiarazione non sono legali o corretti, il contenuto o la validit\u00e0 delle altre parti non sono influenzati da questo fatto. <\/p>\n<p>NOME E INDIRIZZO<\/p>\n<p>Rein Medical GmbH<br \/>\nMonforts Quartier 23<br \/>\n41238 M\u00f6nchengladbach<\/p>\n<p>Tel +49 2161 \/ 6984 &#8211; 0<br \/>\nFax +49 2161 \/ 6984 &#8211; 259<br \/>\nE-mail info@reinmedical.com<\/p>\n<p>AMMINISTRATORE DELEGATO<\/p>\n<p>Dr. Markus Keussen<\/p>\n<p>Dr. Peter Kohrs<\/p>\n<h1><\/h1>\n<p>VOCI DEL REGISTRO<\/p>\n<p>Tribunale del registro: Tribunale locale di M\u00f6nchengladbach<br \/>\nRegistro delle imprese: HRB 15810<\/p>\n<p>Numero di identificazione dell&#8217;imposta sulle vendite (VAT-ID) secondo (\u00a7 27a UStG)<br \/>\nUSt-IdNr: DE 811604837<br \/>\nWEEE Reg No: DE 59730470<\/p>\n<\/div><\/div><\/div><\/div><\/div><\/p>\n","protected":false},"excerpt":{"rendered":"","protected":false},"author":1,"featured_media":0,"parent":0,"menu_order":0,"comment_status":"closed","ping_status":"closed","template":"100-width.php","meta":{"_acf_changed":false,"inline_featured_image":false,"footnotes":""},"class_list":["post-4389","page","type-page","status-publish","hentry"],"acf":[],"yoast_head":"<!-- This site is optimized with the Yoast SEO plugin v27.3 - https:\/\/yoast.com\/product\/yoast-seo-wordpress\/ -->\n<title>IMPRONTA - Rein Medical<\/title>\n<meta name=\"robots\" content=\"index, follow, max-snippet:-1, max-image-preview:large, max-video-preview:-1\" \/>\n<link rel=\"canonical\" href=\"https:\/\/reinmedical.com\/it\/impronta\/\" \/>\n<meta property=\"og:locale\" content=\"it_IT\" \/>\n<meta property=\"og:type\" content=\"article\" \/>\n<meta property=\"og:title\" content=\"IMPRONTA - Rein Medical\" \/>\n<meta property=\"og:url\" content=\"https:\/\/reinmedical.com\/it\/impronta\/\" \/>\n<meta property=\"og:site_name\" content=\"Rein Medical\" \/>\n<meta property=\"article:modified_time\" content=\"2026-04-01T06:17:50+00:00\" \/>\n<meta name=\"twitter:card\" content=\"summary_large_image\" \/>\n<meta name=\"twitter:label1\" content=\"Tempo di lettura stimato\" \/>\n\t<meta name=\"twitter:data1\" content=\"10 minuti\" \/>\n<script type=\"application\/ld+json\" class=\"yoast-schema-graph\">{\"@context\":\"https:\\\/\\\/schema.org\",\"@graph\":[{\"@type\":\"WebPage\",\"@id\":\"https:\\\/\\\/reinmedical.com\\\/it\\\/impronta\\\/\",\"url\":\"https:\\\/\\\/reinmedical.com\\\/it\\\/impronta\\\/\",\"name\":\"IMPRONTA - Rein Medical\",\"isPartOf\":{\"@id\":\"https:\\\/\\\/reinmedical.com\\\/it\\\/#website\"},\"datePublished\":\"2024-01-17T14:53:36+00:00\",\"dateModified\":\"2026-04-01T06:17:50+00:00\",\"breadcrumb\":{\"@id\":\"https:\\\/\\\/reinmedical.com\\\/it\\\/impronta\\\/#breadcrumb\"},\"inLanguage\":\"it-IT\",\"potentialAction\":[{\"@type\":\"ReadAction\",\"target\":[\"https:\\\/\\\/reinmedical.com\\\/it\\\/impronta\\\/\"]}]},{\"@type\":\"BreadcrumbList\",\"@id\":\"https:\\\/\\\/reinmedical.com\\\/it\\\/impronta\\\/#breadcrumb\",\"itemListElement\":[{\"@type\":\"ListItem\",\"position\":1,\"name\":\"Startseite\",\"item\":\"https:\\\/\\\/reinmedical.com\\\/it\\\/casa\\\/\"},{\"@type\":\"ListItem\",\"position\":2,\"name\":\"IMPRONTA\"}]},{\"@type\":\"WebSite\",\"@id\":\"https:\\\/\\\/reinmedical.com\\\/it\\\/#website\",\"url\":\"https:\\\/\\\/reinmedical.com\\\/it\\\/\",\"name\":\"Rein Medical\",\"description\":\"\",\"potentialAction\":[{\"@type\":\"SearchAction\",\"target\":{\"@type\":\"EntryPoint\",\"urlTemplate\":\"https:\\\/\\\/reinmedical.com\\\/it\\\/?s={search_term_string}\"},\"query-input\":{\"@type\":\"PropertyValueSpecification\",\"valueRequired\":true,\"valueName\":\"search_term_string\"}}],\"inLanguage\":\"it-IT\"}]}<\/script>\n<!-- \/ Yoast SEO plugin. -->","yoast_head_json":{"title":"IMPRONTA - Rein Medical","robots":{"index":"index","follow":"follow","max-snippet":"max-snippet:-1","max-image-preview":"max-image-preview:large","max-video-preview":"max-video-preview:-1"},"canonical":"https:\/\/reinmedical.com\/it\/impronta\/","og_locale":"it_IT","og_type":"article","og_title":"IMPRONTA - Rein Medical","og_url":"https:\/\/reinmedical.com\/it\/impronta\/","og_site_name":"Rein Medical","article_modified_time":"2026-04-01T06:17:50+00:00","twitter_card":"summary_large_image","twitter_misc":{"Tempo di lettura stimato":"10 minuti"},"schema":{"@context":"https:\/\/schema.org","@graph":[{"@type":"WebPage","@id":"https:\/\/reinmedical.com\/it\/impronta\/","url":"https:\/\/reinmedical.com\/it\/impronta\/","name":"IMPRONTA - Rein Medical","isPartOf":{"@id":"https:\/\/reinmedical.com\/it\/#website"},"datePublished":"2024-01-17T14:53:36+00:00","dateModified":"2026-04-01T06:17:50+00:00","breadcrumb":{"@id":"https:\/\/reinmedical.com\/it\/impronta\/#breadcrumb"},"inLanguage":"it-IT","potentialAction":[{"@type":"ReadAction","target":["https:\/\/reinmedical.com\/it\/impronta\/"]}]},{"@type":"BreadcrumbList","@id":"https:\/\/reinmedical.com\/it\/impronta\/#breadcrumb","itemListElement":[{"@type":"ListItem","position":1,"name":"Startseite","item":"https:\/\/reinmedical.com\/it\/casa\/"},{"@type":"ListItem","position":2,"name":"IMPRONTA"}]},{"@type":"WebSite","@id":"https:\/\/reinmedical.com\/it\/#website","url":"https:\/\/reinmedical.com\/it\/","name":"Rein Medical","description":"","potentialAction":[{"@type":"SearchAction","target":{"@type":"EntryPoint","urlTemplate":"https:\/\/reinmedical.com\/it\/?s={search_term_string}"},"query-input":{"@type":"PropertyValueSpecification","valueRequired":true,"valueName":"search_term_string"}}],"inLanguage":"it-IT"}]}},"_links":{"self":[{"href":"https:\/\/reinmedical.com\/it\/wp-json\/wp\/v2\/pages\/4389","targetHints":{"allow":["GET"]}}],"collection":[{"href":"https:\/\/reinmedical.com\/it\/wp-json\/wp\/v2\/pages"}],"about":[{"href":"https:\/\/reinmedical.com\/it\/wp-json\/wp\/v2\/types\/page"}],"author":[{"embeddable":true,"href":"https:\/\/reinmedical.com\/it\/wp-json\/wp\/v2\/users\/1"}],"replies":[{"embeddable":true,"href":"https:\/\/reinmedical.com\/it\/wp-json\/wp\/v2\/comments?post=4389"}],"version-history":[{"count":5,"href":"https:\/\/reinmedical.com\/it\/wp-json\/wp\/v2\/pages\/4389\/revisions"}],"predecessor-version":[{"id":11586,"href":"https:\/\/reinmedical.com\/it\/wp-json\/wp\/v2\/pages\/4389\/revisions\/11586"}],"wp:attachment":[{"href":"https:\/\/reinmedical.com\/it\/wp-json\/wp\/v2\/media?parent=4389"}],"curies":[{"name":"wp","href":"https:\/\/api.w.org\/{rel}","templated":true}]}}