{"id":7777,"date":"2025-07-21T07:30:03","date_gmt":"2025-07-21T07:30:03","guid":{"rendered":"https:\/\/reinmedical.com\/classes-de-protection-ip\/"},"modified":"2025-07-21T11:54:32","modified_gmt":"2025-07-21T11:54:32","slug":"classes-de-protection-ip","status":"publish","type":"page","link":"https:\/\/reinmedical.com\/fr\/classes-de-protection-ip\/","title":{"rendered":"Classes de protection IP"},"content":{"rendered":"<p><div class=\"fusion-fullwidth fullwidth-box fusion-builder-row-1 fusion-flex-container has-pattern-background has-mask-background fusion-parallax-none nonhundred-percent-fullwidth non-hundred-percent-height-scrolling lazyload gradient-container-1\" style=\"--awb-border-radius-top-left:0px;--awb-border-radius-top-right:0px;--awb-border-radius-bottom-right:0px;--awb-border-radius-bottom-left:0px;--awb-min-height:500px;--awb-background-size:cover;--awb-flex-wrap:wrap;\" data-bg=\"https:\/\/reinmedical.com\/wp-content\/uploads\/2024\/01\/header-s-1600.jpg\" ><div class=\"fusion-builder-row fusion-row fusion-flex-align-items-center fusion-flex-align-content-center fusion-flex-content-wrap\" style=\"max-width:1248px;margin-left: calc(-4% \/ 2 );margin-right: calc(-4% \/ 2 );\"><div class=\"fusion-layout-column fusion_builder_column fusion-builder-column-0 fusion_builder_column_1_1 1_1 fusion-flex-column\" style=\"--awb-bg-size:cover;--awb-width-large:100%;--awb-margin-top-large:0px;--awb-spacing-right-large:1.92%;--awb-margin-bottom-large:20px;--awb-spacing-left-large:1.92%;--awb-width-medium:100%;--awb-order-medium:0;--awb-spacing-right-medium:1.92%;--awb-spacing-left-medium:1.92%;--awb-width-small:100%;--awb-order-small:0;--awb-spacing-right-small:1.92%;--awb-spacing-left-small:1.92%;\"><div class=\"fusion-column-wrapper fusion-column-has-shadow fusion-flex-justify-content-flex-start fusion-content-layout-column\"><div class=\"fusion-text fusion-text-1\"><h1 style=\"text-align: center;\"><span style=\"color: #ffffff;\">Classes de protection IP<\/span><\/h1>\n<\/div><\/div><\/div><\/div><\/div><div class=\"fusion-fullwidth fullwidth-box fusion-builder-row-2 fusion-flex-container has-pattern-background has-mask-background nonhundred-percent-fullwidth non-hundred-percent-height-scrolling gradient-container-2\" style=\"--awb-border-radius-top-left:0px;--awb-border-radius-top-right:0px;--awb-border-radius-bottom-right:0px;--awb-border-radius-bottom-left:0px;--awb-margin-top:50px;--awb-flex-wrap:wrap;\" ><div class=\"fusion-builder-row fusion-row fusion-flex-align-items-flex-start fusion-flex-content-wrap\" style=\"max-width:1248px;margin-left: calc(-4% \/ 2 );margin-right: calc(-4% \/ 2 );\"><div class=\"fusion-layout-column fusion_builder_column fusion-builder-column-1 fusion_builder_column_1_1 1_1 fusion-flex-column\" style=\"--awb-bg-size:cover;--awb-width-large:100%;--awb-margin-top-large:0px;--awb-spacing-right-large:1.92%;--awb-margin-bottom-large:20px;--awb-spacing-left-large:1.92%;--awb-width-medium:100%;--awb-order-medium:0;--awb-spacing-right-medium:1.92%;--awb-spacing-left-medium:1.92%;--awb-width-small:100%;--awb-order-small:0;--awb-spacing-right-small:1.92%;--awb-spacing-left-small:1.92%;\"><div class=\"fusion-column-wrapper fusion-column-has-shadow fusion-flex-justify-content-flex-start fusion-content-layout-column\"><div class=\"fusion-text fusion-text-2\"><div id=\"paragraph_121\" class=\"paragraph paragraph_text\">\n<div class=\"slide-in from-bottom image_text_wrapper col-12 col-md-9 offset-md-3 mt-5 visible\">\n<h2>Protection contre le contact et la p\u00e9n\u00e9tration d&rsquo;eau et de salet\u00e9<\/h2>\n<p>Dans de nombreuses applications, les ordinateurs et les moniteurs doivent fonctionner en toute s\u00e9curit\u00e9 dans des conditions environnementales difficiles pendant de nombreuses ann\u00e9es. La salet\u00e9, les germes, les bact\u00e9ries, la poussi\u00e8re et l&rsquo;humidit\u00e9 sont rarement tenus \u00e0 l&rsquo;\u00e9cart. <\/p>\n<p>Il est \u00e9galement difficile d&rsquo;\u00e9viter les influences d&rsquo;un contact inappropri\u00e9 avec des corps \u00e9trangers ou d&rsquo;autres choses, en particulier au bloc op\u00e9ratoire.<\/p>\n<p>Les classes de protection IP d\u00e9terminent dans quelle mesure un composant \u00e9lectrique peut \u00eatre expos\u00e9 \u00e0 des influences environnementales sans \u00eatre endommag\u00e9 ou pr\u00e9senter un risque pour la s\u00e9curit\u00e9.<\/p>\n<p>Dans les zones m\u00e9dicales sensibles, une protection IP appropri\u00e9e offre une s\u00e9curit\u00e9 pour l&rsquo;appareil et le patient, car les appareils peuvent \u00eatre nettoy\u00e9s sans crainte avec les d\u00e9sinfectants hospitaliers habituels.<\/p>\n<\/div>\n<\/div>\n<\/div><div class=\"fusion-text fusion-text-3\"><table class=\"table table-striped\">\n<thead>\n<tr>\n<th>Indice 1 pour la protection contre les contacts accidentels<\/th>\n<th>IP<\/th>\n<th>Chiffre 2 pour la protection contre l&rsquo;eau<\/th>\n<\/tr>\n<\/thead>\n<tbody>\n<tr>\n<td class=\"text-nowrap\">0<\/td>\n<td>pas de protection contre les contacts accidentels pas de protection contre les corps \u00e9trangers<\/td>\n<td class=\"text-nowrap\">0<\/td>\n<td class=\"text-nowrap\">pas de protection contre l&rsquo;eau<\/td>\n<\/tr>\n<tr>\n<td class=\"text-nowrap\">1<\/td>\n<td>Protection contre les corps \u00e9trangers de diam\u00e8tre &gt;50mm<\/td>\n<td class=\"text-nowrap\">1<\/td>\n<td>Prot\u00e9g\u00e9 contre les gouttes d&rsquo;eau tombant verticalement<\/td>\n<\/tr>\n<tr>\n<td class=\"text-nowrap\">2<\/td>\n<td>Protection contre les corps \u00e9trangers de diam\u00e8tre &gt;12mm<\/td>\n<td class=\"text-nowrap\">2<\/td>\n<td>Prot\u00e9g\u00e9 contre les gouttes d&rsquo;eau tombant en biais (15\u00b0 par rapport \u00e0 la verticale)<\/td>\n<\/tr>\n<tr>\n<td class=\"text-nowrap\">3<\/td>\n<td>Protection contre les corps \u00e9trangers de diam\u00e8tre &gt;2,5mm<\/td>\n<td class=\"text-nowrap\">3<\/td>\n<td>Prot\u00e9g\u00e9 contre les projections d&rsquo;eau (jusqu&rsquo;\u00e0 60\u00b0 par rapport \u00e0 la verticale)<\/td>\n<\/tr>\n<tr>\n<td class=\"text-nowrap\">4<\/td>\n<td>Protection contre les corps \u00e9trangers de diam\u00e8tre &gt;1mm<\/td>\n<td class=\"text-nowrap\">4<\/td>\n<td>Prot\u00e9g\u00e9 contre les projections d&rsquo;eau<\/td>\n<\/tr>\n<tr>\n<td class=\"text-nowrap\">5<\/td>\n<td>Protection totale contre les contacts accidentels, protection contre les d\u00e9p\u00f4ts de poussi\u00e8re \u00e0 l&rsquo;int\u00e9rieur<\/td>\n<td class=\"text-nowrap\">5<\/td>\n<td>Prot\u00e9g\u00e9 contre les jets d&rsquo;eau (de toutes les directions)<\/td>\n<\/tr>\n<tr>\n<td class=\"text-nowrap\">6<\/td>\n<td>Protection totale contre les contacts accidentels, protection contre la p\u00e9n\u00e9tration de poussi\u00e8re<\/td>\n<td class=\"text-nowrap\">6<\/td>\n<td>Prot\u00e9g\u00e9 contre les infiltrations d&rsquo;eau en cas d&rsquo;inondation temporaire<\/td>\n<\/tr>\n<tr>\n<td class=\"text-nowrap\">7<\/td>\n<td class=\"text-nowrap\"><\/td>\n<td class=\"text-nowrap\">7<\/td>\n<td>Prot\u00e9g\u00e9 contre les infiltrations d&rsquo;eau en cas d&rsquo;immersion<\/td>\n<\/tr>\n<tr>\n<td class=\"text-nowrap\">8<\/td>\n<td class=\"text-nowrap\"><\/td>\n<td class=\"text-nowrap\">8<\/td>\n<td>Prot\u00e9g\u00e9 contre les infiltrations d&rsquo;eau en cas d&rsquo;immersion pour une dur\u00e9e ind\u00e9termin\u00e9e<\/td>\n<\/tr>\n<tr>\n<td class=\"text-nowrap\">9<\/td>\n<td class=\"text-nowrap\"><\/td>\n<td class=\"text-nowrap\">9<\/td>\n<td>Prot\u00e9g\u00e9 contre les infiltrations d&rsquo;eau de toute direction, m\u00eame en cas de pression fortement accrue contre le bo\u00eetier. (Nettoyeur haute pression\/\u00e0 jet de vapeur, 80-100 bar) <\/td>\n<\/tr>\n<\/tbody>\n<\/table>\n<\/div><\/div><\/div><\/div><\/div><\/p>\n","protected":false},"excerpt":{"rendered":"","protected":false},"author":1,"featured_media":0,"parent":0,"menu_order":0,"comment_status":"closed","ping_status":"closed","template":"100-width.php","meta":{"_acf_changed":false,"inline_featured_image":false,"footnotes":""},"class_list":["post-7777","page","type-page","status-publish","hentry"],"acf":[],"yoast_head":"<!-- This site is optimized with the Yoast SEO plugin v27.3 - https:\/\/yoast.com\/product\/yoast-seo-wordpress\/ -->\n<title>Classes de protection IP - Rein Medical<\/title>\n<meta name=\"robots\" content=\"index, follow, max-snippet:-1, max-image-preview:large, max-video-preview:-1\" \/>\n<link rel=\"canonical\" href=\"https:\/\/reinmedical.com\/fr\/classes-de-protection-ip\/\" \/>\n<meta property=\"og:locale\" content=\"fr_FR\" \/>\n<meta property=\"og:type\" content=\"article\" \/>\n<meta property=\"og:title\" content=\"Classes de protection IP - Rein Medical\" \/>\n<meta property=\"og:url\" content=\"https:\/\/reinmedical.com\/fr\/classes-de-protection-ip\/\" \/>\n<meta property=\"og:site_name\" content=\"Rein Medical\" \/>\n<meta property=\"article:modified_time\" content=\"2025-07-21T11:54:32+00:00\" \/>\n<meta name=\"twitter:card\" content=\"summary_large_image\" \/>\n<meta name=\"twitter:label1\" content=\"Dur\u00e9e de lecture estim\u00e9e\" \/>\n\t<meta name=\"twitter:data1\" content=\"13 minutes\" \/>\n<script type=\"application\/ld+json\" class=\"yoast-schema-graph\">{\"@context\":\"https:\\\/\\\/schema.org\",\"@graph\":[{\"@type\":\"WebPage\",\"@id\":\"https:\\\/\\\/reinmedical.com\\\/fr\\\/classes-de-protection-ip\\\/\",\"url\":\"https:\\\/\\\/reinmedical.com\\\/fr\\\/classes-de-protection-ip\\\/\",\"name\":\"Classes de protection IP - Rein Medical\",\"isPartOf\":{\"@id\":\"https:\\\/\\\/reinmedical.com\\\/fr\\\/#website\"},\"datePublished\":\"2025-07-21T07:30:03+00:00\",\"dateModified\":\"2025-07-21T11:54:32+00:00\",\"breadcrumb\":{\"@id\":\"https:\\\/\\\/reinmedical.com\\\/fr\\\/classes-de-protection-ip\\\/#breadcrumb\"},\"inLanguage\":\"fr-FR\",\"potentialAction\":[{\"@type\":\"ReadAction\",\"target\":[\"https:\\\/\\\/reinmedical.com\\\/fr\\\/classes-de-protection-ip\\\/\"]}]},{\"@type\":\"BreadcrumbList\",\"@id\":\"https:\\\/\\\/reinmedical.com\\\/fr\\\/classes-de-protection-ip\\\/#breadcrumb\",\"itemListElement\":[{\"@type\":\"ListItem\",\"position\":1,\"name\":\"Startseite\",\"item\":\"https:\\\/\\\/reinmedical.com\\\/fr\\\/home\\\/\"},{\"@type\":\"ListItem\",\"position\":2,\"name\":\"Classes de protection IP\"}]},{\"@type\":\"WebSite\",\"@id\":\"https:\\\/\\\/reinmedical.com\\\/fr\\\/#website\",\"url\":\"https:\\\/\\\/reinmedical.com\\\/fr\\\/\",\"name\":\"Rein Medical\",\"description\":\"\",\"potentialAction\":[{\"@type\":\"SearchAction\",\"target\":{\"@type\":\"EntryPoint\",\"urlTemplate\":\"https:\\\/\\\/reinmedical.com\\\/fr\\\/?s={search_term_string}\"},\"query-input\":{\"@type\":\"PropertyValueSpecification\",\"valueRequired\":true,\"valueName\":\"search_term_string\"}}],\"inLanguage\":\"fr-FR\"}]}<\/script>\n<!-- \/ Yoast SEO plugin. -->","yoast_head_json":{"title":"Classes de protection IP - Rein Medical","robots":{"index":"index","follow":"follow","max-snippet":"max-snippet:-1","max-image-preview":"max-image-preview:large","max-video-preview":"max-video-preview:-1"},"canonical":"https:\/\/reinmedical.com\/fr\/classes-de-protection-ip\/","og_locale":"fr_FR","og_type":"article","og_title":"Classes de protection IP - Rein Medical","og_url":"https:\/\/reinmedical.com\/fr\/classes-de-protection-ip\/","og_site_name":"Rein Medical","article_modified_time":"2025-07-21T11:54:32+00:00","twitter_card":"summary_large_image","twitter_misc":{"Dur\u00e9e de lecture estim\u00e9e":"13 minutes"},"schema":{"@context":"https:\/\/schema.org","@graph":[{"@type":"WebPage","@id":"https:\/\/reinmedical.com\/fr\/classes-de-protection-ip\/","url":"https:\/\/reinmedical.com\/fr\/classes-de-protection-ip\/","name":"Classes de protection IP - Rein Medical","isPartOf":{"@id":"https:\/\/reinmedical.com\/fr\/#website"},"datePublished":"2025-07-21T07:30:03+00:00","dateModified":"2025-07-21T11:54:32+00:00","breadcrumb":{"@id":"https:\/\/reinmedical.com\/fr\/classes-de-protection-ip\/#breadcrumb"},"inLanguage":"fr-FR","potentialAction":[{"@type":"ReadAction","target":["https:\/\/reinmedical.com\/fr\/classes-de-protection-ip\/"]}]},{"@type":"BreadcrumbList","@id":"https:\/\/reinmedical.com\/fr\/classes-de-protection-ip\/#breadcrumb","itemListElement":[{"@type":"ListItem","position":1,"name":"Startseite","item":"https:\/\/reinmedical.com\/fr\/home\/"},{"@type":"ListItem","position":2,"name":"Classes de protection IP"}]},{"@type":"WebSite","@id":"https:\/\/reinmedical.com\/fr\/#website","url":"https:\/\/reinmedical.com\/fr\/","name":"Rein Medical","description":"","potentialAction":[{"@type":"SearchAction","target":{"@type":"EntryPoint","urlTemplate":"https:\/\/reinmedical.com\/fr\/?s={search_term_string}"},"query-input":{"@type":"PropertyValueSpecification","valueRequired":true,"valueName":"search_term_string"}}],"inLanguage":"fr-FR"}]}},"_links":{"self":[{"href":"https:\/\/reinmedical.com\/fr\/wp-json\/wp\/v2\/pages\/7777","targetHints":{"allow":["GET"]}}],"collection":[{"href":"https:\/\/reinmedical.com\/fr\/wp-json\/wp\/v2\/pages"}],"about":[{"href":"https:\/\/reinmedical.com\/fr\/wp-json\/wp\/v2\/types\/page"}],"author":[{"embeddable":true,"href":"https:\/\/reinmedical.com\/fr\/wp-json\/wp\/v2\/users\/1"}],"replies":[{"embeddable":true,"href":"https:\/\/reinmedical.com\/fr\/wp-json\/wp\/v2\/comments?post=7777"}],"version-history":[{"count":0,"href":"https:\/\/reinmedical.com\/fr\/wp-json\/wp\/v2\/pages\/7777\/revisions"}],"wp:attachment":[{"href":"https:\/\/reinmedical.com\/fr\/wp-json\/wp\/v2\/media?parent=7777"}],"curies":[{"name":"wp","href":"https:\/\/api.w.org\/{rel}","templated":true}]}}