{"id":5322,"date":"2024-01-19T06:57:33","date_gmt":"2024-01-19T06:57:33","guid":{"rendered":"https:\/\/reinmedical.com\/affichage-calibrage-et-ajustement\/"},"modified":"2024-08-30T15:43:09","modified_gmt":"2024-08-30T15:43:09","slug":"affichage-calibrage-et-ajustement","status":"publish","type":"page","link":"https:\/\/reinmedical.com\/fr\/affichage-calibrage-et-ajustement\/","title":{"rendered":"Affichage Calibrage et ajustement"},"content":{"rendered":"<p><div class=\"fusion-fullwidth fullwidth-box fusion-builder-row-1 fusion-flex-container has-pattern-background has-mask-background fusion-parallax-none nonhundred-percent-fullwidth non-hundred-percent-height-scrolling lazyload gradient-container-1\" style=\"--awb-border-radius-top-left:0px;--awb-border-radius-top-right:0px;--awb-border-radius-bottom-right:0px;--awb-border-radius-bottom-left:0px;--awb-min-height:500px;--awb-background-size:cover;--awb-flex-wrap:wrap;\" data-bg=\"https:\/\/reinmedical.com\/wp-content\/uploads\/2024\/01\/header-s-1600.jpg\" ><div class=\"fusion-builder-row fusion-row fusion-flex-align-items-center fusion-flex-align-content-center fusion-flex-content-wrap\" style=\"max-width:1248px;margin-left: calc(-4% \/ 2 );margin-right: calc(-4% \/ 2 );\"><div class=\"fusion-layout-column fusion_builder_column fusion-builder-column-0 fusion_builder_column_1_1 1_1 fusion-flex-column\" style=\"--awb-bg-size:cover;--awb-width-large:100%;--awb-margin-top-large:0px;--awb-spacing-right-large:1.92%;--awb-margin-bottom-large:20px;--awb-spacing-left-large:1.92%;--awb-width-medium:100%;--awb-order-medium:0;--awb-spacing-right-medium:1.92%;--awb-spacing-left-medium:1.92%;--awb-width-small:100%;--awb-order-small:0;--awb-spacing-right-small:1.92%;--awb-spacing-left-small:1.92%;\"><div class=\"fusion-column-wrapper fusion-column-has-shadow fusion-flex-justify-content-flex-start fusion-content-layout-column\"><div class=\"fusion-text fusion-text-1\"><h1 style=\"text-align: center;\"><span style=\"color: #ffffff;\">Affichage Calibrage et ajustement<\/span><\/h1>\n<\/div><\/div><\/div><\/div><\/div><div class=\"fusion-fullwidth fullwidth-box fusion-builder-row-2 fusion-flex-container has-pattern-background has-mask-background nonhundred-percent-fullwidth non-hundred-percent-height-scrolling gradient-container-2\" style=\"--awb-border-radius-top-left:0px;--awb-border-radius-top-right:0px;--awb-border-radius-bottom-right:0px;--awb-border-radius-bottom-left:0px;--awb-margin-top:50px;--awb-flex-wrap:wrap;\" ><div class=\"fusion-builder-row fusion-row fusion-flex-align-items-flex-start fusion-flex-content-wrap\" style=\"max-width:1248px;margin-left: calc(-4% \/ 2 );margin-right: calc(-4% \/ 2 );\"><div class=\"fusion-layout-column fusion_builder_column fusion-builder-column-1 fusion_builder_column_1_5 1_5 fusion-flex-column\" style=\"--awb-bg-size:cover;--awb-width-large:20%;--awb-margin-top-large:0px;--awb-spacing-right-large:9.6%;--awb-margin-bottom-large:20px;--awb-spacing-left-large:9.6%;--awb-width-medium:20%;--awb-order-medium:0;--awb-spacing-right-medium:9.6%;--awb-spacing-left-medium:9.6%;--awb-width-small:100%;--awb-order-small:0;--awb-spacing-right-small:1.92%;--awb-spacing-left-small:1.92%;\"><div class=\"fusion-column-wrapper fusion-column-has-shadow fusion-flex-justify-content-flex-start fusion-content-layout-column\"><\/div><\/div><div class=\"fusion-layout-column fusion_builder_column fusion-builder-column-2 fusion_builder_column_4_5 4_5 fusion-flex-column\" style=\"--awb-bg-size:cover;--awb-width-large:80%;--awb-margin-top-large:0px;--awb-spacing-right-large:2.4%;--awb-margin-bottom-large:20px;--awb-spacing-left-large:2.4%;--awb-width-medium:80%;--awb-order-medium:0;--awb-spacing-right-medium:2.4%;--awb-spacing-left-medium:2.4%;--awb-width-small:100%;--awb-order-small:0;--awb-spacing-right-small:1.92%;--awb-spacing-left-small:1.92%;\"><div class=\"fusion-column-wrapper fusion-column-has-shadow fusion-flex-justify-content-flex-start fusion-content-layout-column\"><div class=\"fusion-text fusion-text-2\"><h2>Calibrage<\/h2>\n<p>  Dans aucun autre domaine, la pr\u00e9cision de l&rsquo;image n&rsquo;est aussi importante que dans l&rsquo;environnement m\u00e9dical, par exemple en radiologie ou en chirurgie.<br \/>\nPour garantir la constance de l&rsquo;image, il est non seulement important d&rsquo;utiliser un \u00e9cran de haute qualit\u00e9, mais aussi de le calibrer.<br \/>\nL&rsquo;\u00e9talonnage est la comparaison de deux valeurs \u00e0 une valeur d\u00e9finie.<br \/>\nLes param\u00e8tres importants \u00e0 calibrer sont la luminosit\u00e9, le gamma, la temp\u00e9rature des couleurs et l&rsquo;espace colorim\u00e9trique.<br \/>\nIls doivent correspondre \u00e0 une valeur d\u00e9finie et \u00eatre maintenus constants.<br \/>\nLa luminosit\u00e9 est mesur\u00e9e pour le blanc et est appel\u00e9e Lmax.<br \/>\nGr\u00e2ce \u00e0 la stabilisation automatique de la luminosit\u00e9 (ALS) int\u00e9gr\u00e9e, les r\u00e9glages de luminosit\u00e9 restent stables.<br \/>\nUn autre param\u00e8tre est le gamma d&rsquo;affichage.<br \/>\nIl mesure la relation entre le signal d&rsquo;entr\u00e9e et la luminosit\u00e9.<br \/>\nLe gamma est donc la correction de la luminosit\u00e9 pour les niveaux de gris du moniteur, c&rsquo;est-\u00e0-dire les niveaux entre le noir et le blanc.<\/p>\n<\/div><\/div><\/div><div class=\"fusion-layout-column fusion_builder_column fusion-builder-column-3 fusion_builder_column_1_1 1_1 fusion-flex-column\" style=\"--awb-bg-size:cover;--awb-width-large:100%;--awb-margin-top-large:0px;--awb-spacing-right-large:1.92%;--awb-margin-bottom-large:20px;--awb-spacing-left-large:1.92%;--awb-width-medium:100%;--awb-order-medium:0;--awb-spacing-right-medium:1.92%;--awb-spacing-left-medium:1.92%;--awb-width-small:100%;--awb-order-small:0;--awb-spacing-right-small:1.92%;--awb-spacing-left-small:1.92%;\"><div class=\"fusion-column-wrapper fusion-column-has-shadow fusion-flex-justify-content-flex-start fusion-content-layout-column\"><div class=\"fusion-text fusion-text-3\"><h2>LUT<\/h2>\n<p>  La table de conversion (LUT) est un \u00e9l\u00e9ment central de l&rsquo;\u00e9talonnage des couleurs.<br \/>\nElle sert de table de conversion entre l&rsquo;entr\u00e9e et la sortie.<br \/>\nLe r\u00e9glage en usine ou par l&rsquo;utilisateur d\u00e9termine quelle valeur d&rsquo;entr\u00e9e est associ\u00e9e \u00e0 quelle valeur de sortie.<br \/>\nLa taille de la table LUT est d\u00e9terminante pour le r\u00e9sultat.<br \/>\nPlus il y a de gradations possibles, plus l&rsquo;\u00e9talonnage peut \u00eatre pr\u00e9cis.<\/p>\n<\/div><\/div><\/div><\/div><\/div><div class=\"fusion-fullwidth fullwidth-box fusion-builder-row-3 fusion-flex-container has-pattern-background has-mask-background nonhundred-percent-fullwidth non-hundred-percent-height-scrolling gradient-container-3\" style=\"--awb-border-radius-top-left:0px;--awb-border-radius-top-right:0px;--awb-border-radius-bottom-right:0px;--awb-border-radius-bottom-left:0px;--awb-flex-wrap:wrap;\" ><div class=\"fusion-builder-row fusion-row fusion-flex-align-items-flex-start fusion-flex-content-wrap\" style=\"max-width:1248px;margin-left: calc(-4% \/ 2 );margin-right: calc(-4% \/ 2 );\"><div class=\"fusion-layout-column fusion_builder_column fusion-builder-column-4 fusion_builder_column_1_5 1_5 fusion-flex-column\" style=\"--awb-bg-size:cover;--awb-width-large:20%;--awb-margin-top-large:0px;--awb-spacing-right-large:9.6%;--awb-margin-bottom-large:20px;--awb-spacing-left-large:9.6%;--awb-width-medium:20%;--awb-order-medium:0;--awb-spacing-right-medium:9.6%;--awb-spacing-left-medium:9.6%;--awb-width-small:100%;--awb-order-small:0;--awb-spacing-right-small:1.92%;--awb-spacing-left-small:1.92%;\"><div class=\"fusion-column-wrapper fusion-column-has-shadow fusion-flex-justify-content-flex-start fusion-content-layout-column\"><\/div><\/div><div class=\"fusion-layout-column fusion_builder_column fusion-builder-column-5 fusion_builder_column_4_5 4_5 fusion-flex-column\" style=\"--awb-bg-size:cover;--awb-width-large:80%;--awb-margin-top-large:0px;--awb-spacing-right-large:2.4%;--awb-margin-bottom-large:20px;--awb-spacing-left-large:2.4%;--awb-width-medium:80%;--awb-order-medium:0;--awb-spacing-right-medium:2.4%;--awb-spacing-left-medium:2.4%;--awb-width-small:100%;--awb-order-small:0;--awb-spacing-right-small:1.92%;--awb-spacing-left-small:1.92%;\"><div class=\"fusion-column-wrapper fusion-column-has-shadow fusion-flex-justify-content-flex-start fusion-content-layout-column\"><div class=\"fusion-text fusion-text-4\"><h2>Calibrage 3D LUT<\/h2>\n<p>  L&rsquo;\u00e9cart de couleur per\u00e7u est appel\u00e9 delta E et refl\u00e8te la diff\u00e9rence entre deux valeurs.<br \/>\nLa nouvelle table 3D LUT permet de minimiser encore cet \u00e9cart en offrant la possibilit\u00e9 de cr\u00e9er une matrice 3 x 3, ce qui permet de contr\u00f4ler les canaux R, G, B ind\u00e9pendamment les uns des autres.   <\/p>\n<h2>BT.709, BT.1886 et BT.2020<\/h2>\n<p>  Toutes les couleurs r\u00e9elles \u00e0 afficher sont repr\u00e9sent\u00e9es dans un espace couleur tridimensionnel.<br \/>\nPar espace colorim\u00e9trique, on entend le sous-ensemble de la gamme de couleurs visible par l&rsquo;\u0153il humain.<br \/>\nLes espaces colorim\u00e9triques les plus connus sont BT.709, BT.1886 et BT.2020.<br \/>\nBT.709 standardise les param\u00e8tres pour la TVHD avec un rapport d&rsquo;aspect de 16:9.<br \/>\nBT.1886 a ensuite \u00e9t\u00e9 d\u00e9fini pour standardiser la courbe gamma pour les \u00e9crans plats HDTV.<br \/>\nL&rsquo;exception actuelle est l&rsquo;espace colorim\u00e9trique \u00e9tendu selon BT.2020, qui se concentre sur diff\u00e9rents aspects de l&rsquo;UHDTV.<br \/>\nCet espace colorim\u00e9trique d\u00e9passe l&rsquo;espace colorim\u00e9trique de tous les panneaux actuellement disponibles.<\/p>\n<\/div><div class=\"fusion-image-element \" style=\"text-align:center;--awb-caption-title-font-family:var(--h2_typography-font-family);--awb-caption-title-font-weight:var(--h2_typography-font-weight);--awb-caption-title-font-style:var(--h2_typography-font-style);--awb-caption-title-size:var(--h2_typography-font-size);--awb-caption-title-transform:var(--h2_typography-text-transform);--awb-caption-title-line-height:var(--h2_typography-line-height);--awb-caption-title-letter-spacing:var(--h2_typography-letter-spacing);\"><span class=\" fusion-imageframe imageframe-none imageframe-1 hover-type-none\"><img decoding=\"async\" width=\"368\" height=\"407\" title=\"image6\" src=\"https:\/\/reinmedical.com\/wp-content\/uploads\/2024\/01\/image6.jpg\" data-orig-src=\"https:\/\/reinmedical.com\/wp-content\/uploads\/2024\/01\/image6.jpg\" alt class=\"lazyload img-responsive wp-image-1546\" srcset=\"data:image\/svg+xml,%3Csvg%20xmlns%3D%27http%3A%2F%2Fwww.w3.org%2F2000%2Fsvg%27%20width%3D%27368%27%20height%3D%27407%27%20viewBox%3D%270%200%20368%20407%27%3E%3Crect%20width%3D%27368%27%20height%3D%27407%27%20fill-opacity%3D%220%22%2F%3E%3C%2Fsvg%3E\" data-srcset=\"https:\/\/reinmedical.com\/wp-content\/uploads\/2024\/01\/image6-200x221.jpg 200w, https:\/\/reinmedical.com\/wp-content\/uploads\/2024\/01\/image6.jpg 368w\" data-sizes=\"auto\" data-orig-sizes=\"(max-width: 640px) 100vw, 368px\" \/><\/span><\/div><\/div><\/div><\/div><\/div><div class=\"fusion-fullwidth fullwidth-box fusion-builder-row-4 fusion-flex-container has-pattern-background has-mask-background nonhundred-percent-fullwidth non-hundred-percent-height-scrolling gradient-container-4\" style=\"--awb-border-radius-top-left:0px;--awb-border-radius-top-right:0px;--awb-border-radius-bottom-right:0px;--awb-border-radius-bottom-left:0px;--awb-background-color:var(--awb-color3);--awb-flex-wrap:wrap;\" ><div class=\"fusion-builder-row fusion-row fusion-flex-align-items-flex-start fusion-flex-content-wrap\" style=\"max-width:1248px;margin-left: calc(-4% \/ 2 );margin-right: calc(-4% \/ 2 );\"><div class=\"fusion-layout-column fusion_builder_column fusion-builder-column-6 fusion_builder_column_1_5 1_5 fusion-flex-column\" style=\"--awb-bg-size:cover;--awb-width-large:20%;--awb-margin-top-large:0px;--awb-spacing-right-large:9.6%;--awb-margin-bottom-large:20px;--awb-spacing-left-large:9.6%;--awb-width-medium:20%;--awb-order-medium:0;--awb-spacing-right-medium:9.6%;--awb-spacing-left-medium:9.6%;--awb-width-small:100%;--awb-order-small:0;--awb-spacing-right-small:1.92%;--awb-spacing-left-small:1.92%;\"><div class=\"fusion-column-wrapper fusion-column-has-shadow fusion-flex-justify-content-flex-start fusion-content-layout-column\"><\/div><\/div><div class=\"fusion-layout-column fusion_builder_column fusion-builder-column-7 fusion_builder_column_4_5 4_5 fusion-flex-column\" style=\"--awb-bg-size:cover;--awb-width-large:80%;--awb-margin-top-large:0px;--awb-spacing-right-large:2.4%;--awb-margin-bottom-large:20px;--awb-spacing-left-large:2.4%;--awb-width-medium:80%;--awb-order-medium:0;--awb-spacing-right-medium:2.4%;--awb-spacing-left-medium:2.4%;--awb-width-small:100%;--awb-order-small:0;--awb-spacing-right-small:1.92%;--awb-spacing-left-small:1.92%;\"><div class=\"fusion-column-wrapper fusion-column-has-shadow fusion-flex-justify-content-flex-start fusion-content-layout-column\"><div class=\"fusion-text fusion-text-5\"><h2>Pourquoi Rein Medical ?<\/h2>\n<p>  Les moniteurs Rein Medical UHD high brightness disposent de : &#8211; ALS (Automatic Luminace Stabilisation) qui maintient le moniteur \u00e0 un niveau de luminosit\u00e9 stable pendant toute sa dur\u00e9e de vie.<br \/>\n&#8211; Nouvelle calibration 3D LUT pour DICOM, BT.709, BT.1886 et BT.2020 pour un affichage parfait des niveaux de gris et des couleurs &#8211; Calibration en usine de chaque appareil avant livraison.<\/p>\n<\/div><\/div><\/div><\/div><\/div><\/p>\n","protected":false},"excerpt":{"rendered":"","protected":false},"author":1,"featured_media":0,"parent":0,"menu_order":0,"comment_status":"closed","ping_status":"closed","template":"100-width.php","meta":{"_acf_changed":false,"inline_featured_image":false,"footnotes":""},"class_list":["post-5322","page","type-page","status-publish","hentry"],"acf":[],"yoast_head":"<!-- This site is optimized with the Yoast SEO plugin v27.4 - https:\/\/yoast.com\/product\/yoast-seo-wordpress\/ -->\n<title>Affichage Calibrage et ajustement - Rein Medical<\/title>\n<meta name=\"robots\" content=\"index, follow, max-snippet:-1, max-image-preview:large, max-video-preview:-1\" \/>\n<link rel=\"canonical\" href=\"https:\/\/reinmedical.com\/fr\/affichage-calibrage-et-ajustement\/\" \/>\n<meta property=\"og:locale\" content=\"fr_FR\" \/>\n<meta property=\"og:type\" content=\"article\" \/>\n<meta property=\"og:title\" content=\"Affichage Calibrage et ajustement - Rein Medical\" \/>\n<meta property=\"og:url\" content=\"https:\/\/reinmedical.com\/fr\/affichage-calibrage-et-ajustement\/\" \/>\n<meta property=\"og:site_name\" content=\"Rein Medical\" \/>\n<meta property=\"article:modified_time\" content=\"2024-08-30T15:43:09+00:00\" \/>\n<meta name=\"twitter:card\" content=\"summary_large_image\" \/>\n<meta name=\"twitter:label1\" content=\"Dur\u00e9e de lecture estim\u00e9e\" \/>\n\t<meta name=\"twitter:data1\" content=\"34 minutes\" \/>\n<script type=\"application\/ld+json\" class=\"yoast-schema-graph\">{\"@context\":\"https:\\\/\\\/schema.org\",\"@graph\":[{\"@type\":\"WebPage\",\"@id\":\"https:\\\/\\\/reinmedical.com\\\/fr\\\/affichage-calibrage-et-ajustement\\\/\",\"url\":\"https:\\\/\\\/reinmedical.com\\\/fr\\\/affichage-calibrage-et-ajustement\\\/\",\"name\":\"Affichage Calibrage et ajustement - Rein Medical\",\"isPartOf\":{\"@id\":\"https:\\\/\\\/reinmedical.com\\\/fr\\\/#website\"},\"datePublished\":\"2024-01-19T06:57:33+00:00\",\"dateModified\":\"2024-08-30T15:43:09+00:00\",\"breadcrumb\":{\"@id\":\"https:\\\/\\\/reinmedical.com\\\/fr\\\/affichage-calibrage-et-ajustement\\\/#breadcrumb\"},\"inLanguage\":\"fr-FR\",\"potentialAction\":[{\"@type\":\"ReadAction\",\"target\":[\"https:\\\/\\\/reinmedical.com\\\/fr\\\/affichage-calibrage-et-ajustement\\\/\"]}]},{\"@type\":\"BreadcrumbList\",\"@id\":\"https:\\\/\\\/reinmedical.com\\\/fr\\\/affichage-calibrage-et-ajustement\\\/#breadcrumb\",\"itemListElement\":[{\"@type\":\"ListItem\",\"position\":1,\"name\":\"Startseite\",\"item\":\"https:\\\/\\\/reinmedical.com\\\/fr\\\/home\\\/\"},{\"@type\":\"ListItem\",\"position\":2,\"name\":\"Affichage Calibrage et ajustement\"}]},{\"@type\":\"WebSite\",\"@id\":\"https:\\\/\\\/reinmedical.com\\\/fr\\\/#website\",\"url\":\"https:\\\/\\\/reinmedical.com\\\/fr\\\/\",\"name\":\"Rein Medical\",\"description\":\"\",\"potentialAction\":[{\"@type\":\"SearchAction\",\"target\":{\"@type\":\"EntryPoint\",\"urlTemplate\":\"https:\\\/\\\/reinmedical.com\\\/fr\\\/?s={search_term_string}\"},\"query-input\":{\"@type\":\"PropertyValueSpecification\",\"valueRequired\":true,\"valueName\":\"search_term_string\"}}],\"inLanguage\":\"fr-FR\"}]}<\/script>\n<!-- \/ Yoast SEO plugin. -->","yoast_head_json":{"title":"Affichage Calibrage et ajustement - Rein Medical","robots":{"index":"index","follow":"follow","max-snippet":"max-snippet:-1","max-image-preview":"max-image-preview:large","max-video-preview":"max-video-preview:-1"},"canonical":"https:\/\/reinmedical.com\/fr\/affichage-calibrage-et-ajustement\/","og_locale":"fr_FR","og_type":"article","og_title":"Affichage Calibrage et ajustement - Rein Medical","og_url":"https:\/\/reinmedical.com\/fr\/affichage-calibrage-et-ajustement\/","og_site_name":"Rein Medical","article_modified_time":"2024-08-30T15:43:09+00:00","twitter_card":"summary_large_image","twitter_misc":{"Dur\u00e9e de lecture estim\u00e9e":"34 minutes"},"schema":{"@context":"https:\/\/schema.org","@graph":[{"@type":"WebPage","@id":"https:\/\/reinmedical.com\/fr\/affichage-calibrage-et-ajustement\/","url":"https:\/\/reinmedical.com\/fr\/affichage-calibrage-et-ajustement\/","name":"Affichage Calibrage et ajustement - Rein Medical","isPartOf":{"@id":"https:\/\/reinmedical.com\/fr\/#website"},"datePublished":"2024-01-19T06:57:33+00:00","dateModified":"2024-08-30T15:43:09+00:00","breadcrumb":{"@id":"https:\/\/reinmedical.com\/fr\/affichage-calibrage-et-ajustement\/#breadcrumb"},"inLanguage":"fr-FR","potentialAction":[{"@type":"ReadAction","target":["https:\/\/reinmedical.com\/fr\/affichage-calibrage-et-ajustement\/"]}]},{"@type":"BreadcrumbList","@id":"https:\/\/reinmedical.com\/fr\/affichage-calibrage-et-ajustement\/#breadcrumb","itemListElement":[{"@type":"ListItem","position":1,"name":"Startseite","item":"https:\/\/reinmedical.com\/fr\/home\/"},{"@type":"ListItem","position":2,"name":"Affichage Calibrage et ajustement"}]},{"@type":"WebSite","@id":"https:\/\/reinmedical.com\/fr\/#website","url":"https:\/\/reinmedical.com\/fr\/","name":"Rein Medical","description":"","potentialAction":[{"@type":"SearchAction","target":{"@type":"EntryPoint","urlTemplate":"https:\/\/reinmedical.com\/fr\/?s={search_term_string}"},"query-input":{"@type":"PropertyValueSpecification","valueRequired":true,"valueName":"search_term_string"}}],"inLanguage":"fr-FR"}]}},"_links":{"self":[{"href":"https:\/\/reinmedical.com\/fr\/wp-json\/wp\/v2\/pages\/5322","targetHints":{"allow":["GET"]}}],"collection":[{"href":"https:\/\/reinmedical.com\/fr\/wp-json\/wp\/v2\/pages"}],"about":[{"href":"https:\/\/reinmedical.com\/fr\/wp-json\/wp\/v2\/types\/page"}],"author":[{"embeddable":true,"href":"https:\/\/reinmedical.com\/fr\/wp-json\/wp\/v2\/users\/1"}],"replies":[{"embeddable":true,"href":"https:\/\/reinmedical.com\/fr\/wp-json\/wp\/v2\/comments?post=5322"}],"version-history":[{"count":0,"href":"https:\/\/reinmedical.com\/fr\/wp-json\/wp\/v2\/pages\/5322\/revisions"}],"wp:attachment":[{"href":"https:\/\/reinmedical.com\/fr\/wp-json\/wp\/v2\/media?parent=5322"}],"curies":[{"name":"wp","href":"https:\/\/api.w.org\/{rel}","templated":true}]}}