{"id":5050,"date":"2024-01-02T10:05:15","date_gmt":"2024-01-02T10:05:15","guid":{"rendered":"https:\/\/reinmedical.com\/page-dechantillons\/"},"modified":"2024-01-02T10:05:15","modified_gmt":"2024-01-02T10:05:15","slug":"page-dechantillons","status":"publish","type":"page","link":"https:\/\/reinmedical.com\/fr\/page-dechantillons\/","title":{"rendered":"Page d&rsquo;\u00e9chantillons"},"content":{"rendered":"\n<p>Voici un exemple de page.\nElle est diff\u00e9rente d&rsquo;un billet de blog car elle restera au m\u00eame endroit et appara\u00eetra dans la navigation de votre site (dans la plupart des th\u00e8mes).\nLa plupart des gens commencent par une page A propos qui les pr\u00e9sente aux visiteurs potentiels du site.\nElle peut dire quelque chose comme ceci :   <\/p>\n\n\n\n<blockquote class=\"wp-block-quote is-layout-flow wp-block-quote-is-layout-flow\"><p>Bonjour \u00e0 tous !\nJe suis un messager \u00e0 v\u00e9lo le jour, un acteur en herbe la nuit, et voici mon site web.\nJe vis \u00e0 Los Angeles, j&rsquo;ai un grand chien qui s&rsquo;appelle Jack, et j&rsquo;aime les pi\u00f1a coladas.\n(Et je suis pris sous la pluie).   <\/p><\/blockquote>\n\n\n\n<p>ou quelque chose comme \u00e7a :<\/p>\n\n\n\n<blockquote class=\"wp-block-quote is-layout-flow wp-block-quote-is-layout-flow\"><p>The XYZ Doohickey Company a \u00e9t\u00e9 fond\u00e9e en 1971, et a toujours fourni des doohickeys de qualit\u00e9 au public.\nSitu\u00e9e \u00e0 Gotham City, XYZ emploie plus de 2 000 personnes et fait toutes sortes de choses g\u00e9niales pour la communaut\u00e9 de Gotham. <\/p><\/blockquote>\n\n\n\n<p>En tant que nouvel utilisateur de WordPress, vous devriez aller dans <a href=\"http:\/\/wp.hannas-makramee.de\/wp-admin\/\">votre tableau de bord<\/a> pour supprimer cette page et cr\u00e9er de nouvelles pages pour votre contenu.\nAmusez-vous bien ! <\/p>\n","protected":false},"excerpt":{"rendered":"<p>Voici un exemple de page. Elle est diff\u00e9rente d&rsquo;un billet  [&#8230;]<\/p>\n","protected":false},"author":1,"featured_media":0,"parent":0,"menu_order":0,"comment_status":"closed","ping_status":"open","template":"","meta":{"_acf_changed":false,"inline_featured_image":false,"footnotes":""},"class_list":["post-5050","page","type-page","status-publish","hentry"],"acf":[],"yoast_head":"<!-- This site is optimized with the Yoast SEO plugin v27.4 - https:\/\/yoast.com\/product\/yoast-seo-wordpress\/ -->\n<title>Page d&#039;\u00e9chantillons - Rein Medical<\/title>\n<meta name=\"robots\" content=\"index, follow, max-snippet:-1, max-image-preview:large, max-video-preview:-1\" \/>\n<link rel=\"canonical\" href=\"https:\/\/reinmedical.com\/fr\/page-dechantillons\/\" \/>\n<meta property=\"og:locale\" content=\"fr_FR\" \/>\n<meta property=\"og:type\" content=\"article\" \/>\n<meta property=\"og:title\" content=\"Page d&#039;\u00e9chantillons - Rein Medical\" \/>\n<meta property=\"og:description\" content=\"Voici un exemple de page. Elle est diff\u00e9rente d&rsquo;un billet [...]\" \/>\n<meta property=\"og:url\" content=\"https:\/\/reinmedical.com\/fr\/page-dechantillons\/\" \/>\n<meta property=\"og:site_name\" content=\"Rein Medical\" \/>\n<meta name=\"twitter:card\" content=\"summary_large_image\" \/>\n<meta name=\"twitter:label1\" content=\"Dur\u00e9e de lecture estim\u00e9e\" \/>\n\t<meta name=\"twitter:data1\" content=\"1 minute\" \/>\n<script type=\"application\/ld+json\" class=\"yoast-schema-graph\">{\"@context\":\"https:\\\/\\\/schema.org\",\"@graph\":[{\"@type\":\"WebPage\",\"@id\":\"https:\\\/\\\/reinmedical.com\\\/fr\\\/page-dechantillons\\\/\",\"url\":\"https:\\\/\\\/reinmedical.com\\\/fr\\\/page-dechantillons\\\/\",\"name\":\"Page d'\u00e9chantillons - Rein Medical\",\"isPartOf\":{\"@id\":\"https:\\\/\\\/reinmedical.com\\\/fr\\\/#website\"},\"datePublished\":\"2024-01-02T10:05:15+00:00\",\"breadcrumb\":{\"@id\":\"https:\\\/\\\/reinmedical.com\\\/fr\\\/page-dechantillons\\\/#breadcrumb\"},\"inLanguage\":\"fr-FR\",\"potentialAction\":[{\"@type\":\"ReadAction\",\"target\":[\"https:\\\/\\\/reinmedical.com\\\/fr\\\/page-dechantillons\\\/\"]}]},{\"@type\":\"BreadcrumbList\",\"@id\":\"https:\\\/\\\/reinmedical.com\\\/fr\\\/page-dechantillons\\\/#breadcrumb\",\"itemListElement\":[{\"@type\":\"ListItem\",\"position\":1,\"name\":\"Startseite\",\"item\":\"https:\\\/\\\/reinmedical.com\\\/fr\\\/home\\\/\"},{\"@type\":\"ListItem\",\"position\":2,\"name\":\"Page d&#8217;\u00e9chantillons\"}]},{\"@type\":\"WebSite\",\"@id\":\"https:\\\/\\\/reinmedical.com\\\/fr\\\/#website\",\"url\":\"https:\\\/\\\/reinmedical.com\\\/fr\\\/\",\"name\":\"Rein Medical\",\"description\":\"\",\"potentialAction\":[{\"@type\":\"SearchAction\",\"target\":{\"@type\":\"EntryPoint\",\"urlTemplate\":\"https:\\\/\\\/reinmedical.com\\\/fr\\\/?s={search_term_string}\"},\"query-input\":{\"@type\":\"PropertyValueSpecification\",\"valueRequired\":true,\"valueName\":\"search_term_string\"}}],\"inLanguage\":\"fr-FR\"}]}<\/script>\n<!-- \/ Yoast SEO plugin. -->","yoast_head_json":{"title":"Page d'\u00e9chantillons - Rein Medical","robots":{"index":"index","follow":"follow","max-snippet":"max-snippet:-1","max-image-preview":"max-image-preview:large","max-video-preview":"max-video-preview:-1"},"canonical":"https:\/\/reinmedical.com\/fr\/page-dechantillons\/","og_locale":"fr_FR","og_type":"article","og_title":"Page d'\u00e9chantillons - Rein Medical","og_description":"Voici un exemple de page. Elle est diff\u00e9rente d&rsquo;un billet [...]","og_url":"https:\/\/reinmedical.com\/fr\/page-dechantillons\/","og_site_name":"Rein Medical","twitter_card":"summary_large_image","twitter_misc":{"Dur\u00e9e de lecture estim\u00e9e":"1 minute"},"schema":{"@context":"https:\/\/schema.org","@graph":[{"@type":"WebPage","@id":"https:\/\/reinmedical.com\/fr\/page-dechantillons\/","url":"https:\/\/reinmedical.com\/fr\/page-dechantillons\/","name":"Page d'\u00e9chantillons - Rein Medical","isPartOf":{"@id":"https:\/\/reinmedical.com\/fr\/#website"},"datePublished":"2024-01-02T10:05:15+00:00","breadcrumb":{"@id":"https:\/\/reinmedical.com\/fr\/page-dechantillons\/#breadcrumb"},"inLanguage":"fr-FR","potentialAction":[{"@type":"ReadAction","target":["https:\/\/reinmedical.com\/fr\/page-dechantillons\/"]}]},{"@type":"BreadcrumbList","@id":"https:\/\/reinmedical.com\/fr\/page-dechantillons\/#breadcrumb","itemListElement":[{"@type":"ListItem","position":1,"name":"Startseite","item":"https:\/\/reinmedical.com\/fr\/home\/"},{"@type":"ListItem","position":2,"name":"Page d&#8217;\u00e9chantillons"}]},{"@type":"WebSite","@id":"https:\/\/reinmedical.com\/fr\/#website","url":"https:\/\/reinmedical.com\/fr\/","name":"Rein Medical","description":"","potentialAction":[{"@type":"SearchAction","target":{"@type":"EntryPoint","urlTemplate":"https:\/\/reinmedical.com\/fr\/?s={search_term_string}"},"query-input":{"@type":"PropertyValueSpecification","valueRequired":true,"valueName":"search_term_string"}}],"inLanguage":"fr-FR"}]}},"_links":{"self":[{"href":"https:\/\/reinmedical.com\/fr\/wp-json\/wp\/v2\/pages\/5050","targetHints":{"allow":["GET"]}}],"collection":[{"href":"https:\/\/reinmedical.com\/fr\/wp-json\/wp\/v2\/pages"}],"about":[{"href":"https:\/\/reinmedical.com\/fr\/wp-json\/wp\/v2\/types\/page"}],"author":[{"embeddable":true,"href":"https:\/\/reinmedical.com\/fr\/wp-json\/wp\/v2\/users\/1"}],"replies":[{"embeddable":true,"href":"https:\/\/reinmedical.com\/fr\/wp-json\/wp\/v2\/comments?post=5050"}],"version-history":[{"count":0,"href":"https:\/\/reinmedical.com\/fr\/wp-json\/wp\/v2\/pages\/5050\/revisions"}],"wp:attachment":[{"href":"https:\/\/reinmedical.com\/fr\/wp-json\/wp\/v2\/media?parent=5050"}],"curies":[{"name":"wp","href":"https:\/\/api.w.org\/{rel}","templated":true}]}}