{"id":4862,"date":"2024-01-11T09:23:26","date_gmt":"2024-01-11T09:23:26","guid":{"rendered":"https:\/\/reinmedical.com\/formulaire-de-contact\/"},"modified":"2025-08-18T07:27:51","modified_gmt":"2025-08-18T07:27:51","slug":"formulaire-de-contact","status":"publish","type":"page","link":"https:\/\/reinmedical.com\/fr\/formulaire-de-contact\/","title":{"rendered":"Formulaire de contact"},"content":{"rendered":"<p><div class=\"fusion-fullwidth fullwidth-box fusion-builder-row-1 fusion-flex-container has-pattern-background has-mask-background fusion-parallax-none nonhundred-percent-fullwidth non-hundred-percent-height-scrolling lazyload gradient-container-1\" style=\"--awb-border-radius-top-left:0px;--awb-border-radius-top-right:0px;--awb-border-radius-bottom-right:0px;--awb-border-radius-bottom-left:0px;--awb-background-size:cover;--awb-flex-wrap:wrap;\" data-bg=\"https:\/\/reinmedical.com\/wp-content\/uploads\/2024\/01\/header-series-1200@2x_2.jpg\" ><div class=\"fusion-builder-row fusion-row fusion-flex-align-items-flex-start fusion-flex-content-wrap\" style=\"max-width:1248px;margin-left: calc(-4% \/ 2 );margin-right: calc(-4% \/ 2 );\"><div class=\"fusion-layout-column fusion_builder_column fusion-builder-column-0 fusion_builder_column_1_1 1_1 fusion-flex-column\" style=\"--awb-bg-size:cover;--awb-width-large:100%;--awb-margin-top-large:0px;--awb-spacing-right-large:1.92%;--awb-margin-bottom-large:20px;--awb-spacing-left-large:1.92%;--awb-width-medium:100%;--awb-order-medium:0;--awb-spacing-right-medium:1.92%;--awb-spacing-left-medium:1.92%;--awb-width-small:100%;--awb-order-small:0;--awb-spacing-right-small:1.92%;--awb-spacing-left-small:1.92%;\"><div class=\"fusion-column-wrapper fusion-column-has-shadow fusion-flex-justify-content-flex-start fusion-content-layout-column\"><div class=\"fusion-text fusion-text-1 fusion-text-no-margin\" style=\"--awb-margin-top:80px;--awb-margin-bottom:80px;\"><h1 style=\"text-align: center;\"><span style=\"color: #ffffff;\">Formulaire de contact<\/span><\/h1>\n<\/div><\/div><\/div><\/div><\/div><div class=\"fusion-fullwidth fullwidth-box fusion-builder-row-2 fusion-flex-container has-pattern-background has-mask-background nonhundred-percent-fullwidth non-hundred-percent-height-scrolling gradient-container-2\" style=\"--awb-border-radius-top-left:0px;--awb-border-radius-top-right:0px;--awb-border-radius-bottom-right:0px;--awb-border-radius-bottom-left:0px;--awb-flex-wrap:wrap;\" ><div class=\"fusion-builder-row fusion-row fusion-flex-align-items-flex-start fusion-flex-content-wrap\" style=\"max-width:1248px;margin-left: calc(-4% \/ 2 );margin-right: calc(-4% \/ 2 );\"><div class=\"fusion-layout-column fusion_builder_column fusion-builder-column-1 fusion_builder_column_1_6 1_6 fusion-flex-column\" style=\"--awb-bg-size:cover;--awb-width-large:16.666666666667%;--awb-margin-top-large:0px;--awb-spacing-right-large:11.52%;--awb-margin-bottom-large:20px;--awb-spacing-left-large:11.52%;--awb-width-medium:16.666666666667%;--awb-order-medium:0;--awb-spacing-right-medium:11.52%;--awb-spacing-left-medium:11.52%;--awb-width-small:100%;--awb-order-small:0;--awb-spacing-right-small:1.92%;--awb-spacing-left-small:1.92%;\"><div class=\"fusion-column-wrapper fusion-column-has-shadow fusion-flex-justify-content-flex-start fusion-content-layout-column\"><\/div><\/div><div class=\"fusion-layout-column fusion_builder_column fusion-builder-column-2 fusion_builder_column_5_6 5_6 fusion-flex-column\" style=\"--awb-bg-size:cover;--awb-width-large:83.333333333333%;--awb-margin-top-large:0px;--awb-spacing-right-large:2.304%;--awb-margin-bottom-large:20px;--awb-spacing-left-large:2.304%;--awb-width-medium:83.333333333333%;--awb-order-medium:0;--awb-spacing-right-medium:2.304%;--awb-spacing-left-medium:2.304%;--awb-width-small:100%;--awb-order-small:0;--awb-spacing-right-small:1.92%;--awb-spacing-left-small:1.92%;\"><div class=\"fusion-column-wrapper fusion-column-has-shadow fusion-flex-justify-content-flex-start fusion-content-layout-column\"><div class=\"fusion-form fusion-form-builder fusion-form-form-wrapper fusion-form-5107 has-icon-alignment\" style=\"--awb-tooltip-text-color:#ffffff;--awb-tooltip-background-color:#333333;--awb-form-bg-color:rgba(255,255,255,0);--awb-form-select-bg:var(--awb-color8);--awb-label-font-size:24px;--awb-form-placeholder-color:#a5a5a5;--awb-form-text-color:#a5a5a5;--awb-form-label-color:#a5a5a5;--awb-form-border-width-top:0px;--awb-form-border-width-bottom:2px;--awb-form-border-width-right:0px;--awb-form-border-width-left:0px;--awb-form-border-color:#a5a5a5;--awb-form-border-radius:0px;--awb-icon-alignment-top:0px;--awb-icon-alignment-bottom:2px;--awb-icon-alignment-font-size:1em;\" data-form-id=\"5107\" data-config=\"{&quot;form_id&quot;:5107,&quot;form_post_id&quot;:5107,&quot;post_id&quot;:4862,&quot;form_type&quot;:&quot;ajax&quot;,&quot;confirmation_type&quot;:&quot;message&quot;,&quot;redirect_url&quot;:&quot;&quot;,&quot;redirect_timeout&quot;:&quot;0&quot;,&quot;field_labels&quot;:{&quot;ihr_vollstandiger_name_nachname_vorname&quot;:&quot;Votre nom complet (nom de famille, pr\\u00e9nom)&quot;,&quot;ihr_unternehmen&quot;:&quot;Votre entreprise&quot;,&quot;ihre_email&quot;:&quot;Votre adresse \\u00e9lectronique&quot;,&quot;ihre_telefonnummer&quot;:&quot;Votre num\\u00e9ro de t\\u00e9l\\u00e9phone&quot;,&quot;ihr_anliegen&quot;:&quot;Votre demande&quot;,&quot;ihr_nachr&quot;:&quot;Votre message&quot;,&quot;land&quot;:&quot;Pays&quot;,&quot;hiermit_erklare_ich_mich_damit_einverstanden_dass_meine_daten_zur_bearbeitung_meines_anliegens_bearbeitet_werden_weitere_informationen_und_widerrufshinweise_finden_sie_in_der_datenschutzerklarung_&quot;:&quot;Par la pr\\u00e9sente, j&#039;accepte que mes donn\\u00e9es soient trait\\u00e9es pour r\\u00e9pondre \\u00e0 ma demande. Pour plus d&#039;informations et pour vous r\\u00e9tracter, veuillez consulter la politique de confidentialit\\u00e9.  &quot;},&quot;field_logics&quot;:{&quot;ihr_vollstandiger_name_nachname_vorname&quot;:&quot;&quot;,&quot;ihr_unternehmen&quot;:&quot;&quot;,&quot;ihre_email&quot;:&quot;&quot;,&quot;ihre_telefonnummer&quot;:&quot;&quot;,&quot;ihr_anliegen&quot;:&quot;&quot;,&quot;ihr_nachr&quot;:&quot;&quot;,&quot;land&quot;:&quot;&quot;,&quot;hiermit_erklare_ich_mich_damit_einverstanden_dass_meine_daten_zur_bearbeitung_meines_anliegens_bearbeitet_werden_weitere_informationen_und_widerrufshinweise_finden_sie_in_der_datenschutzerklarung_&quot;:&quot;&quot;,&quot;submit_1&quot;:&quot;&quot;},&quot;field_types&quot;:{&quot;ihr_vollstandiger_name_nachname_vorname&quot;:&quot;text&quot;,&quot;ihr_unternehmen&quot;:&quot;text&quot;,&quot;ihre_email&quot;:&quot;email&quot;,&quot;ihre_telefonnummer&quot;:&quot;phone_number&quot;,&quot;ihr_anliegen&quot;:&quot;text&quot;,&quot;ihr_nachr&quot;:&quot;textarea&quot;,&quot;land&quot;:&quot;radio&quot;,&quot;hiermit_erklare_ich_mich_damit_einverstanden_dass_meine_daten_zur_bearbeitung_meines_anliegens_bearbeitet_werden_weitere_informationen_und_widerrufshinweise_finden_sie_in_der_datenschutzerklarung_&quot;:&quot;checkbox&quot;,&quot;submit_1&quot;:&quot;submit&quot;},&quot;nonce_method&quot;:&quot;ajax&quot;,&quot;form_views&quot;:&quot;ajax&quot;,&quot;form_views_counting&quot;:&quot;all&quot;}\"><form action=\"https:\/\/reinmedical.com\/fr\/formulaire-de-contact\/\" method=\"post\" class=\"fusion-form fusion-form-5107\"><div class=\"fusion-fullwidth fullwidth-box fusion-builder-row-2-1 fusion-flex-container has-pattern-background has-mask-background nonhundred-percent-fullwidth non-hundred-percent-height-scrolling gradient-container-3\" style=\"--awb-border-radius-top-left:0px;--awb-border-radius-top-right:0px;--awb-border-radius-bottom-right:0px;--awb-border-radius-bottom-left:0px;--awb-flex-wrap:wrap;\" ><div class=\"fusion-builder-row fusion-row fusion-flex-align-items-flex-start fusion-flex-content-wrap\" style=\"width:104% !important;max-width:104% !important;margin-left: calc(-4% \/ 2 );margin-right: calc(-4% \/ 2 );\"><div class=\"fusion-layout-column fusion_builder_column fusion-builder-column-3 fusion_builder_column_1_1 1_1 fusion-flex-column\" style=\"--awb-bg-size:cover;--awb-width-large:100%;--awb-flex-grow:0;--awb-flex-shrink:0;--awb-margin-top-large:0px;--awb-spacing-right-large:1.92%;--awb-margin-bottom-large:20px;--awb-spacing-left-large:1.92%;--awb-width-medium:100%;--awb-order-medium:0;--awb-flex-grow-medium:0;--awb-flex-shrink-medium:0;--awb-spacing-right-medium:1.92%;--awb-spacing-left-medium:1.92%;--awb-width-small:100%;--awb-order-small:0;--awb-flex-grow-small:0;--awb-flex-shrink-small:0;--awb-spacing-right-small:1.92%;--awb-spacing-left-small:1.92%;\"><div class=\"fusion-column-wrapper fusion-column-has-shadow fusion-flex-justify-content-flex-start fusion-content-layout-column\"><div class=\"fusion-form-field fusion-form-text-field fusion-form-label-above\" style=\"\" data-form-id=\"5107\"><div class=\"fusion-form-label-wrapper\"><label for=\"ihr_vollstandiger_name_nachname_vorname\">Votre nom complet (nom de famille, pr\u00e9nom)<\/label><\/div><input type=\"text\" autocomplete=\"off\" name=\"ihr_vollstandiger_name_nachname_vorname\" id=\"ihr_vollstandiger_name_nachname_vorname\" value=\"\"  class=\"fusion-form-input\" data-holds-private-data=\"false\" minlength=\"0\"\/><\/div><div class=\"fusion-form-field fusion-form-text-field fusion-form-label-above\" style=\"\" data-form-id=\"5107\"><div class=\"fusion-form-label-wrapper\"><label for=\"ihr_unternehmen\">Votre entreprise <abbr class=\"fusion-form-element-required\" title=\"required\">*<\/abbr><\/label><\/div><input type=\"text\" autocomplete=\"off\" name=\"ihr_unternehmen\" id=\"ihr_unternehmen\" value=\"\"  class=\"fusion-form-input\" required=\"true\" aria-required=\"true\" data-holds-private-data=\"false\" minlength=\"0\"\/><\/div><div class=\"fusion-form-field fusion-form-email-field fusion-form-label-above\" style=\"\" data-form-id=\"5107\"><div class=\"fusion-form-label-wrapper\"><label for=\"ihre_email\">Votre adresse \u00e9lectronique<\/label><\/div><input type=\"email\" autocomplete=\"off\" name=\"ihre_email\" id=\"ihre_email\" value=\"\"  class=\"fusion-form-input\" data-holds-private-data=\"false\"\/><\/div><div class=\"fusion-form-field fusion-form-phone-number-field fusion-form-label-above\" style=\"\" data-form-id=\"5107\"><div class=\"fusion-form-label-wrapper\"><label for=\"ihre_telefonnummer\">Votre num\u00e9ro de t\u00e9l\u00e9phone <abbr class=\"fusion-form-element-required\" title=\"required\">*<\/abbr><\/label><\/div><div class=\"fusion-form-input-with-icon\"><i class=\"awb-form-icon fa-phone-square-alt fas\"><\/i><input type=\"tel\" autocomplete=\"off\" name=\"ihre_telefonnummer\" id=\"ihre_telefonnummer\" value=\"\"  class=\"fusion-form-input\" required=\"true\" aria-required=\"true\" data-holds-private-data=\"false\"\/><\/div><\/div><div class=\"fusion-form-field fusion-form-text-field fusion-form-label-above\" style=\"\" data-form-id=\"5107\"><div class=\"fusion-form-label-wrapper\"><label for=\"ihr_anliegen\">Votre demande<\/label><\/div><input type=\"text\" autocomplete=\"off\" name=\"ihr_anliegen\" id=\"ihr_anliegen\" value=\"\"  class=\"fusion-form-input\" data-holds-private-data=\"false\" minlength=\"0\"\/><\/div><div class=\"fusion-form-field fusion-form-textarea-field fusion-form-label-above\" style=\"\" data-form-id=\"5107\"><label for=\"ihr_nachr\">Votre message<\/label><textarea cols=\"40\" autocomplete=\"off\"  minlength=\"0\"  rows=\"4\" tabindex=\"\" id=\"ihr_nachr\" name=\"ihr_nachr\" class=\"fusion-form-input\" data-holds-private-data=\"false\"><\/textarea><\/div><div class=\"fusion-form-field fusion-form-radio-field fusion-form-label-above\" style=\"\" data-form-id=\"5107\"><fieldset><legend class=\"fusion-form-label-wrapper\"><span class=\"label\">Pays<\/span><\/legend><div class=\"fusion-form-radio\"><input tabindex=\"\" id=\"radio-land-1-0\" type=\"radio\" value=\"Suisse\" name=\"land\" class=\"fusion-form-input\" data-holds-private-data=\"false\"\/><label for=\"radio-land-1-0\">Suisse<\/label><\/div><div class=\"fusion-form-radio\"><input tabindex=\"\" id=\"radio-land-1-1\" type=\"radio\" value=\"Allemagne\" name=\"land\" class=\"fusion-form-input\" data-holds-private-data=\"false\"\/><label for=\"radio-land-1-1\">Allemagne<\/label><\/div><\/fieldset><\/div><div class=\"fusion-form-field fusion-form-checkbox-field fusion-form-label-above\" style=\"\" data-form-id=\"5107\"><fieldset><legend class=\"fusion-form-label-wrapper\"><span class=\"label\">Par la pr\u00e9sente, j&#039;accepte que mes donn\u00e9es soient trait\u00e9es pour r\u00e9pondre \u00e0 ma demande. Pour plus d&#039;informations et pour vous r\u00e9tracter, veuillez consulter la politique de confidentialit\u00e9.   <\/span><\/legend><div class=\"fusion-form-checkbox\"><input tabindex=\"\" id=\"checkbox-hiermit_erklare_ich_mich_damit_einverstanden_dass_meine_daten_zur_bearbeitung_meines_anliegens_bearbeitet_werden_weitere_informationen_und_widerrufshinweise_finden_sie_in_der_datenschutzerklarung_-1-0\" type=\"checkbox\" value=\"Oui\" name=\"hiermit_erklare_ich_mich_damit_einverstanden_dass_meine_daten_zur_bearbeitung_meines_anliegens_bearbeitet_werden_weitere_informationen_und_widerrufshinweise_finden_sie_in_der_datenschutzerklarung_[]\" class=\"fusion-form-input\" data-holds-private-data=\"false\"\/><label for=\"checkbox-hiermit_erklare_ich_mich_damit_einverstanden_dass_meine_daten_zur_bearbeitung_meines_anliegens_bearbeitet_werden_weitere_informationen_und_widerrufshinweise_finden_sie_in_der_datenschutzerklarung_-1-0\">Oui<\/label><\/div><\/fieldset><\/div><div class=\"fusion-form-field fusion-form-submit-field fusion-form-label-above\" style=\"\" data-form-id=\"5107\"><div ><button type=\"submit\" class=\"fusion-button button-flat fusion-button-default-size button-default fusion-button-default button-1 fusion-button-default-span  button-default form-form-submit\" data-form-number=\"5107\" tabindex=\"\"><span class=\"fusion-button-text awb-button__text awb-button__text--default\">Envoyer<\/span><\/button><\/div><\/div><\/div><\/div><\/div><\/div><input type=\"hidden\" name=\"fusion_privacy_store_ip_ua\" value=\"false\"><input type=\"hidden\" name=\"fusion_privacy_expiration_interval\" value=\"48\"><input type=\"hidden\" name=\"privacy_expiration_action\" value=\"anonymize\"><\/form><\/div><\/div><\/div><\/div><\/div><\/p>\n","protected":false},"excerpt":{"rendered":"","protected":false},"author":1,"featured_media":0,"parent":0,"menu_order":0,"comment_status":"closed","ping_status":"closed","template":"100-width.php","meta":{"_acf_changed":false,"inline_featured_image":false,"footnotes":""},"class_list":["post-4862","page","type-page","status-publish","hentry"],"acf":[],"yoast_head":"<!-- This site is optimized with the Yoast SEO plugin v27.3 - https:\/\/yoast.com\/product\/yoast-seo-wordpress\/ -->\n<title>Formulaire de contact - Rein Medical<\/title>\n<meta name=\"robots\" content=\"index, follow, max-snippet:-1, max-image-preview:large, max-video-preview:-1\" \/>\n<link rel=\"canonical\" href=\"https:\/\/reinmedical.com\/fr\/formulaire-de-contact\/\" \/>\n<meta property=\"og:locale\" content=\"fr_FR\" \/>\n<meta property=\"og:type\" content=\"article\" \/>\n<meta property=\"og:title\" content=\"Formulaire de contact - Rein Medical\" \/>\n<meta property=\"og:url\" content=\"https:\/\/reinmedical.com\/fr\/formulaire-de-contact\/\" \/>\n<meta property=\"og:site_name\" content=\"Rein Medical\" \/>\n<meta property=\"article:modified_time\" content=\"2025-08-18T07:27:51+00:00\" \/>\n<meta name=\"twitter:card\" content=\"summary_large_image\" \/>\n<meta name=\"twitter:label1\" content=\"Dur\u00e9e de lecture estim\u00e9e\" \/>\n\t<meta name=\"twitter:data1\" content=\"9 minutes\" \/>\n<script type=\"application\/ld+json\" class=\"yoast-schema-graph\">{\"@context\":\"https:\\\/\\\/schema.org\",\"@graph\":[{\"@type\":\"WebPage\",\"@id\":\"https:\\\/\\\/reinmedical.com\\\/fr\\\/formulaire-de-contact\\\/\",\"url\":\"https:\\\/\\\/reinmedical.com\\\/fr\\\/formulaire-de-contact\\\/\",\"name\":\"Formulaire de contact - Rein Medical\",\"isPartOf\":{\"@id\":\"https:\\\/\\\/reinmedical.com\\\/fr\\\/#website\"},\"datePublished\":\"2024-01-11T09:23:26+00:00\",\"dateModified\":\"2025-08-18T07:27:51+00:00\",\"breadcrumb\":{\"@id\":\"https:\\\/\\\/reinmedical.com\\\/fr\\\/formulaire-de-contact\\\/#breadcrumb\"},\"inLanguage\":\"fr-FR\",\"potentialAction\":[{\"@type\":\"ReadAction\",\"target\":[\"https:\\\/\\\/reinmedical.com\\\/fr\\\/formulaire-de-contact\\\/\"]}]},{\"@type\":\"BreadcrumbList\",\"@id\":\"https:\\\/\\\/reinmedical.com\\\/fr\\\/formulaire-de-contact\\\/#breadcrumb\",\"itemListElement\":[{\"@type\":\"ListItem\",\"position\":1,\"name\":\"Startseite\",\"item\":\"https:\\\/\\\/reinmedical.com\\\/fr\\\/home\\\/\"},{\"@type\":\"ListItem\",\"position\":2,\"name\":\"Formulaire de contact\"}]},{\"@type\":\"WebSite\",\"@id\":\"https:\\\/\\\/reinmedical.com\\\/fr\\\/#website\",\"url\":\"https:\\\/\\\/reinmedical.com\\\/fr\\\/\",\"name\":\"Rein Medical\",\"description\":\"\",\"potentialAction\":[{\"@type\":\"SearchAction\",\"target\":{\"@type\":\"EntryPoint\",\"urlTemplate\":\"https:\\\/\\\/reinmedical.com\\\/fr\\\/?s={search_term_string}\"},\"query-input\":{\"@type\":\"PropertyValueSpecification\",\"valueRequired\":true,\"valueName\":\"search_term_string\"}}],\"inLanguage\":\"fr-FR\"}]}<\/script>\n<!-- \/ Yoast SEO plugin. -->","yoast_head_json":{"title":"Formulaire de contact - Rein Medical","robots":{"index":"index","follow":"follow","max-snippet":"max-snippet:-1","max-image-preview":"max-image-preview:large","max-video-preview":"max-video-preview:-1"},"canonical":"https:\/\/reinmedical.com\/fr\/formulaire-de-contact\/","og_locale":"fr_FR","og_type":"article","og_title":"Formulaire de contact - Rein Medical","og_url":"https:\/\/reinmedical.com\/fr\/formulaire-de-contact\/","og_site_name":"Rein Medical","article_modified_time":"2025-08-18T07:27:51+00:00","twitter_card":"summary_large_image","twitter_misc":{"Dur\u00e9e de lecture estim\u00e9e":"9 minutes"},"schema":{"@context":"https:\/\/schema.org","@graph":[{"@type":"WebPage","@id":"https:\/\/reinmedical.com\/fr\/formulaire-de-contact\/","url":"https:\/\/reinmedical.com\/fr\/formulaire-de-contact\/","name":"Formulaire de contact - Rein Medical","isPartOf":{"@id":"https:\/\/reinmedical.com\/fr\/#website"},"datePublished":"2024-01-11T09:23:26+00:00","dateModified":"2025-08-18T07:27:51+00:00","breadcrumb":{"@id":"https:\/\/reinmedical.com\/fr\/formulaire-de-contact\/#breadcrumb"},"inLanguage":"fr-FR","potentialAction":[{"@type":"ReadAction","target":["https:\/\/reinmedical.com\/fr\/formulaire-de-contact\/"]}]},{"@type":"BreadcrumbList","@id":"https:\/\/reinmedical.com\/fr\/formulaire-de-contact\/#breadcrumb","itemListElement":[{"@type":"ListItem","position":1,"name":"Startseite","item":"https:\/\/reinmedical.com\/fr\/home\/"},{"@type":"ListItem","position":2,"name":"Formulaire de contact"}]},{"@type":"WebSite","@id":"https:\/\/reinmedical.com\/fr\/#website","url":"https:\/\/reinmedical.com\/fr\/","name":"Rein Medical","description":"","potentialAction":[{"@type":"SearchAction","target":{"@type":"EntryPoint","urlTemplate":"https:\/\/reinmedical.com\/fr\/?s={search_term_string}"},"query-input":{"@type":"PropertyValueSpecification","valueRequired":true,"valueName":"search_term_string"}}],"inLanguage":"fr-FR"}]}},"_links":{"self":[{"href":"https:\/\/reinmedical.com\/fr\/wp-json\/wp\/v2\/pages\/4862","targetHints":{"allow":["GET"]}}],"collection":[{"href":"https:\/\/reinmedical.com\/fr\/wp-json\/wp\/v2\/pages"}],"about":[{"href":"https:\/\/reinmedical.com\/fr\/wp-json\/wp\/v2\/types\/page"}],"author":[{"embeddable":true,"href":"https:\/\/reinmedical.com\/fr\/wp-json\/wp\/v2\/users\/1"}],"replies":[{"embeddable":true,"href":"https:\/\/reinmedical.com\/fr\/wp-json\/wp\/v2\/comments?post=4862"}],"version-history":[{"count":3,"href":"https:\/\/reinmedical.com\/fr\/wp-json\/wp\/v2\/pages\/4862\/revisions"}],"predecessor-version":[{"id":9157,"href":"https:\/\/reinmedical.com\/fr\/wp-json\/wp\/v2\/pages\/4862\/revisions\/9157"}],"wp:attachment":[{"href":"https:\/\/reinmedical.com\/fr\/wp-json\/wp\/v2\/media?parent=4862"}],"curies":[{"name":"wp","href":"https:\/\/api.w.org\/{rel}","templated":true}]}}