{"id":4467,"date":"2024-01-18T08:57:12","date_gmt":"2024-01-18T08:57:12","guid":{"rendered":"https:\/\/reinmedical.com\/revetement-en-poudre-germicide\/"},"modified":"2025-08-19T12:20:41","modified_gmt":"2025-08-19T12:20:41","slug":"revetement-en-poudre-germicide","status":"publish","type":"page","link":"https:\/\/reinmedical.com\/fr\/revetement-en-poudre-germicide\/","title":{"rendered":"Rev\u00eatement en poudre germicide"},"content":{"rendered":"<p><div class=\"fusion-fullwidth fullwidth-box fusion-builder-row-1 fusion-flex-container has-pattern-background has-mask-background fusion-parallax-none nonhundred-percent-fullwidth non-hundred-percent-height-scrolling lazyload gradient-container-1\" style=\"--awb-border-radius-top-left:0px;--awb-border-radius-top-right:0px;--awb-border-radius-bottom-right:0px;--awb-border-radius-bottom-left:0px;--awb-min-height:500px;--awb-background-size:cover;--awb-flex-wrap:wrap;\" data-bg=\"https:\/\/reinmedical.com\/wp-content\/uploads\/2024\/01\/header-s-1600.jpg\" ><div class=\"fusion-builder-row fusion-row fusion-flex-align-items-center fusion-flex-align-content-center fusion-flex-content-wrap\" style=\"max-width:1248px;margin-left: calc(-4% \/ 2 );margin-right: calc(-4% \/ 2 );\"><div class=\"fusion-layout-column fusion_builder_column fusion-builder-column-0 fusion_builder_column_1_1 1_1 fusion-flex-column\" style=\"--awb-bg-size:cover;--awb-width-large:100%;--awb-margin-top-large:0px;--awb-spacing-right-large:1.92%;--awb-margin-bottom-large:20px;--awb-spacing-left-large:1.92%;--awb-width-medium:100%;--awb-order-medium:0;--awb-spacing-right-medium:1.92%;--awb-spacing-left-medium:1.92%;--awb-width-small:100%;--awb-order-small:0;--awb-spacing-right-small:1.92%;--awb-spacing-left-small:1.92%;\"><div class=\"fusion-column-wrapper fusion-column-has-shadow fusion-flex-justify-content-flex-start fusion-content-layout-column\"><div class=\"fusion-text fusion-text-1\"><h1 style=\"text-align: center;\"><span style=\"color: #ffffff;\">Rev\u00eatement en poudre germicide<\/span><\/h1>\n<\/div><\/div><\/div><\/div><\/div><div class=\"fusion-fullwidth fullwidth-box fusion-builder-row-2 fusion-flex-container has-pattern-background has-mask-background nonhundred-percent-fullwidth non-hundred-percent-height-scrolling gradient-container-2\" style=\"--awb-border-radius-top-left:0px;--awb-border-radius-top-right:0px;--awb-border-radius-bottom-right:0px;--awb-border-radius-bottom-left:0px;--awb-margin-top:50px;--awb-flex-wrap:wrap;\" ><div class=\"fusion-builder-row fusion-row fusion-flex-align-items-flex-start fusion-flex-content-wrap\" style=\"max-width:1248px;margin-left: calc(-4% \/ 2 );margin-right: calc(-4% \/ 2 );\"><div class=\"fusion-layout-column fusion_builder_column fusion-builder-column-1 fusion_builder_column_1_1 1_1 fusion-flex-column\" style=\"--awb-bg-size:cover;--awb-width-large:100%;--awb-margin-top-large:0px;--awb-spacing-right-large:1.92%;--awb-margin-bottom-large:20px;--awb-spacing-left-large:1.92%;--awb-width-medium:100%;--awb-order-medium:0;--awb-spacing-right-medium:1.92%;--awb-spacing-left-medium:1.92%;--awb-width-small:100%;--awb-order-small:0;--awb-spacing-right-small:1.92%;--awb-spacing-left-small:1.92%;\"><div class=\"fusion-column-wrapper fusion-column-has-shadow fusion-flex-justify-content-flex-start fusion-content-layout-column\"><div class=\"fusion-text fusion-text-2\"><h2>Protection antimicrobienne int\u00e9grale pour le bloc op\u00e9ratoire<\/h2>\n<h3>1. inhibition durable de la germination<\/h3>\n<p>Polyflex Steridur II de KABE est un syst\u00e8me de rev\u00eatement en poudre antimicrobien qui contient des agents ioniques m\u00e9talliques (par exemple \u00e0 base d&rsquo;argent). Ces agents sont solidement ancr\u00e9s dans le rev\u00eatement et agissent en continu &#8211; tant que le rev\u00eatement est intact. Les appareils m\u00e9dicaux utilis\u00e9s en salle d&rsquo;op\u00e9ration b\u00e9n\u00e9ficient ainsi d&rsquo;une protection fiable 24h\/24 et 7j\/7 contre les agents pathog\u00e8nes tels que E. coli, S. aureus ou P. aeruginosa, avec des taux de r\u00e9duction pouvant atteindre 99,99 % .<\/p>\n<h3>2. protection accrue contre les infections &amp; effet hygi\u00e9nique<\/h3>\n<p>Compar\u00e9 \u00e0 la d\u00e9sinfection traditionnelle, le rev\u00eatement antimicrobien offre une efficacit\u00e9 imm\u00e9diate apr\u00e8s la cuisson. Les tests sur le terrain montrent une efficacit\u00e9 antimicrobienne jusqu&rsquo;\u00e0 46 % sup\u00e9rieure \u00e0 celle des d\u00e9sinfections r\u00e9guli\u00e8res par essuyage. Cela permet d&rsquo;\u00e9viter les infections nosocomiales et d&rsquo;am\u00e9liorer la s\u00e9curit\u00e9 des patients dans les blocs op\u00e9ratoires.  <\/p>\n<h3>3. interface s\u00fbre et pratique<\/h3>\n<p>Le rev\u00eatement par poudre est \u00e9lectrostatique &#8211; la poudre adh\u00e8re, est cuite et se lie durablement au support. Le r\u00e9sultat est une surface robuste, r\u00e9sistante aux rayures et aux chocs, qui conserve en outre sa couleur et supporte les d\u00e9sinfectants agressifs sans perdre son effet antimicrobien. <\/p>\n<h3>4. nettoyage optimis\u00e9 malgr\u00e9 la structure<\/h3>\n<p>Contrairement aux vernis lisses, Steridur II pr\u00e9sente une structure fine &#8211; un effet secondaire voulu. Cette surface l\u00e9g\u00e8rement rugueuse est plus facile \u00e0 nettoyer et r\u00e9siste mieux \u00e0 l&rsquo;adh\u00e9rence des salissures. <\/p>\n<h3>5. large spectre &amp; s\u00e9curit\u00e9 r\u00e9glementaire<\/h3>\n<p>Steridur II fonctionne contre les bact\u00e9ries \u00e0 Gram positif et \u00e0 Gram n\u00e9gatif ainsi que contre les levures (par ex. Candida albicans). Les substances actives sont conformes aux r\u00e9glementations de la FDA et de l&rsquo;UE en mati\u00e8re de contact alimentaire et sont parfaitement approuv\u00e9es pour les applications m\u00e9dicales. <\/p>\n<h3>6. avantages en termes de co\u00fbts gr\u00e2ce \u00e0 l&rsquo;efficacit\u00e9<\/h3>\n<p>Les surfaces antimicrobiennes r\u00e9duisent les efforts de nettoyage et les co\u00fbts de personnel et de mat\u00e9riel associ\u00e9s.<br \/>\nEn m\u00eame temps, la dur\u00e9e de vie des appareils est prolong\u00e9e car la protection est permanente &#8211; un avantage d\u00e9cisif dans l&rsquo;exploitation \u00e9conomique des environnements chirurgicaux.<\/p>\n<h3>Conclusion<\/h3>\n<p><span style=\"font-size: 16px;\">Le rev\u00eatement des bo\u00eetiers OPERIONs, CLINIOs et iOi offre des avantages consid\u00e9rables :<\/span><\/p>\n<ul>\n<li>Protection microbienne \u00e0 long terme, ind\u00e9pendamment d&rsquo;une d\u00e9sinfection r\u00e9guli\u00e8re<\/li>\n<li>Surface robuste, de couleur stable, avec une bonne compatibilit\u00e9 avec les d\u00e9sinfectants<\/li>\n<li>Am\u00e9lioration de l&rsquo;efficacit\u00e9 : moins d&rsquo;efforts, moins de co\u00fbts, fonctionnement durable<\/li>\n<\/ul>\n<\/div><\/div><\/div><\/div><\/div><\/p>\n","protected":false},"excerpt":{"rendered":"","protected":false},"author":1,"featured_media":0,"parent":0,"menu_order":0,"comment_status":"closed","ping_status":"closed","template":"100-width.php","meta":{"_acf_changed":false,"inline_featured_image":false,"footnotes":""},"class_list":["post-4467","page","type-page","status-publish","hentry"],"acf":[],"yoast_head":"<!-- This site is optimized with the Yoast SEO plugin v27.3 - https:\/\/yoast.com\/product\/yoast-seo-wordpress\/ -->\n<title>Rev\u00eatement en poudre germicide - Rein Medical<\/title>\n<meta name=\"robots\" content=\"index, follow, max-snippet:-1, max-image-preview:large, max-video-preview:-1\" \/>\n<link rel=\"canonical\" href=\"https:\/\/reinmedical.com\/fr\/revetement-en-poudre-germicide\/\" \/>\n<meta property=\"og:locale\" content=\"fr_FR\" \/>\n<meta property=\"og:type\" content=\"article\" \/>\n<meta property=\"og:title\" content=\"Rev\u00eatement en poudre germicide - Rein Medical\" \/>\n<meta property=\"og:url\" content=\"https:\/\/reinmedical.com\/fr\/revetement-en-poudre-germicide\/\" \/>\n<meta property=\"og:site_name\" content=\"Rein Medical\" \/>\n<meta property=\"article:modified_time\" content=\"2025-08-19T12:20:41+00:00\" \/>\n<meta name=\"twitter:card\" content=\"summary_large_image\" \/>\n<meta name=\"twitter:label1\" content=\"Dur\u00e9e de lecture estim\u00e9e\" \/>\n\t<meta name=\"twitter:data1\" content=\"13 minutes\" \/>\n<script type=\"application\/ld+json\" class=\"yoast-schema-graph\">{\"@context\":\"https:\\\/\\\/schema.org\",\"@graph\":[{\"@type\":\"WebPage\",\"@id\":\"https:\\\/\\\/reinmedical.com\\\/fr\\\/revetement-en-poudre-germicide\\\/\",\"url\":\"https:\\\/\\\/reinmedical.com\\\/fr\\\/revetement-en-poudre-germicide\\\/\",\"name\":\"Rev\u00eatement en poudre germicide - Rein Medical\",\"isPartOf\":{\"@id\":\"https:\\\/\\\/reinmedical.com\\\/fr\\\/#website\"},\"datePublished\":\"2024-01-18T08:57:12+00:00\",\"dateModified\":\"2025-08-19T12:20:41+00:00\",\"breadcrumb\":{\"@id\":\"https:\\\/\\\/reinmedical.com\\\/fr\\\/revetement-en-poudre-germicide\\\/#breadcrumb\"},\"inLanguage\":\"fr-FR\",\"potentialAction\":[{\"@type\":\"ReadAction\",\"target\":[\"https:\\\/\\\/reinmedical.com\\\/fr\\\/revetement-en-poudre-germicide\\\/\"]}]},{\"@type\":\"BreadcrumbList\",\"@id\":\"https:\\\/\\\/reinmedical.com\\\/fr\\\/revetement-en-poudre-germicide\\\/#breadcrumb\",\"itemListElement\":[{\"@type\":\"ListItem\",\"position\":1,\"name\":\"Startseite\",\"item\":\"https:\\\/\\\/reinmedical.com\\\/fr\\\/home\\\/\"},{\"@type\":\"ListItem\",\"position\":2,\"name\":\"Rev\u00eatement en poudre germicide\"}]},{\"@type\":\"WebSite\",\"@id\":\"https:\\\/\\\/reinmedical.com\\\/fr\\\/#website\",\"url\":\"https:\\\/\\\/reinmedical.com\\\/fr\\\/\",\"name\":\"Rein Medical\",\"description\":\"\",\"potentialAction\":[{\"@type\":\"SearchAction\",\"target\":{\"@type\":\"EntryPoint\",\"urlTemplate\":\"https:\\\/\\\/reinmedical.com\\\/fr\\\/?s={search_term_string}\"},\"query-input\":{\"@type\":\"PropertyValueSpecification\",\"valueRequired\":true,\"valueName\":\"search_term_string\"}}],\"inLanguage\":\"fr-FR\"}]}<\/script>\n<!-- \/ Yoast SEO plugin. -->","yoast_head_json":{"title":"Rev\u00eatement en poudre germicide - Rein Medical","robots":{"index":"index","follow":"follow","max-snippet":"max-snippet:-1","max-image-preview":"max-image-preview:large","max-video-preview":"max-video-preview:-1"},"canonical":"https:\/\/reinmedical.com\/fr\/revetement-en-poudre-germicide\/","og_locale":"fr_FR","og_type":"article","og_title":"Rev\u00eatement en poudre germicide - Rein Medical","og_url":"https:\/\/reinmedical.com\/fr\/revetement-en-poudre-germicide\/","og_site_name":"Rein Medical","article_modified_time":"2025-08-19T12:20:41+00:00","twitter_card":"summary_large_image","twitter_misc":{"Dur\u00e9e de lecture estim\u00e9e":"13 minutes"},"schema":{"@context":"https:\/\/schema.org","@graph":[{"@type":"WebPage","@id":"https:\/\/reinmedical.com\/fr\/revetement-en-poudre-germicide\/","url":"https:\/\/reinmedical.com\/fr\/revetement-en-poudre-germicide\/","name":"Rev\u00eatement en poudre germicide - Rein Medical","isPartOf":{"@id":"https:\/\/reinmedical.com\/fr\/#website"},"datePublished":"2024-01-18T08:57:12+00:00","dateModified":"2025-08-19T12:20:41+00:00","breadcrumb":{"@id":"https:\/\/reinmedical.com\/fr\/revetement-en-poudre-germicide\/#breadcrumb"},"inLanguage":"fr-FR","potentialAction":[{"@type":"ReadAction","target":["https:\/\/reinmedical.com\/fr\/revetement-en-poudre-germicide\/"]}]},{"@type":"BreadcrumbList","@id":"https:\/\/reinmedical.com\/fr\/revetement-en-poudre-germicide\/#breadcrumb","itemListElement":[{"@type":"ListItem","position":1,"name":"Startseite","item":"https:\/\/reinmedical.com\/fr\/home\/"},{"@type":"ListItem","position":2,"name":"Rev\u00eatement en poudre germicide"}]},{"@type":"WebSite","@id":"https:\/\/reinmedical.com\/fr\/#website","url":"https:\/\/reinmedical.com\/fr\/","name":"Rein Medical","description":"","potentialAction":[{"@type":"SearchAction","target":{"@type":"EntryPoint","urlTemplate":"https:\/\/reinmedical.com\/fr\/?s={search_term_string}"},"query-input":{"@type":"PropertyValueSpecification","valueRequired":true,"valueName":"search_term_string"}}],"inLanguage":"fr-FR"}]}},"_links":{"self":[{"href":"https:\/\/reinmedical.com\/fr\/wp-json\/wp\/v2\/pages\/4467","targetHints":{"allow":["GET"]}}],"collection":[{"href":"https:\/\/reinmedical.com\/fr\/wp-json\/wp\/v2\/pages"}],"about":[{"href":"https:\/\/reinmedical.com\/fr\/wp-json\/wp\/v2\/types\/page"}],"author":[{"embeddable":true,"href":"https:\/\/reinmedical.com\/fr\/wp-json\/wp\/v2\/users\/1"}],"replies":[{"embeddable":true,"href":"https:\/\/reinmedical.com\/fr\/wp-json\/wp\/v2\/comments?post=4467"}],"version-history":[{"count":3,"href":"https:\/\/reinmedical.com\/fr\/wp-json\/wp\/v2\/pages\/4467\/revisions"}],"predecessor-version":[{"id":9319,"href":"https:\/\/reinmedical.com\/fr\/wp-json\/wp\/v2\/pages\/4467\/revisions\/9319"}],"wp:attachment":[{"href":"https:\/\/reinmedical.com\/fr\/wp-json\/wp\/v2\/media?parent=4467"}],"curies":[{"name":"wp","href":"https:\/\/api.w.org\/{rel}","templated":true}]}}