{"id":4396,"date":"2024-01-17T14:53:36","date_gmt":"2024-01-17T14:53:36","guid":{"rendered":"https:\/\/reinmedical.com\/impressum\/"},"modified":"2026-04-01T06:18:08","modified_gmt":"2026-04-01T06:18:08","slug":"impressum","status":"publish","type":"page","link":"https:\/\/reinmedical.com\/fr\/impressum\/","title":{"rendered":"IMPRESSUM"},"content":{"rendered":"<p><div class=\"fusion-fullwidth fullwidth-box fusion-builder-row-1 fusion-flex-container has-pattern-background has-mask-background fusion-parallax-none nonhundred-percent-fullwidth non-hundred-percent-height-scrolling lazyload gradient-container-1\" style=\"--awb-border-radius-top-left:0px;--awb-border-radius-top-right:0px;--awb-border-radius-bottom-right:0px;--awb-border-radius-bottom-left:0px;--awb-min-height:500px;--awb-background-size:cover;--awb-flex-wrap:wrap;\" data-bg=\"https:\/\/reinmedical.com\/wp-content\/uploads\/2024\/01\/header-s-1600.jpg\" ><div class=\"fusion-builder-row fusion-row fusion-flex-align-items-center fusion-flex-align-content-center fusion-flex-content-wrap\" style=\"max-width:1248px;margin-left: calc(-4% \/ 2 );margin-right: calc(-4% \/ 2 );\"><div class=\"fusion-layout-column fusion_builder_column fusion-builder-column-0 fusion_builder_column_1_1 1_1 fusion-flex-column\" style=\"--awb-bg-size:cover;--awb-width-large:100%;--awb-margin-top-large:0px;--awb-spacing-right-large:1.92%;--awb-margin-bottom-large:20px;--awb-spacing-left-large:1.92%;--awb-width-medium:100%;--awb-order-medium:0;--awb-spacing-right-medium:1.92%;--awb-spacing-left-medium:1.92%;--awb-width-small:100%;--awb-order-small:0;--awb-spacing-right-small:1.92%;--awb-spacing-left-small:1.92%;\"><div class=\"fusion-column-wrapper fusion-column-has-shadow fusion-flex-justify-content-flex-start fusion-content-layout-column\"><div class=\"fusion-text fusion-text-1\"><h1 style=\"text-align: center;\"><span style=\"color: #ffffff;\">Mentions l\u00e9gales et clause de non-responsabilit\u00e9<\/span><\/h1>\n<\/div><\/div><\/div><\/div><\/div><div class=\"fusion-fullwidth fullwidth-box fusion-builder-row-2 fusion-flex-container has-pattern-background has-mask-background nonhundred-percent-fullwidth non-hundred-percent-height-scrolling gradient-container-2\" style=\"--awb-border-radius-top-left:0px;--awb-border-radius-top-right:0px;--awb-border-radius-bottom-right:0px;--awb-border-radius-bottom-left:0px;--awb-margin-top:50px;--awb-flex-wrap:wrap;\" ><div class=\"fusion-builder-row fusion-row fusion-flex-align-items-flex-start fusion-flex-content-wrap\" style=\"max-width:1248px;margin-left: calc(-4% \/ 2 );margin-right: calc(-4% \/ 2 );\"><div class=\"fusion-layout-column fusion_builder_column fusion-builder-column-1 fusion_builder_column_1_1 1_1 fusion-flex-column\" style=\"--awb-bg-size:cover;--awb-width-large:100%;--awb-margin-top-large:0px;--awb-spacing-right-large:1.92%;--awb-margin-bottom-large:20px;--awb-spacing-left-large:1.92%;--awb-width-medium:100%;--awb-order-medium:0;--awb-spacing-right-medium:1.92%;--awb-spacing-left-medium:1.92%;--awb-width-small:100%;--awb-order-small:0;--awb-spacing-right-small:1.92%;--awb-spacing-left-small:1.92%;\"><div class=\"fusion-column-wrapper fusion-column-has-shadow fusion-flex-justify-content-flex-start fusion-content-layout-column\"><div class=\"fusion-text fusion-text-2\"><h2>MENTIONS L\u00c9GALES ET CLAUSE DE NON-RESPONSABILIT\u00c9<\/h2>\n<p>Identification du fournisseur au sens du trait\u00e9 d&rsquo;\u00c9tat sur les m\u00e9dias<\/p>\n<p>CONTENU DE L&rsquo;OFFRE EN LIGNE<\/p>\n<p>Rein Medical GmbH n&rsquo;assume aucune responsabilit\u00e9 quant \u00e0 l&rsquo;actualit\u00e9, l&rsquo;exactitude, l&rsquo;exhaustivit\u00e9 ou la qualit\u00e9 des informations fournies. Toute pr\u00e9tention en responsabilit\u00e9 \u00e0 l&rsquo;encontre de l&rsquo;auteur se rapportant \u00e0 des dommages mat\u00e9riels ou immat\u00e9riels caus\u00e9s par l&rsquo;utilisation ou la non-utilisation des informations pr\u00e9sent\u00e9es ou par l&rsquo;utilisation d&rsquo;informations erron\u00e9es ou incompl\u00e8tes est fondamentalement exclue, dans la mesure o\u00f9 il n&rsquo;est pas prouv\u00e9 que l&rsquo;auteur a commis une faute intentionnelle ou une n\u00e9gligence grave.<br \/>\nToutes les offres sont sans engagement et non contractuelles. L&rsquo;auteur se r\u00e9serve express\u00e9ment le droit de modifier, de compl\u00e9ter ou de supprimer des parties de pages ou l&rsquo;ensemble de l&rsquo;offre sans avis pr\u00e9alable, ou d&rsquo;en suspendre temporairement ou d\u00e9finitivement la publication.  <\/p>\n<p>R\u00c9F\u00c9RENCES ET LIENS<\/p>\n<p>En cas de renvois directs ou indirects \u00e0 des sites Internet externes (\u00ab\u00a0liens\u00a0\u00bb) qui se trouvent en dehors du domaine de responsabilit\u00e9 de Rein Medical GmbH, une obligation de responsabilit\u00e9 entrerait exclusivement en vigueur dans le cas o\u00f9 Rein Medical GmbH aurait connaissance des contenus et qu&rsquo;il serait techniquement possible et raisonnable d&#8217;emp\u00eacher l&rsquo;utilisation en cas de contenus ill\u00e9gaux.<br \/>\nRein Medical GmbH d\u00e9clare donc express\u00e9ment qu&rsquo;au moment de l&rsquo;\u00e9tablissement des liens, les pages correspondantes reli\u00e9es \u00e9taient exemptes de contenus ill\u00e9gaux. Rein Medical GmbH n&rsquo;a aucune influence sur la conception actuelle et future et sur les contenus des pages li\u00e9es\/associ\u00e9es. C&rsquo;est pourquoi elle se distancie express\u00e9ment par la pr\u00e9sente de tous les contenus de toutes les pages li\u00e9es\/associ\u00e9es qui ont \u00e9t\u00e9 modifi\u00e9es apr\u00e8s l&rsquo;\u00e9tablissement des liens. Cette constatation s&rsquo;applique \u00e0 tous les liens et renvois plac\u00e9s au sein de sa propre offre Internet ainsi qu&rsquo;aux inscriptions de tiers dans les livres d&rsquo;or, forums de discussion et listes de diffusion mis en place par ReinMedical GmbH. Seul le fournisseur de la page \u00e0 laquelle il a \u00e9t\u00e9 renvoy\u00e9 est responsable des contenus ill\u00e9gaux, erron\u00e9s ou incomplets et en particulier des dommages r\u00e9sultant de l&rsquo;utilisation ou de la non-utilisation des informations ainsi pr\u00e9sent\u00e9es, et non celui qui ne fait que renvoyer \u00e0 la publication concern\u00e9e par le biais de liens.    <\/p>\n<p>DROIT D&rsquo;AUTEUR ET MARQUES COMMERCIALES<\/p>\n<p>Rein Medical GmbH s&rsquo;efforce de respecter dans toutes les publications les droits d&rsquo;auteur des graphiques, documents sonores, s\u00e9quences vid\u00e9o et textes utilis\u00e9s, d&rsquo;utiliser des graphiques, documents sonores, s\u00e9quences vid\u00e9o et textes qu&rsquo;il a lui-m\u00eame cr\u00e9\u00e9s ou de recourir \u00e0 des graphiques, documents sonores, s\u00e9quences vid\u00e9o et textes libres de droits.<br \/>\nToutes les marques et marques d\u00e9pos\u00e9es mentionn\u00e9es dans l&rsquo;offre Internet et \u00e9ventuellement prot\u00e9g\u00e9es par des tiers sont soumises sans restriction aux dispositions du droit des marques de fabrique respectivement en vigueur et aux droits de propri\u00e9t\u00e9 des propri\u00e9taires respectivement enregistr\u00e9s. La simple mention d&rsquo;une marque ne permet pas d&rsquo;en d\u00e9duire qu&rsquo;elle n&rsquo;est pas prot\u00e9g\u00e9e par les droits d&rsquo;un tiers !<br \/>\nLe copyright des objets publi\u00e9s et cr\u00e9\u00e9s par Rein Medical GmbH elle-m\u00eame reste la propri\u00e9t\u00e9 exclusive de l&rsquo;auteur des pages. Toute reproduction ou utilisation de tels graphiques, documents sonores, s\u00e9quences vid\u00e9o et textes dans d&rsquo;autres publications \u00e9lectroniques ou imprim\u00e9es est interdite sans l&rsquo;autorisation expresse de Rein Medical GmbH. <\/p>\n<p>PROTECTION DE LA VIE PRIV\u00c9E<\/p>\n<p>Dans la mesure o\u00f9 il est possible de saisir des donn\u00e9es personnelles ou professionnelles (adresses e-mail, noms, adresses) dans le cadre de l&rsquo;offre Internet, la divulgation de ces donn\u00e9es par l&rsquo;utilisateur se fait sur une base express\u00e9ment volontaire. L&rsquo;utilisation et le paiement de tous les services propos\u00e9s sont \u00e9galement autoris\u00e9s &#8211; dans la mesure o\u00f9 cela est techniquement possible et raisonnable &#8211; sans indication de telles donn\u00e9es ou en indiquant des donn\u00e9es anonymes ou un pseudonyme. <\/p>\n<p>REMARQUES SUR LA COLLECTE DE DONN\u00c9ES STATISTIQUES AVEC ETRACKER<\/p>\n<p>Sur ce site Internet, des donn\u00e9es sont collect\u00e9es et enregistr\u00e9es \u00e0 l&rsquo;aide des technologies de la soci\u00e9t\u00e9 etracker GmbH <a href=\"http:\/\/www.etracker.de\/\">www.etracker.de<\/a> \u00e0 des fins de marketing et d&rsquo;optimisation. Des profils d&rsquo;utilisation sont cr\u00e9\u00e9s sous un pseudonyme \u00e0 partir de ces donn\u00e9es. Des cookies peuvent \u00eatre utilis\u00e9s \u00e0 cet effet. Les cookies sont de petits fichiers texte qui sont enregistr\u00e9s localement dans la m\u00e9moire tampon du navigateur Internet du visiteur du site. Les cookies permettent de reconna\u00eetre le navigateur Internet. Les donn\u00e9es collect\u00e9es \u00e0 l&rsquo;aide des technologies etracker ne sont pas utilis\u00e9es pour identifier personnellement le visiteur de ce site et ne sont pas recoup\u00e9es avec des donn\u00e9es personnelles relatives au porteur du pseudonyme sans l&rsquo;accord expr\u00e8s de la personne concern\u00e9e. Il est possible <a href=\"http:\/\/www.etracker.de\/privacy?et=5HVuuV\">de s&rsquo;opposer<\/a> \u00e0 tout moment \u00e0 la collecte et \u00e0 l&rsquo;enregistrement des donn\u00e9es, avec effet pour l&rsquo;avenir.      <\/p>\n<p>Rein Medical GmbH utilise la technique d&rsquo;etracker pour permettre une analyse statistique de l&rsquo;utilisation du site web. Les informations g\u00e9n\u00e9r\u00e9es sur votre utilisation de ce site Web servent principalement \u00e0 \u00e9tablir des \u00e9valuations et des graphiques sur le nombre de visiteurs et de contacts visuels. Nous les utilisons exclusivement \u00e0 des fins de notre propre \u00e9tude de march\u00e9 et surtout pour optimiser nos pages web et les concevoir en fonction des besoins.  <\/p>\n<p>EFFET JURIDIQUE DE LA PR\u00c9SENTE CLAUSE DE NON-RESPONSABILIT\u00c9<\/p>\n<p>Cette exclusion de responsabilit\u00e9 doit \u00eatre consid\u00e9r\u00e9e comme faisant partie de l&rsquo;offre Internet \u00e0 partir de laquelle il a \u00e9t\u00e9 fait r\u00e9f\u00e9rence \u00e0 cette page. Si des parties ou certaines formulations de ce texte ne devaient pas, plus ou pas enti\u00e8rement correspondre \u00e0 la situation juridique en vigueur, les autres parties du document n&rsquo;en seraient pas affect\u00e9es dans leur contenu et leur validit\u00e9. <\/p>\n<p>NOM ET ADRESSE<\/p>\n<p>Rein Medical GmbH<br \/>\nMonforts Quartier 23<br \/>\n41238 M\u00f6nchengladbach<\/p>\n<p>T\u00e9l. +49 2161 \/ 6984 &#8211; 0<br \/>\nFax +49 2161 \/ 6984 &#8211; 259<br \/>\nE-mail info@reinmedical.com<\/p>\n<p>DIRECTEUR G\u00c9N\u00c9RAL<\/p>\n<p>Dr. Markus Keussen<\/p>\n<p>Dr. Peter Kohrs<\/p>\n<h1><\/h1>\n<p>INSCRIPTIONS AU REGISTRE<\/p>\n<p>Tribunal d&rsquo;enregistrement : Tribunal d&rsquo;instance de M\u00f6nchengladbach<br \/>\nRegistre du commerce : HRB 15810<\/p>\n<p>Num\u00e9ro d&rsquo;identification de la taxe sur le chiffre d&rsquo;affaires (VAT-ID) selon (\u00a7 27a UStG)<br \/>\nNum\u00e9ro d&rsquo;identification de la TVA : DE 811604837<br \/>\nWEEE Reg No : DE 59730470<\/p>\n<\/div><\/div><\/div><\/div><\/div><\/p>\n","protected":false},"excerpt":{"rendered":"","protected":false},"author":1,"featured_media":0,"parent":0,"menu_order":0,"comment_status":"closed","ping_status":"closed","template":"100-width.php","meta":{"_acf_changed":false,"inline_featured_image":false,"footnotes":""},"class_list":["post-4396","page","type-page","status-publish","hentry"],"acf":[],"yoast_head":"<!-- This site is optimized with the Yoast SEO plugin v27.3 - https:\/\/yoast.com\/product\/yoast-seo-wordpress\/ -->\n<title>IMPRESSUM - Rein Medical<\/title>\n<meta name=\"robots\" content=\"index, follow, max-snippet:-1, max-image-preview:large, max-video-preview:-1\" \/>\n<link rel=\"canonical\" href=\"https:\/\/reinmedical.com\/fr\/impressum\/\" \/>\n<meta property=\"og:locale\" content=\"fr_FR\" \/>\n<meta property=\"og:type\" content=\"article\" \/>\n<meta property=\"og:title\" content=\"IMPRESSUM - Rein Medical\" \/>\n<meta property=\"og:url\" content=\"https:\/\/reinmedical.com\/fr\/impressum\/\" \/>\n<meta property=\"og:site_name\" content=\"Rein Medical\" \/>\n<meta property=\"article:modified_time\" content=\"2026-04-01T06:18:08+00:00\" \/>\n<meta name=\"twitter:card\" content=\"summary_large_image\" \/>\n<meta name=\"twitter:label1\" content=\"Dur\u00e9e de lecture estim\u00e9e\" \/>\n\t<meta name=\"twitter:data1\" content=\"11 minutes\" \/>\n<script type=\"application\/ld+json\" class=\"yoast-schema-graph\">{\"@context\":\"https:\\\/\\\/schema.org\",\"@graph\":[{\"@type\":\"WebPage\",\"@id\":\"https:\\\/\\\/reinmedical.com\\\/fr\\\/impressum\\\/\",\"url\":\"https:\\\/\\\/reinmedical.com\\\/fr\\\/impressum\\\/\",\"name\":\"IMPRESSUM - Rein Medical\",\"isPartOf\":{\"@id\":\"https:\\\/\\\/reinmedical.com\\\/fr\\\/#website\"},\"datePublished\":\"2024-01-17T14:53:36+00:00\",\"dateModified\":\"2026-04-01T06:18:08+00:00\",\"breadcrumb\":{\"@id\":\"https:\\\/\\\/reinmedical.com\\\/fr\\\/impressum\\\/#breadcrumb\"},\"inLanguage\":\"fr-FR\",\"potentialAction\":[{\"@type\":\"ReadAction\",\"target\":[\"https:\\\/\\\/reinmedical.com\\\/fr\\\/impressum\\\/\"]}]},{\"@type\":\"BreadcrumbList\",\"@id\":\"https:\\\/\\\/reinmedical.com\\\/fr\\\/impressum\\\/#breadcrumb\",\"itemListElement\":[{\"@type\":\"ListItem\",\"position\":1,\"name\":\"Startseite\",\"item\":\"https:\\\/\\\/reinmedical.com\\\/fr\\\/home\\\/\"},{\"@type\":\"ListItem\",\"position\":2,\"name\":\"IMPRESSUM\"}]},{\"@type\":\"WebSite\",\"@id\":\"https:\\\/\\\/reinmedical.com\\\/fr\\\/#website\",\"url\":\"https:\\\/\\\/reinmedical.com\\\/fr\\\/\",\"name\":\"Rein Medical\",\"description\":\"\",\"potentialAction\":[{\"@type\":\"SearchAction\",\"target\":{\"@type\":\"EntryPoint\",\"urlTemplate\":\"https:\\\/\\\/reinmedical.com\\\/fr\\\/?s={search_term_string}\"},\"query-input\":{\"@type\":\"PropertyValueSpecification\",\"valueRequired\":true,\"valueName\":\"search_term_string\"}}],\"inLanguage\":\"fr-FR\"}]}<\/script>\n<!-- \/ Yoast SEO plugin. -->","yoast_head_json":{"title":"IMPRESSUM - Rein Medical","robots":{"index":"index","follow":"follow","max-snippet":"max-snippet:-1","max-image-preview":"max-image-preview:large","max-video-preview":"max-video-preview:-1"},"canonical":"https:\/\/reinmedical.com\/fr\/impressum\/","og_locale":"fr_FR","og_type":"article","og_title":"IMPRESSUM - Rein Medical","og_url":"https:\/\/reinmedical.com\/fr\/impressum\/","og_site_name":"Rein Medical","article_modified_time":"2026-04-01T06:18:08+00:00","twitter_card":"summary_large_image","twitter_misc":{"Dur\u00e9e de lecture estim\u00e9e":"11 minutes"},"schema":{"@context":"https:\/\/schema.org","@graph":[{"@type":"WebPage","@id":"https:\/\/reinmedical.com\/fr\/impressum\/","url":"https:\/\/reinmedical.com\/fr\/impressum\/","name":"IMPRESSUM - Rein Medical","isPartOf":{"@id":"https:\/\/reinmedical.com\/fr\/#website"},"datePublished":"2024-01-17T14:53:36+00:00","dateModified":"2026-04-01T06:18:08+00:00","breadcrumb":{"@id":"https:\/\/reinmedical.com\/fr\/impressum\/#breadcrumb"},"inLanguage":"fr-FR","potentialAction":[{"@type":"ReadAction","target":["https:\/\/reinmedical.com\/fr\/impressum\/"]}]},{"@type":"BreadcrumbList","@id":"https:\/\/reinmedical.com\/fr\/impressum\/#breadcrumb","itemListElement":[{"@type":"ListItem","position":1,"name":"Startseite","item":"https:\/\/reinmedical.com\/fr\/home\/"},{"@type":"ListItem","position":2,"name":"IMPRESSUM"}]},{"@type":"WebSite","@id":"https:\/\/reinmedical.com\/fr\/#website","url":"https:\/\/reinmedical.com\/fr\/","name":"Rein Medical","description":"","potentialAction":[{"@type":"SearchAction","target":{"@type":"EntryPoint","urlTemplate":"https:\/\/reinmedical.com\/fr\/?s={search_term_string}"},"query-input":{"@type":"PropertyValueSpecification","valueRequired":true,"valueName":"search_term_string"}}],"inLanguage":"fr-FR"}]}},"_links":{"self":[{"href":"https:\/\/reinmedical.com\/fr\/wp-json\/wp\/v2\/pages\/4396","targetHints":{"allow":["GET"]}}],"collection":[{"href":"https:\/\/reinmedical.com\/fr\/wp-json\/wp\/v2\/pages"}],"about":[{"href":"https:\/\/reinmedical.com\/fr\/wp-json\/wp\/v2\/types\/page"}],"author":[{"embeddable":true,"href":"https:\/\/reinmedical.com\/fr\/wp-json\/wp\/v2\/users\/1"}],"replies":[{"embeddable":true,"href":"https:\/\/reinmedical.com\/fr\/wp-json\/wp\/v2\/comments?post=4396"}],"version-history":[{"count":8,"href":"https:\/\/reinmedical.com\/fr\/wp-json\/wp\/v2\/pages\/4396\/revisions"}],"predecessor-version":[{"id":11591,"href":"https:\/\/reinmedical.com\/fr\/wp-json\/wp\/v2\/pages\/4396\/revisions\/11591"}],"wp:attachment":[{"href":"https:\/\/reinmedical.com\/fr\/wp-json\/wp\/v2\/media?parent=4396"}],"curies":[{"name":"wp","href":"https:\/\/api.w.org\/{rel}","templated":true}]}}