{"id":8048,"date":"2025-08-01T06:59:23","date_gmt":"2025-08-01T06:59:23","guid":{"rendered":"https:\/\/reinmedical.com\/gtc\/"},"modified":"2026-04-01T06:14:36","modified_gmt":"2026-04-01T06:14:36","slug":"gtc","status":"publish","type":"page","link":"https:\/\/reinmedical.com\/es\/gtc\/","title":{"rendered":"GTC"},"content":{"rendered":"<p><div class=\"fusion-fullwidth fullwidth-box fusion-builder-row-1 fusion-flex-container has-pattern-background has-mask-background fusion-parallax-none nonhundred-percent-fullwidth non-hundred-percent-height-scrolling lazyload gradient-container-1\" style=\"--awb-border-radius-top-left:0px;--awb-border-radius-top-right:0px;--awb-border-radius-bottom-right:0px;--awb-border-radius-bottom-left:0px;--awb-min-height:500px;--awb-background-size:cover;--awb-flex-wrap:wrap;\" data-bg=\"https:\/\/reinmedical.com\/wp-content\/uploads\/2024\/01\/header-s-1600.jpg\" ><div class=\"fusion-builder-row fusion-row fusion-flex-align-items-center fusion-flex-align-content-center fusion-flex-content-wrap\" style=\"max-width:1248px;margin-left: calc(-4% \/ 2 );margin-right: calc(-4% \/ 2 );\"><div class=\"fusion-layout-column fusion_builder_column fusion-builder-column-0 fusion_builder_column_1_1 1_1 fusion-flex-column\" style=\"--awb-bg-size:cover;--awb-width-large:100%;--awb-margin-top-large:0px;--awb-spacing-right-large:1.92%;--awb-margin-bottom-large:20px;--awb-spacing-left-large:1.92%;--awb-width-medium:100%;--awb-order-medium:0;--awb-spacing-right-medium:1.92%;--awb-spacing-left-medium:1.92%;--awb-width-small:100%;--awb-order-small:0;--awb-spacing-right-small:1.92%;--awb-spacing-left-small:1.92%;\"><div class=\"fusion-column-wrapper fusion-column-has-shadow fusion-flex-justify-content-flex-start fusion-content-layout-column\"><div class=\"fusion-text fusion-text-1\"><h1 style=\"text-align: center;\"><span style=\"color: #ffffff;\">Condiciones generales<\/span><\/h1>\n<\/div><\/div><\/div><\/div><\/div><div class=\"fusion-fullwidth fullwidth-box fusion-builder-row-2 fusion-flex-container has-pattern-background has-mask-background nonhundred-percent-fullwidth non-hundred-percent-height-scrolling gradient-container-2\" style=\"--awb-border-radius-top-left:0px;--awb-border-radius-top-right:0px;--awb-border-radius-bottom-right:0px;--awb-border-radius-bottom-left:0px;--awb-margin-top:50px;--awb-flex-wrap:wrap;\" ><div class=\"fusion-builder-row fusion-row fusion-flex-align-items-flex-start fusion-flex-content-wrap\" style=\"max-width:1248px;margin-left: calc(-4% \/ 2 );margin-right: calc(-4% \/ 2 );\"><div class=\"fusion-layout-column fusion_builder_column fusion-builder-column-1 fusion_builder_column_1_1 1_1 fusion-flex-column\" style=\"--awb-bg-size:cover;--awb-width-large:100%;--awb-margin-top-large:0px;--awb-spacing-right-large:1.92%;--awb-margin-bottom-large:20px;--awb-spacing-left-large:1.92%;--awb-width-medium:100%;--awb-order-medium:0;--awb-spacing-right-medium:1.92%;--awb-spacing-left-medium:1.92%;--awb-width-small:100%;--awb-order-small:0;--awb-spacing-right-small:1.92%;--awb-spacing-left-small:1.92%;\"><div class=\"fusion-column-wrapper fusion-column-has-shadow fusion-flex-justify-content-flex-start fusion-content-layout-column\"><div class=\"fusion-text fusion-text-2\"><h2>NUESTRAS CONDICIONES GENERALES<\/h2>\n<p>1. GENERAL<\/p>\n<p>1. GENERALIDADES<br \/>\na.) Estas Condiciones Generales de Venta (CGV) constituyen la base de todas nuestras ofertas,<br \/>\nentregas y servicios.<br \/>\nb.) Todos los contratos se celebran con Rein Medical GmbH, Monforts Quartier 23, 41238 M\u00f6nchengladbach, Alemania, representada por los directores gerentes Dr. Markus Keussen y Dr. Peter Kohrs (Juzgado de Registro: Juzgado Local de M\u00f6nchengladbach, HRB 15810, NIF: DE811604837, N.\u00ba de registro WEEE: DE 59730470) exclusivamente de acuerdo con estos t\u00e9rminos y condiciones. S\u00f3lo se aplicar\u00e1n otros t\u00e9rminos y condiciones si han sido reconocidos por nosotros por escrito. La aceptaci\u00f3n de nuestro servicio se considerar\u00e1 como aceptaci\u00f3n de nuestras Condiciones Generales, incluso si el comprador confirma nuestro servicio con t\u00e9rminos y condiciones diferentes.<br \/>\nc.) Estas CGC s\u00f3lo se aplican a empresarios, personas jur\u00eddicas de derecho p\u00fablico y<br \/>\nfondos especiales de derecho p\u00fablico.<\/p>\n<p>2. CELEBRACI\u00d3N DEL CONTRATO<\/p>\n<p>a.) Nuestras ofertas no son vinculantes. Todos los contratos s\u00f3lo ser\u00e1n v\u00e1lidos tras nuestra confirmaci\u00f3n. Los compromisos verbales de representantes y empleados s\u00f3lo son vinculantes si los confirmamos por escrito.<br \/>\nb.) Un contrato s\u00f3lo se perfecciona si confirmamos por escrito el pedido realizado en un plazo de 4 semanas o mediante la entrega de la mercanc\u00eda.<br \/>\nc.) La informaci\u00f3n contenida en folletos, ofertas y documentos escritos sobre nuestros productos, en particular las dimensiones y los datos t\u00e9cnicos, son s\u00f3lo aproximados y aproximativos; no constituyen una garant\u00eda de calidad, a menos que la garant\u00eda se d\u00e9 expresamente y por escrito.<br \/>\nd.) Nos reservamos los derechos de propiedad y de autor sobre muestras, dibujos, descripciones, etc., tambi\u00e9n en formato electr\u00f3nico. \u00c9stos no pueden ponerse a disposici\u00f3n de terceros sin nuestra autorizaci\u00f3n y deben devolv\u00e9rsenos inmediatamente si as\u00ed lo solicitamos.<\/p>\n<p>3. PRECIOS, PAGOS<\/p>\n<p>a.) En ausencia de un acuerdo especial, los precios son franco f\u00e1brica m\u00e1s IVA al tipo aplicable (actualmente el 19%), carga, embalaje, flete, franqueo y descarga. Salvo acuerdo en contrario, el cliente tambi\u00e9n correr\u00e1 con los gastos del seguro suscrito por nosotros por un importe del 5 \u2030 del valor de la mercanc\u00eda.<br \/>\nb.) Salvo acuerdo expreso en contrario por escrito, todas las facturas son pagaderas inmediatamente sin deducci\u00f3n.<\/p>\n<p>d.) El comprador s\u00f3lo tendr\u00e1 derecho a compensaci\u00f3n si sus contrademandas han sido legalmente establecidas o reconocidas por nosotros.<br \/>\ne.) Tendremos derecho a compensar todos los pagos del cliente con las reclamaciones m\u00e1s antiguas, aunque el cliente haya estipulado lo contrario. Si el Comprador no cumple con su obligaci\u00f3n de pago en la fecha de vencimiento, podremos -sin renunciar a otros derechos y reclamaciones que nos correspondan- rescindir el contrato a nuestra discreci\u00f3n, suspender nuevas entregas al Comprador y\/o cobrar al Comprador intereses sobre el importe impagado a un tipo del 8% anual por encima del tipo base del Banco Central Europeo, suspender nuevas entregas al Comprador y\/o cobrar al Comprador intereses sobre el importe impagado de conformidad con el art\u00edculo 288 (2) del BGB.<br \/>\nf.) Si el comprador incumple sus pagos, tambi\u00e9n tendremos derecho a rescindir el contrato y a reclamar da\u00f1os y perjuicios por incumplimiento.<br \/>\ng.) Si se ha acordado que el comprador puede adquirir mercanc\u00edas a cuenta, tendremos derecho, no obstante, a supeditar la entrega o la entrega posterior al comprador al pago por adelantado o a la constituci\u00f3n de una garant\u00eda si resulta que no se puede obtener una nota de cobertura de una compa\u00f1\u00eda de seguros de cr\u00e9dito para la entrega al comprador. Si el comprador no satisface dicha solicitud de pago por adelantado o constituci\u00f3n de garant\u00eda en un plazo razonable, podremos rescindir el contrato.<br \/>\nh.) Si llegan a nuestro conocimiento circunstancias que den lugar a dudas sobre la solvencia o capacidad crediticia del Comprador, tendremos derecho a exigir el pago inmediato de todos los importes de factura pendientes -incluidos los importes aplazados- y a realizar nuevas entregas al Comprador supeditadas al pago por adelantado o a la constituci\u00f3n de una garant\u00eda. Si el Comprador no cumple con dicha exigencia en un plazo razonable, podremos, a nuestra discreci\u00f3n, exigir una indemnizaci\u00f3n y\/o rescindir el contrato.<\/p>\n<p>4. ENTREGAS Y RETRASOS EN LA ENTREGA<\/p>\n<p>a.) Salvo que se acuerde expresamente lo contrario, todos los plazos y tiempos de entrega est\u00e1n sujetos a cambios. Los acuerdos sobre un plazo de entrega vinculante deben hacerse por escrito y generalmente se designan expresamente como \u00abplazo de entrega vinculante\u00bb.<br \/>\nb.) El plazo de entrega comenzar\u00e1 en la fecha de confirmaci\u00f3n del pedido, pero no antes de la aclaraci\u00f3n completa de todos los detalles del pedido, la recepci\u00f3n acordada de documentos y\/o pagos por adelantado y la provisi\u00f3n de cualquier certificado oficial nacional o extranjero necesario.<br \/>\nc.) Los plazos y fechas de entrega se refieren al momento del env\u00edo desde la planta o almac\u00e9n suministrador. Se considerar\u00e1n cumplidos en el momento de la notificaci\u00f3n de disponibilidad para el env\u00edo si la mercanc\u00eda no puede ser enviada a tiempo por causas ajenas a nosotros.<br \/>\nd.) Aunque se haya acordado un plazo de entrega fijo o una fecha de entrega fija, se nos debe conceder un plazo de gracia razonable en caso de incumplimiento. e.) Si el plazo de gracia expira sin resultado, el comprador puede rescindir el contrato por la cantidad que no se haya comunicado lista para el env\u00edo al final del plazo de gracia.<br \/>\nf.) No seremos responsables de los retrasos u omisiones en las entregas causados por un proveedor anterior si no somos culpables. En particular, si la mercanc\u00eda es pedida a tiempo por un subproveedor, nuestra obligaci\u00f3n de entrega no comenzar\u00e1 antes de que nosotros mismos hayamos recibido la entrega; informaremos al cliente del plazo de autoentrega y de cualquier retraso por parte de nuestro subproveedor. Los plazos de entrega se prorrogar\u00e1n -sin perjuicio de nuestros derechos derivados del incumplimiento por parte del comprador- por el periodo en que el comprador se encuentre en mora con respecto a sus obligaciones para con nosotros derivadas de \u00e9sta u otras compras. Los casos de fuerza mayor y las circunstancias de las que no seamos responsables nos dar\u00e1n derecho a aplazar la entrega durante el tiempo que dure el impedimento o un periodo de puesta en marcha razonable, o a rescindir el contrato total o parcialmente debido a la parte del contrato a\u00fan no cumplida. El comprador puede exigirnos una declaraci\u00f3n sobre si deseamos desistir del contrato o realizar la entrega en un plazo razonable. Si no hacemos una declaraci\u00f3n, el comprador podr\u00e1 desistir del contrato.<br \/>\ng.) El Comprador s\u00f3lo tendr\u00e1 derecho a reclamar da\u00f1os y perjuicios por demora si nuestra responsabilidad no est\u00e1 excluida de acuerdo con el n\u00ba 8 de estas Condiciones Generales.<\/p>\n<p>5. TRANSFERENCIA DEL RIESGO Y ENV\u00cdO<\/p>\n<p>a.) El riesgo de da\u00f1o o p\u00e9rdida de la mercanc\u00eda se transmitir\u00e1 al comprador en el momento en que la mercanc\u00eda se entregue a un transportista o agente de transporte, pero a m\u00e1s tardar cuando salga del almac\u00e9n o de la planta suministradora, para todas las transacciones, incluidas las entregas. Sin embargo, el transporte de la mercanc\u00eda est\u00e1 asegurado por nosotros como se explica en el apartado 3a.<br \/>\nb.) Si el comprador ha contratado \u00e9l mismo un seguro de transporte y nos ha informado de ello por escrito, no estaremos obligados a contratar un seguro ni a pagar los gastos enumerados en el apartado 3a.<br \/>\nc.) Estamos autorizados a realizar entregas parciales en una medida razonable.<br \/>\nd.) Los costes adicionales de las entregas urgentes y expr\u00e9s, que se realicen a petici\u00f3n del comprador, correr\u00e1n a cargo de \u00e9ste.<\/p>\n<p>6. RESERVA DE DOMINIO<\/p>\n<p>a.) La mercanc\u00eda seguir\u00e1 siendo de nuestra propiedad hasta que se hayan satisfecho todas las reclamaciones presentes y futuras derivadas de las relaciones comerciales con el comprador.<br \/>\nb.) El comprador est\u00e1 obligado a almacenar y etiquetar por separado las mercanc\u00edas que nos pertenecen (mercanc\u00edas reservadas).<br \/>\nc.) El Comprador debe almacenar nuestras mercanc\u00edas reservadas por separado y etiquetarlas claramente. El comprador est\u00e1 obligado a tratar la mercanc\u00eda adquirida con cuidado; en particular, est\u00e1 obligado a asegurarla adecuadamente a sus expensas contra incendios, da\u00f1os por agua y robo por su valor de reposici\u00f3n. Los productos entregados o las mercanc\u00edas de Rein Medical GmbH deben ser almacenados adecuadamente por el comprador.<br \/>\nd.) Si nuestra mercanc\u00eda reservada se procesa o se mezcla, combina o combina con otros art\u00edculos que no nos pertenecen, adquiriremos la copropiedad del nuevo art\u00edculo en la proporci\u00f3n del valor del art\u00edculo comprado con respecto a los otros art\u00edculos procesados en el momento del procesamiento. En todos los dem\u00e1s aspectos, se aplicar\u00e1 al art\u00edculo creado por la transformaci\u00f3n lo mismo que al art\u00edculo comprado entregado bajo reserva de dominio. La mercanc\u00eda bajo reserva de dominio s\u00f3lo podr\u00e1 venderse en el curso ordinario de los negocios.<br \/>\ne.) No est\u00e1n permitidas otras disposiciones, en particular pignoraciones y transferencias de propiedad a modo de garant\u00eda de la mercanc\u00eda sujeta a reserva de dominio. Por la presente, el comprador nos cede por adelantado el importe total de todas las reclamaciones a las que tenga derecho con respecto a la mercanc\u00eda reservada por reventa o por otros motivos legales; en caso de copropiedad, la cesi\u00f3n s\u00f3lo cubrir\u00e1 la parte de la reclamaci\u00f3n correspondiente a nuestra copropiedad. La reventa s\u00f3lo est\u00e1 permitida si esta cesi\u00f3n est\u00e1 garantizada.<br \/>\nf.) El comprador est\u00e1 autorizado a cobrar los cr\u00e9ditos cedidos en el curso ordinario de los negocios y s\u00f3lo con car\u00e1cter revocable. A petici\u00f3n nuestra, deber\u00e1 notificar la cesi\u00f3n a sus deudores. Tambi\u00e9n podemos realizar esta notificaci\u00f3n en cualquier momento.<br \/>\ng.) La autorizaci\u00f3n del comprador para disponer de la mercanc\u00eda reservada y para procesarla, transformarla, combinarla, mezclarla y mezclarla, as\u00ed como para cobrar los cr\u00e9ditos cedidos, expirar\u00e1 en caso de incumplimiento de las condiciones de pago, disposiciones no autorizadas, protesto de facturas y cheques y tambi\u00e9n si se ha solicitado un procedimiento de insolvencia contra el comprador o si tenemos conocimiento de un deterioro significativo de su situaci\u00f3n financiera. En tales casos, tendremos derecho a tomar posesi\u00f3n inmediata de la mercanc\u00eda reservada, a entrar en los locales del comprador con este fin, a exigir informaci\u00f3n adecuada sobre la mercanc\u00eda reservada y cualquier reclamaci\u00f3n derivada de su reventa y a inspeccionar los libros del comprador en la medida en que esto sirva para asegurar nuestros derechos.<br \/>\nh.) Adem\u00e1s, tenemos derecho a prohibir expresamente el tratamiento y cualquier modificaci\u00f3n de los bienes entregados sujetos a reserva de dominio y a revocar las autorizaciones de recogida, as\u00ed como a notificar a terceros la prohibici\u00f3n y la revocaci\u00f3n. Los costes de recogida o devoluci\u00f3n o transferencia de posesi\u00f3n indirecta de los bienes entregados sujetos a reserva de dominio correr\u00e1n a cargo del Comprador.<br \/>\ni.) Si y en la medida en que el registro y\/o el cumplimiento de otros requisitos sean un prerrequisito para la efectividad de esta reserva de dominio, el Comprador estar\u00e1 obligado, sin perjuicio de nuestra propia autoridad, a tomar todas las medidas necesarias y a realizar todas las notificaciones necesarias sin demora y a sus expensas. Si el ordenamiento jur\u00eddico pertinente no permite el acuerdo de una reserva de dominio, y en la medida en que no lo permita, el Comprador deber\u00e1 proporcionarnos otra garant\u00eda adecuada cuando utilice el cr\u00e9dito para mercanc\u00edas.<br \/>\nj.) En caso de embargo u otras intervenciones de terceros, el comprador deber\u00e1 informar inmediatamente al vendedor para que \u00e9ste pueda emprender acciones legales. Si el comprador no cumple esta obligaci\u00f3n, ser\u00e1 responsable de los da\u00f1os ocasionados.<br \/>\nk.) El vendedor se compromete a liberar las garant\u00edas a las que tenga derecho a petici\u00f3n del comprador en la medida en que el valor realizable de las garant\u00edas exceda de los cr\u00e9ditos a los que tenga derecho el vendedor. La elecci\u00f3n de las garant\u00edas a liberar corresponder\u00e1 al vendedor.<\/p>\n<p>7. NOTIFICACI\u00d3N DE DEFECTOS Y GARANT\u00cdA<\/p>\n<p>a.) El Comprador inspeccionar\u00e1 la mercanc\u00eda y el embalaje inmediatamente despu\u00e9s de la entrega. En particular, el Comprador abrir\u00e1 e inspeccionar\u00e1 muestras individuales de la mercanc\u00eda. El Comprador debe notificarnos por escrito todos los defectos reconocibles, faltas o entregas incorrectas en un plazo de cinco d\u00edas laborables a partir de la entrega, pero en cualquier caso antes de la reventa, uso o procesamiento. Los defectos ocultos deben ser notificados por escrito por el Comprador inmediatamente despu\u00e9s de su descubrimiento.<br \/>\nb.) Nuestra responsabilidad legal por defectos se limitar\u00e1 al cumplimiento posterior, es decir, a nuestra discreci\u00f3n, a la rectificaci\u00f3n de los defectos o a la entrega sustitutoria. El comprador debe darnos suficiente oportunidad para el cumplimiento posterior; de lo contrario, quedaremos exentos de responsabilidad por las consecuencias resultantes. S\u00f3lo en casos urgentes, por ejemplo para garantizar la seguridad de funcionamiento o para evitar da\u00f1os desproporcionadamente grandes, el cliente podr\u00e1 subsanar el defecto por s\u00ed mismo o encargar su subsanaci\u00f3n a un tercero y exigirnos una compensaci\u00f3n por los gastos necesarios. En cualquier caso, el cliente deber\u00e1 devolvernos las piezas sustituidas.<br \/>\nc.) Si el cumplimiento posterior ha fracasado, el cliente tiene derecho a reducir la contraprestaci\u00f3n o -en caso de defectos significativos- a rescindir el contrato.<br \/>\nd.) En el caso de bienes o servicios de nueva fabricaci\u00f3n, somos responsables durante un a\u00f1o a partir de la entrega; en el caso de la venta de productos usados, nuestra responsabilidad queda generalmente excluida.<br \/>\ne.) Quedan excluidas las reclamaciones del comprador por la ejecuci\u00f3n de compras cubiertas en caso de falta de entrega.<br \/>\nf.) Quedan excluidas otras reclamaciones del comprador por defectos que no se ajusten a los apartados b.) a e.) anteriores. Por tanto, no somos responsables de los da\u00f1os que no se hayan producido en el producto en s\u00ed, ni de otras p\u00e9rdidas econ\u00f3micas del cliente.<br \/>\ng.) Nuestra responsabilidad seg\u00fan el n\u00ba 8 de estas Condiciones Generales no est\u00e1 limitada por los p\u00e1rrafos anteriores b.) a f.).<\/p>\n<p>8. RESPONSABILIDAD<\/p>\n<p>a.) Nuestra responsabilidad se extiende a que nuestros productos est\u00e9n libres de defectos de acuerdo con el estado de la t\u00e9cnica. Nuestra responsabilidad queda excluida en caso de almacenamiento o uso inadecuado de nuestros productos por parte del comprador o de terceros, en caso de desgaste natural, manipulaci\u00f3n o procesamiento inadecuados, uso de materiales de funcionamiento inadecuados y en caso de da\u00f1os causados por trabajos realizados por terceros que no hayan sido expresamente autorizados por nosotros.<br \/>\nb.) Nuestra responsabilidad, independientemente del fundamento jur\u00eddico, se limitar\u00e1 a dolo, negligencia grave y negligencia simple en caso de incumplimiento de una obligaci\u00f3n contractual esencial por nuestra parte o por parte de nuestros auxiliares ejecutivos. En caso de negligencia simple, s\u00f3lo seremos responsables de los da\u00f1os previsibles y t\u00edpicos debidos al uso contractual de los bienes.<br \/>\nc.) Todas las limitaciones de responsabilidad enumeradas en estos t\u00e9rminos y condiciones no se aplican a los da\u00f1os personales, a los da\u00f1os causados por la ausencia de una calidad que hayamos garantizado, ni a las reclamaciones en virtud de la Ley de Responsabilidad por Productos Defectuosos.<\/p>\n<p>9. FORMA ESCRITA, NULIDAD PARCIAL<\/p>\n<p>a.) Las modificaciones, suplementos o la cancelaci\u00f3n de mutuo acuerdo de este contrato deben realizarse por escrito si es posible. Las notificaciones por fax u otros medios de transmisi\u00f3n electr\u00f3nica cumplen el requisito de la forma escrita. Lo mismo se aplica a otras declaraciones de las partes contratantes que sean necesarias para establecer, mantener o ejercer sus derechos, en particular las notificaciones de defectos, la fijaci\u00f3n de plazos o las declaraciones unilaterales de cancelaci\u00f3n.<br \/>\nb.) En caso de que una disposici\u00f3n sea o llegue a ser nula o ineficaz, esto no afectar\u00e1 a la validez de las dem\u00e1s disposiciones.<\/p>\n<p>10. LUGAR DE CUMPLIMIENTO, FUERO, LEY APLICABLE<\/p>\n<p>a.) El lugar de cumplimiento de las obligaciones de pago del Comprador y de nuestras obligaciones es M\u00f6nchengladbach.<br \/>\nb.) El lugar de jurisdicci\u00f3n para los litigios derivados de este contrato y relacionados con \u00e9l ser\u00e1 M\u00f6nchengladbach. Sin embargo, tendremos derecho, a nuestra discreci\u00f3n, a interponer acciones contra el Comprador en el lugar de jurisdicci\u00f3n general del Comprador.<br \/>\nc.) La ley de la Rep\u00fablica Federal de Alemania se aplicar\u00e1 a todas las relaciones legales entre el Comprador y nosotros. Queda excluida la Convenci\u00f3n de las Naciones Unidas sobre los Contratos de Compraventa Internacional de Mercader\u00edas (CISG).<\/p>\n<p>d.) Las letras a.) y b.) de esta cl\u00e1usula s\u00f3lo se aplicar\u00e1n si el comprador es una de las personas mencionadas en la Secci\u00f3n 38 (1) ZPO.<\/p>\n<\/div><\/div><\/div><\/div><\/div><\/p>\n","protected":false},"excerpt":{"rendered":"","protected":false},"author":1,"featured_media":0,"parent":0,"menu_order":0,"comment_status":"closed","ping_status":"closed","template":"100-width.php","meta":{"_acf_changed":false,"inline_featured_image":false,"footnotes":""},"class_list":["post-8048","page","type-page","status-publish","hentry"],"acf":[],"yoast_head":"<!-- This site is optimized with the Yoast SEO plugin v27.4 - https:\/\/yoast.com\/product\/yoast-seo-wordpress\/ -->\n<title>GTC - Rein Medical<\/title>\n<meta name=\"robots\" content=\"index, follow, max-snippet:-1, max-image-preview:large, max-video-preview:-1\" \/>\n<link rel=\"canonical\" href=\"https:\/\/reinmedical.com\/es\/gtc\/\" \/>\n<meta property=\"og:locale\" content=\"es_ES\" \/>\n<meta property=\"og:type\" content=\"article\" \/>\n<meta property=\"og:title\" content=\"GTC - Rein Medical\" \/>\n<meta property=\"og:url\" content=\"https:\/\/reinmedical.com\/es\/gtc\/\" \/>\n<meta property=\"og:site_name\" content=\"Rein Medical\" \/>\n<meta property=\"article:modified_time\" content=\"2026-04-01T06:14:36+00:00\" \/>\n<meta name=\"twitter:card\" content=\"summary_large_image\" \/>\n<meta name=\"twitter:label1\" content=\"Tiempo de lectura\" \/>\n\t<meta name=\"twitter:data1\" content=\"20 minutos\" \/>\n<script type=\"application\/ld+json\" class=\"yoast-schema-graph\">{\"@context\":\"https:\\\/\\\/schema.org\",\"@graph\":[{\"@type\":\"WebPage\",\"@id\":\"https:\\\/\\\/reinmedical.com\\\/es\\\/gtc\\\/\",\"url\":\"https:\\\/\\\/reinmedical.com\\\/es\\\/gtc\\\/\",\"name\":\"GTC - Rein Medical\",\"isPartOf\":{\"@id\":\"https:\\\/\\\/reinmedical.com\\\/es\\\/#website\"},\"datePublished\":\"2025-08-01T06:59:23+00:00\",\"dateModified\":\"2026-04-01T06:14:36+00:00\",\"breadcrumb\":{\"@id\":\"https:\\\/\\\/reinmedical.com\\\/es\\\/gtc\\\/#breadcrumb\"},\"inLanguage\":\"es\",\"potentialAction\":[{\"@type\":\"ReadAction\",\"target\":[\"https:\\\/\\\/reinmedical.com\\\/es\\\/gtc\\\/\"]}]},{\"@type\":\"BreadcrumbList\",\"@id\":\"https:\\\/\\\/reinmedical.com\\\/es\\\/gtc\\\/#breadcrumb\",\"itemListElement\":[{\"@type\":\"ListItem\",\"position\":1,\"name\":\"Startseite\",\"item\":\"https:\\\/\\\/reinmedical.com\\\/es\\\/inicio\\\/\"},{\"@type\":\"ListItem\",\"position\":2,\"name\":\"GTC\"}]},{\"@type\":\"WebSite\",\"@id\":\"https:\\\/\\\/reinmedical.com\\\/es\\\/#website\",\"url\":\"https:\\\/\\\/reinmedical.com\\\/es\\\/\",\"name\":\"Rein Medical\",\"description\":\"\",\"potentialAction\":[{\"@type\":\"SearchAction\",\"target\":{\"@type\":\"EntryPoint\",\"urlTemplate\":\"https:\\\/\\\/reinmedical.com\\\/es\\\/?s={search_term_string}\"},\"query-input\":{\"@type\":\"PropertyValueSpecification\",\"valueRequired\":true,\"valueName\":\"search_term_string\"}}],\"inLanguage\":\"es\"}]}<\/script>\n<!-- \/ Yoast SEO plugin. -->","yoast_head_json":{"title":"GTC - Rein Medical","robots":{"index":"index","follow":"follow","max-snippet":"max-snippet:-1","max-image-preview":"max-image-preview:large","max-video-preview":"max-video-preview:-1"},"canonical":"https:\/\/reinmedical.com\/es\/gtc\/","og_locale":"es_ES","og_type":"article","og_title":"GTC - Rein Medical","og_url":"https:\/\/reinmedical.com\/es\/gtc\/","og_site_name":"Rein Medical","article_modified_time":"2026-04-01T06:14:36+00:00","twitter_card":"summary_large_image","twitter_misc":{"Tiempo de lectura":"20 minutos"},"schema":{"@context":"https:\/\/schema.org","@graph":[{"@type":"WebPage","@id":"https:\/\/reinmedical.com\/es\/gtc\/","url":"https:\/\/reinmedical.com\/es\/gtc\/","name":"GTC - Rein Medical","isPartOf":{"@id":"https:\/\/reinmedical.com\/es\/#website"},"datePublished":"2025-08-01T06:59:23+00:00","dateModified":"2026-04-01T06:14:36+00:00","breadcrumb":{"@id":"https:\/\/reinmedical.com\/es\/gtc\/#breadcrumb"},"inLanguage":"es","potentialAction":[{"@type":"ReadAction","target":["https:\/\/reinmedical.com\/es\/gtc\/"]}]},{"@type":"BreadcrumbList","@id":"https:\/\/reinmedical.com\/es\/gtc\/#breadcrumb","itemListElement":[{"@type":"ListItem","position":1,"name":"Startseite","item":"https:\/\/reinmedical.com\/es\/inicio\/"},{"@type":"ListItem","position":2,"name":"GTC"}]},{"@type":"WebSite","@id":"https:\/\/reinmedical.com\/es\/#website","url":"https:\/\/reinmedical.com\/es\/","name":"Rein Medical","description":"","potentialAction":[{"@type":"SearchAction","target":{"@type":"EntryPoint","urlTemplate":"https:\/\/reinmedical.com\/es\/?s={search_term_string}"},"query-input":{"@type":"PropertyValueSpecification","valueRequired":true,"valueName":"search_term_string"}}],"inLanguage":"es"}]}},"_links":{"self":[{"href":"https:\/\/reinmedical.com\/es\/wp-json\/wp\/v2\/pages\/8048","targetHints":{"allow":["GET"]}}],"collection":[{"href":"https:\/\/reinmedical.com\/es\/wp-json\/wp\/v2\/pages"}],"about":[{"href":"https:\/\/reinmedical.com\/es\/wp-json\/wp\/v2\/types\/page"}],"author":[{"embeddable":true,"href":"https:\/\/reinmedical.com\/es\/wp-json\/wp\/v2\/users\/1"}],"replies":[{"embeddable":true,"href":"https:\/\/reinmedical.com\/es\/wp-json\/wp\/v2\/comments?post=8048"}],"version-history":[{"count":7,"href":"https:\/\/reinmedical.com\/es\/wp-json\/wp\/v2\/pages\/8048\/revisions"}],"predecessor-version":[{"id":11575,"href":"https:\/\/reinmedical.com\/es\/wp-json\/wp\/v2\/pages\/8048\/revisions\/11575"}],"wp:attachment":[{"href":"https:\/\/reinmedical.com\/es\/wp-json\/wp\/v2\/media?parent=8048"}],"curies":[{"name":"wp","href":"https:\/\/api.w.org\/{rel}","templated":true}]}}