{"id":7786,"date":"2025-07-21T07:30:03","date_gmt":"2025-07-21T07:30:03","guid":{"rendered":"https:\/\/reinmedical.com\/clases-de-proteccion-ip\/"},"modified":"2025-07-21T11:54:32","modified_gmt":"2025-07-21T11:54:32","slug":"clases-de-proteccion-ip","status":"publish","type":"page","link":"https:\/\/reinmedical.com\/es\/clases-de-proteccion-ip\/","title":{"rendered":"Clases de protecci\u00f3n IP"},"content":{"rendered":"<p><div class=\"fusion-fullwidth fullwidth-box fusion-builder-row-1 fusion-flex-container has-pattern-background has-mask-background fusion-parallax-none nonhundred-percent-fullwidth non-hundred-percent-height-scrolling lazyload gradient-container-1\" style=\"--awb-border-radius-top-left:0px;--awb-border-radius-top-right:0px;--awb-border-radius-bottom-right:0px;--awb-border-radius-bottom-left:0px;--awb-min-height:500px;--awb-background-size:cover;--awb-flex-wrap:wrap;\" data-bg=\"https:\/\/reinmedical.com\/wp-content\/uploads\/2024\/01\/header-s-1600.jpg\" ><div class=\"fusion-builder-row fusion-row fusion-flex-align-items-center fusion-flex-align-content-center fusion-flex-content-wrap\" style=\"max-width:1248px;margin-left: calc(-4% \/ 2 );margin-right: calc(-4% \/ 2 );\"><div class=\"fusion-layout-column fusion_builder_column fusion-builder-column-0 fusion_builder_column_1_1 1_1 fusion-flex-column\" style=\"--awb-bg-size:cover;--awb-width-large:100%;--awb-margin-top-large:0px;--awb-spacing-right-large:1.92%;--awb-margin-bottom-large:20px;--awb-spacing-left-large:1.92%;--awb-width-medium:100%;--awb-order-medium:0;--awb-spacing-right-medium:1.92%;--awb-spacing-left-medium:1.92%;--awb-width-small:100%;--awb-order-small:0;--awb-spacing-right-small:1.92%;--awb-spacing-left-small:1.92%;\"><div class=\"fusion-column-wrapper fusion-column-has-shadow fusion-flex-justify-content-flex-start fusion-content-layout-column\"><div class=\"fusion-text fusion-text-1\"><h1 style=\"text-align: center;\"><span style=\"color: #ffffff;\">Clases de protecci\u00f3n IP<\/span><\/h1>\n<\/div><\/div><\/div><\/div><\/div><div class=\"fusion-fullwidth fullwidth-box fusion-builder-row-2 fusion-flex-container has-pattern-background has-mask-background nonhundred-percent-fullwidth non-hundred-percent-height-scrolling gradient-container-2\" style=\"--awb-border-radius-top-left:0px;--awb-border-radius-top-right:0px;--awb-border-radius-bottom-right:0px;--awb-border-radius-bottom-left:0px;--awb-margin-top:50px;--awb-flex-wrap:wrap;\" ><div class=\"fusion-builder-row fusion-row fusion-flex-align-items-flex-start fusion-flex-content-wrap\" style=\"max-width:1248px;margin-left: calc(-4% \/ 2 );margin-right: calc(-4% \/ 2 );\"><div class=\"fusion-layout-column fusion_builder_column fusion-builder-column-1 fusion_builder_column_1_1 1_1 fusion-flex-column\" style=\"--awb-bg-size:cover;--awb-width-large:100%;--awb-margin-top-large:0px;--awb-spacing-right-large:1.92%;--awb-margin-bottom-large:20px;--awb-spacing-left-large:1.92%;--awb-width-medium:100%;--awb-order-medium:0;--awb-spacing-right-medium:1.92%;--awb-spacing-left-medium:1.92%;--awb-width-small:100%;--awb-order-small:0;--awb-spacing-right-small:1.92%;--awb-spacing-left-small:1.92%;\"><div class=\"fusion-column-wrapper fusion-column-has-shadow fusion-flex-justify-content-flex-start fusion-content-layout-column\"><div class=\"fusion-text fusion-text-2\"><div id=\"paragraph_121\" class=\"paragraph paragraph_text\">\n<div class=\"slide-in from-bottom image_text_wrapper col-12 col-md-9 offset-md-3 mt-5 visible\">\n<h2>Protecci\u00f3n contra el contacto y la entrada de agua y suciedad<\/h2>\n<p>En muchas aplicaciones, los ordenadores y monitores tienen que funcionar de forma segura durante muchos a\u00f1os en condiciones ambientales duras. La suciedad, los g\u00e9rmenes, las bacterias, el polvo y la humedad rara vez pueden mantenerse al margen. <\/p>\n<p>Tampoco pueden evitarse los efectos de un contacto inadecuado con cuerpos extra\u00f1os u otros objetos, sobre todo en el quir\u00f3fano.<\/p>\n<p>Las clases de protecci\u00f3n IP determinan hasta qu\u00e9 punto un componente el\u00e9ctrico puede estar expuesto a influencias ambientales sin sufrir da\u00f1os ni suponer un riesgo para la seguridad.<\/p>\n<p>En zonas sensibles desde el punto de vista m\u00e9dico, una protecci\u00f3n IP adecuada ofrece seguridad para el aparato y el paciente, ya que los aparatos pueden limpiarse sin problemas con los desinfectantes habituales de los hospitales.<\/p>\n<\/div>\n<\/div>\n<\/div><div class=\"fusion-text fusion-text-3\"><table class=\"table table-striped\">\n<thead>\n<tr>\n<th>C\u00f3digo n\u00famero 1 de protecci\u00f3n de los contactos<\/th>\n<th>IP<\/th>\n<th>C\u00f3digo n\u00famero 2 para protecci\u00f3n contra el agua<\/th>\n<\/tr>\n<\/thead>\n<tbody>\n<tr>\n<td class=\"text-nowrap\">0<\/td>\n<td>sin protecci\u00f3n contra contacto sin protecci\u00f3n contra cuerpos extra\u00f1os<\/td>\n<td class=\"text-nowrap\">0<\/td>\n<td class=\"text-nowrap\">Sin protecci\u00f3n contra el agua<\/td>\n<\/tr>\n<tr>\n<td class=\"text-nowrap\">1<\/td>\n<td>Protecci\u00f3n contra objetos extra\u00f1os con un di\u00e1metro de &gt;50mm<\/td>\n<td class=\"text-nowrap\">1<\/td>\n<td>Protecci\u00f3n contra la ca\u00edda vertical de gotas de agua<\/td>\n<\/tr>\n<tr>\n<td class=\"text-nowrap\">2<\/td>\n<td>Protecci\u00f3n contra objetos extra\u00f1os con un di\u00e1metro de &gt;12mm<\/td>\n<td class=\"text-nowrap\">2<\/td>\n<td>Protecci\u00f3n contra gotas de agua que caen en \u00e1ngulo (15\u00b0 respecto a la vertical)<\/td>\n<\/tr>\n<tr>\n<td class=\"text-nowrap\">3<\/td>\n<td>Protecci\u00f3n contra objetos extra\u00f1os con un di\u00e1metro de &gt;2,5 mm<\/td>\n<td class=\"text-nowrap\">3<\/td>\n<td>Protecci\u00f3n contra salpicaduras de agua (hasta 60\u00b0 de la vertical)<\/td>\n<\/tr>\n<tr>\n<td class=\"text-nowrap\">4<\/td>\n<td>Protecci\u00f3n contra cuerpos extra\u00f1os con un di\u00e1metro de &gt;1mm<\/td>\n<td class=\"text-nowrap\">4<\/td>\n<td>Protecci\u00f3n contra salpicaduras de agua<\/td>\n<\/tr>\n<tr>\n<td class=\"text-nowrap\">5<\/td>\n<td>Protecci\u00f3n total contra el contacto, protecci\u00f3n contra dep\u00f3sitos de polvo en el interior<\/td>\n<td class=\"text-nowrap\">5<\/td>\n<td>Protecci\u00f3n contra chorros de agua (desde todas las direcciones)<\/td>\n<\/tr>\n<tr>\n<td class=\"text-nowrap\">6<\/td>\n<td>Protecci\u00f3n total de los contactos, protecci\u00f3n contra la entrada de polvo<\/td>\n<td class=\"text-nowrap\">6<\/td>\n<td>Protecci\u00f3n contra la entrada de agua en caso de inundaci\u00f3n temporal<\/td>\n<\/tr>\n<tr>\n<td class=\"text-nowrap\">7<\/td>\n<td class=\"text-nowrap\"><\/td>\n<td class=\"text-nowrap\">7<\/td>\n<td>Protegido de la entrada de agua durante la inmersi\u00f3n<\/td>\n<\/tr>\n<tr>\n<td class=\"text-nowrap\">8<\/td>\n<td class=\"text-nowrap\"><\/td>\n<td class=\"text-nowrap\">8<\/td>\n<td>Protegido contra la entrada de agua cuando se sumerge durante un tiempo indefinido<\/td>\n<\/tr>\n<tr>\n<td class=\"text-nowrap\">9<\/td>\n<td class=\"text-nowrap\"><\/td>\n<td class=\"text-nowrap\">9<\/td>\n<td>Protegido contra la entrada de agua desde cualquier direcci\u00f3n, incluso a alta presi\u00f3n contra la carcasa. (limpiador de chorro de alta presi\u00f3n\/vapor, 80-100 bar) <\/td>\n<\/tr>\n<\/tbody>\n<\/table>\n<\/div><\/div><\/div><\/div><\/div><\/p>\n","protected":false},"excerpt":{"rendered":"","protected":false},"author":1,"featured_media":0,"parent":0,"menu_order":0,"comment_status":"closed","ping_status":"closed","template":"100-width.php","meta":{"_acf_changed":false,"inline_featured_image":false,"footnotes":""},"class_list":["post-7786","page","type-page","status-publish","hentry"],"acf":[],"yoast_head":"<!-- This site is optimized with the Yoast SEO plugin v27.3 - https:\/\/yoast.com\/product\/yoast-seo-wordpress\/ -->\n<title>Clases de protecci\u00f3n IP - Rein Medical<\/title>\n<meta name=\"robots\" content=\"index, follow, max-snippet:-1, max-image-preview:large, max-video-preview:-1\" \/>\n<link rel=\"canonical\" href=\"https:\/\/reinmedical.com\/es\/clases-de-proteccion-ip\/\" \/>\n<meta property=\"og:locale\" content=\"es_ES\" \/>\n<meta property=\"og:type\" content=\"article\" \/>\n<meta property=\"og:title\" content=\"Clases de protecci\u00f3n IP - Rein Medical\" \/>\n<meta property=\"og:url\" content=\"https:\/\/reinmedical.com\/es\/clases-de-proteccion-ip\/\" \/>\n<meta property=\"og:site_name\" content=\"Rein Medical\" \/>\n<meta property=\"article:modified_time\" content=\"2025-07-21T11:54:32+00:00\" \/>\n<meta name=\"twitter:card\" content=\"summary_large_image\" \/>\n<meta name=\"twitter:label1\" content=\"Tiempo de lectura\" \/>\n\t<meta name=\"twitter:data1\" content=\"13 minutos\" \/>\n<script type=\"application\/ld+json\" class=\"yoast-schema-graph\">{\"@context\":\"https:\\\/\\\/schema.org\",\"@graph\":[{\"@type\":\"WebPage\",\"@id\":\"https:\\\/\\\/reinmedical.com\\\/es\\\/clases-de-proteccion-ip\\\/\",\"url\":\"https:\\\/\\\/reinmedical.com\\\/es\\\/clases-de-proteccion-ip\\\/\",\"name\":\"Clases de protecci\u00f3n IP - Rein Medical\",\"isPartOf\":{\"@id\":\"https:\\\/\\\/reinmedical.com\\\/es\\\/#website\"},\"datePublished\":\"2025-07-21T07:30:03+00:00\",\"dateModified\":\"2025-07-21T11:54:32+00:00\",\"breadcrumb\":{\"@id\":\"https:\\\/\\\/reinmedical.com\\\/es\\\/clases-de-proteccion-ip\\\/#breadcrumb\"},\"inLanguage\":\"es\",\"potentialAction\":[{\"@type\":\"ReadAction\",\"target\":[\"https:\\\/\\\/reinmedical.com\\\/es\\\/clases-de-proteccion-ip\\\/\"]}]},{\"@type\":\"BreadcrumbList\",\"@id\":\"https:\\\/\\\/reinmedical.com\\\/es\\\/clases-de-proteccion-ip\\\/#breadcrumb\",\"itemListElement\":[{\"@type\":\"ListItem\",\"position\":1,\"name\":\"Startseite\",\"item\":\"https:\\\/\\\/reinmedical.com\\\/es\\\/inicio\\\/\"},{\"@type\":\"ListItem\",\"position\":2,\"name\":\"Clases de protecci\u00f3n IP\"}]},{\"@type\":\"WebSite\",\"@id\":\"https:\\\/\\\/reinmedical.com\\\/es\\\/#website\",\"url\":\"https:\\\/\\\/reinmedical.com\\\/es\\\/\",\"name\":\"Rein Medical\",\"description\":\"\",\"potentialAction\":[{\"@type\":\"SearchAction\",\"target\":{\"@type\":\"EntryPoint\",\"urlTemplate\":\"https:\\\/\\\/reinmedical.com\\\/es\\\/?s={search_term_string}\"},\"query-input\":{\"@type\":\"PropertyValueSpecification\",\"valueRequired\":true,\"valueName\":\"search_term_string\"}}],\"inLanguage\":\"es\"}]}<\/script>\n<!-- \/ Yoast SEO plugin. -->","yoast_head_json":{"title":"Clases de protecci\u00f3n IP - Rein Medical","robots":{"index":"index","follow":"follow","max-snippet":"max-snippet:-1","max-image-preview":"max-image-preview:large","max-video-preview":"max-video-preview:-1"},"canonical":"https:\/\/reinmedical.com\/es\/clases-de-proteccion-ip\/","og_locale":"es_ES","og_type":"article","og_title":"Clases de protecci\u00f3n IP - Rein Medical","og_url":"https:\/\/reinmedical.com\/es\/clases-de-proteccion-ip\/","og_site_name":"Rein Medical","article_modified_time":"2025-07-21T11:54:32+00:00","twitter_card":"summary_large_image","twitter_misc":{"Tiempo de lectura":"13 minutos"},"schema":{"@context":"https:\/\/schema.org","@graph":[{"@type":"WebPage","@id":"https:\/\/reinmedical.com\/es\/clases-de-proteccion-ip\/","url":"https:\/\/reinmedical.com\/es\/clases-de-proteccion-ip\/","name":"Clases de protecci\u00f3n IP - Rein Medical","isPartOf":{"@id":"https:\/\/reinmedical.com\/es\/#website"},"datePublished":"2025-07-21T07:30:03+00:00","dateModified":"2025-07-21T11:54:32+00:00","breadcrumb":{"@id":"https:\/\/reinmedical.com\/es\/clases-de-proteccion-ip\/#breadcrumb"},"inLanguage":"es","potentialAction":[{"@type":"ReadAction","target":["https:\/\/reinmedical.com\/es\/clases-de-proteccion-ip\/"]}]},{"@type":"BreadcrumbList","@id":"https:\/\/reinmedical.com\/es\/clases-de-proteccion-ip\/#breadcrumb","itemListElement":[{"@type":"ListItem","position":1,"name":"Startseite","item":"https:\/\/reinmedical.com\/es\/inicio\/"},{"@type":"ListItem","position":2,"name":"Clases de protecci\u00f3n IP"}]},{"@type":"WebSite","@id":"https:\/\/reinmedical.com\/es\/#website","url":"https:\/\/reinmedical.com\/es\/","name":"Rein Medical","description":"","potentialAction":[{"@type":"SearchAction","target":{"@type":"EntryPoint","urlTemplate":"https:\/\/reinmedical.com\/es\/?s={search_term_string}"},"query-input":{"@type":"PropertyValueSpecification","valueRequired":true,"valueName":"search_term_string"}}],"inLanguage":"es"}]}},"_links":{"self":[{"href":"https:\/\/reinmedical.com\/es\/wp-json\/wp\/v2\/pages\/7786","targetHints":{"allow":["GET"]}}],"collection":[{"href":"https:\/\/reinmedical.com\/es\/wp-json\/wp\/v2\/pages"}],"about":[{"href":"https:\/\/reinmedical.com\/es\/wp-json\/wp\/v2\/types\/page"}],"author":[{"embeddable":true,"href":"https:\/\/reinmedical.com\/es\/wp-json\/wp\/v2\/users\/1"}],"replies":[{"embeddable":true,"href":"https:\/\/reinmedical.com\/es\/wp-json\/wp\/v2\/comments?post=7786"}],"version-history":[{"count":0,"href":"https:\/\/reinmedical.com\/es\/wp-json\/wp\/v2\/pages\/7786\/revisions"}],"wp:attachment":[{"href":"https:\/\/reinmedical.com\/es\/wp-json\/wp\/v2\/media?parent=7786"}],"curies":[{"name":"wp","href":"https:\/\/api.w.org\/{rel}","templated":true}]}}