{"id":4511,"date":"2024-01-19T06:57:33","date_gmt":"2024-01-19T06:57:33","guid":{"rendered":"https:\/\/reinmedical.com\/calibracion-y-ajuste-de-la-pantalla\/"},"modified":"2024-08-30T15:37:24","modified_gmt":"2024-08-30T15:37:24","slug":"calibracion-y-ajuste-de-la-pantalla","status":"publish","type":"page","link":"https:\/\/reinmedical.com\/es\/calibracion-y-ajuste-de-la-pantalla\/","title":{"rendered":"Calibraci\u00f3n y ajuste de la pantalla"},"content":{"rendered":"<p><div class=\"fusion-fullwidth fullwidth-box fusion-builder-row-1 fusion-flex-container has-pattern-background has-mask-background fusion-parallax-none nonhundred-percent-fullwidth non-hundred-percent-height-scrolling lazyload gradient-container-1\" style=\"--awb-border-radius-top-left:0px;--awb-border-radius-top-right:0px;--awb-border-radius-bottom-right:0px;--awb-border-radius-bottom-left:0px;--awb-min-height:500px;--awb-background-size:cover;--awb-flex-wrap:wrap;\" data-bg=\"https:\/\/reinmedical.com\/wp-content\/uploads\/2024\/01\/header-s-1600.jpg\" ><div class=\"fusion-builder-row fusion-row fusion-flex-align-items-center fusion-flex-align-content-center fusion-flex-content-wrap\" style=\"max-width:1248px;margin-left: calc(-4% \/ 2 );margin-right: calc(-4% \/ 2 );\"><div class=\"fusion-layout-column fusion_builder_column fusion-builder-column-0 fusion_builder_column_1_1 1_1 fusion-flex-column\" style=\"--awb-bg-size:cover;--awb-width-large:100%;--awb-margin-top-large:0px;--awb-spacing-right-large:1.92%;--awb-margin-bottom-large:20px;--awb-spacing-left-large:1.92%;--awb-width-medium:100%;--awb-order-medium:0;--awb-spacing-right-medium:1.92%;--awb-spacing-left-medium:1.92%;--awb-width-small:100%;--awb-order-small:0;--awb-spacing-right-small:1.92%;--awb-spacing-left-small:1.92%;\"><div class=\"fusion-column-wrapper fusion-column-has-shadow fusion-flex-justify-content-flex-start fusion-content-layout-column\"><div class=\"fusion-text fusion-text-1\"><h1 style=\"text-align: center;\"><span style=\"color: #ffffff;\">Calibraci\u00f3n y ajuste de la pantalla<\/span><\/h1>\n<\/div><\/div><\/div><\/div><\/div><div class=\"fusion-fullwidth fullwidth-box fusion-builder-row-2 fusion-flex-container has-pattern-background has-mask-background nonhundred-percent-fullwidth non-hundred-percent-height-scrolling gradient-container-2\" style=\"--awb-border-radius-top-left:0px;--awb-border-radius-top-right:0px;--awb-border-radius-bottom-right:0px;--awb-border-radius-bottom-left:0px;--awb-margin-top:50px;--awb-flex-wrap:wrap;\" ><div class=\"fusion-builder-row fusion-row fusion-flex-align-items-flex-start fusion-flex-content-wrap\" style=\"max-width:1248px;margin-left: calc(-4% \/ 2 );margin-right: calc(-4% \/ 2 );\"><div class=\"fusion-layout-column fusion_builder_column fusion-builder-column-1 fusion_builder_column_1_5 1_5 fusion-flex-column\" style=\"--awb-bg-size:cover;--awb-width-large:20%;--awb-margin-top-large:0px;--awb-spacing-right-large:9.6%;--awb-margin-bottom-large:20px;--awb-spacing-left-large:9.6%;--awb-width-medium:20%;--awb-order-medium:0;--awb-spacing-right-medium:9.6%;--awb-spacing-left-medium:9.6%;--awb-width-small:100%;--awb-order-small:0;--awb-spacing-right-small:1.92%;--awb-spacing-left-small:1.92%;\"><div class=\"fusion-column-wrapper fusion-column-has-shadow fusion-flex-justify-content-flex-start fusion-content-layout-column\"><\/div><\/div><div class=\"fusion-layout-column fusion_builder_column fusion-builder-column-2 fusion_builder_column_4_5 4_5 fusion-flex-column\" style=\"--awb-bg-size:cover;--awb-width-large:80%;--awb-margin-top-large:0px;--awb-spacing-right-large:2.4%;--awb-margin-bottom-large:20px;--awb-spacing-left-large:2.4%;--awb-width-medium:80%;--awb-order-medium:0;--awb-spacing-right-medium:2.4%;--awb-spacing-left-medium:2.4%;--awb-width-small:100%;--awb-order-small:0;--awb-spacing-right-small:1.92%;--awb-spacing-left-small:1.92%;\"><div class=\"fusion-column-wrapper fusion-column-has-shadow fusion-flex-justify-content-flex-start fusion-content-layout-column\"><div class=\"fusion-text fusion-text-2\"><h2>Calibraci\u00f3n<\/h2>\n<p>  En ning\u00fan otro \u00e1mbito es tan importante una visualizaci\u00f3n precisa de las im\u00e1genes como en el entorno m\u00e9dico, por ejemplo en radiolog\u00eda o cirug\u00eda.<br \/>\nSin embargo, para garantizar una presentaci\u00f3n coherente de la imagen, no s\u00f3lo es importante utilizar una pantalla de alta calidad, sino tambi\u00e9n calibrarla.<br \/>\nLa calibraci\u00f3n es el ajuste de dos valores a un valor definido.<br \/>\nLos par\u00e1metros importantes que hay que calibrar son el brillo, la gamma, la temperatura de color y el espacio de color.<br \/>\nEstos deben corresponder a un valor definido y mantenerse constantes.<br \/>\nLa luminosidad se mide en el blanco y se denomina Lmax.<br \/>\nEl ALS (Estabilizaci\u00f3n Autom\u00e1tica de la Luminosidad) integrado garantiza que los ajustes de luminosidad permanezcan estables.<br \/>\nOtro par\u00e1metro es la gamma de la pantalla.<br \/>\nMide la relaci\u00f3n entre la se\u00f1al de entrada y el brillo.<br \/>\nLa gamma es, por tanto, la correcci\u00f3n del brillo de los valores de gris del monitor, es decir, los niveles entre el blanco y el negro.<\/p>\n<\/div><\/div><\/div><div class=\"fusion-layout-column fusion_builder_column fusion-builder-column-3 fusion_builder_column_1_1 1_1 fusion-flex-column\" style=\"--awb-bg-size:cover;--awb-width-large:100%;--awb-margin-top-large:0px;--awb-spacing-right-large:1.92%;--awb-margin-bottom-large:20px;--awb-spacing-left-large:1.92%;--awb-width-medium:100%;--awb-order-medium:0;--awb-spacing-right-medium:1.92%;--awb-spacing-left-medium:1.92%;--awb-width-small:100%;--awb-order-small:0;--awb-spacing-right-small:1.92%;--awb-spacing-left-small:1.92%;\"><div class=\"fusion-column-wrapper fusion-column-has-shadow fusion-flex-justify-content-flex-start fusion-content-layout-column\"><div class=\"fusion-text fusion-text-3\"><h2>LUT<\/h2>\n<p>  Un elemento central de la calibraci\u00f3n del color es la tabla de consulta (LUT).<br \/>\nSirve como tabla de traducci\u00f3n entre la entrada y la salida.<br \/>\nLa comparaci\u00f3n en f\u00e1brica o por el usuario determina qu\u00e9 valor de entrada est\u00e1 vinculado a qu\u00e9 valor de salida.<br \/>\nEl tama\u00f1o de la LUT es decisivo para el resultado.<br \/>\nCuantas m\u00e1s gradaciones sean posibles, m\u00e1s preciso ser\u00e1 el calibrado.<\/p>\n<\/div><\/div><\/div><\/div><\/div><div class=\"fusion-fullwidth fullwidth-box fusion-builder-row-3 fusion-flex-container has-pattern-background has-mask-background nonhundred-percent-fullwidth non-hundred-percent-height-scrolling gradient-container-3\" style=\"--awb-border-radius-top-left:0px;--awb-border-radius-top-right:0px;--awb-border-radius-bottom-right:0px;--awb-border-radius-bottom-left:0px;--awb-flex-wrap:wrap;\" ><div class=\"fusion-builder-row fusion-row fusion-flex-align-items-flex-start fusion-flex-content-wrap\" style=\"max-width:1248px;margin-left: calc(-4% \/ 2 );margin-right: calc(-4% \/ 2 );\"><div class=\"fusion-layout-column fusion_builder_column fusion-builder-column-4 fusion_builder_column_1_5 1_5 fusion-flex-column\" style=\"--awb-bg-size:cover;--awb-width-large:20%;--awb-margin-top-large:0px;--awb-spacing-right-large:9.6%;--awb-margin-bottom-large:20px;--awb-spacing-left-large:9.6%;--awb-width-medium:20%;--awb-order-medium:0;--awb-spacing-right-medium:9.6%;--awb-spacing-left-medium:9.6%;--awb-width-small:100%;--awb-order-small:0;--awb-spacing-right-small:1.92%;--awb-spacing-left-small:1.92%;\"><div class=\"fusion-column-wrapper fusion-column-has-shadow fusion-flex-justify-content-flex-start fusion-content-layout-column\"><\/div><\/div><div class=\"fusion-layout-column fusion_builder_column fusion-builder-column-5 fusion_builder_column_4_5 4_5 fusion-flex-column\" style=\"--awb-bg-size:cover;--awb-width-large:80%;--awb-margin-top-large:0px;--awb-spacing-right-large:2.4%;--awb-margin-bottom-large:20px;--awb-spacing-left-large:2.4%;--awb-width-medium:80%;--awb-order-medium:0;--awb-spacing-right-medium:2.4%;--awb-spacing-left-medium:2.4%;--awb-width-small:100%;--awb-order-small:0;--awb-spacing-right-small:1.92%;--awb-spacing-left-small:1.92%;\"><div class=\"fusion-column-wrapper fusion-column-has-shadow fusion-flex-justify-content-flex-start fusion-content-layout-column\"><div class=\"fusion-text fusion-text-4\"><h2>Calibraci\u00f3n 3D LUT<\/h2>\n<p>  La diferencia de color percibida se denomina Delta E y refleja la diferencia entre dos valores.<br \/>\nEsta distancia puede minimizarse a\u00fan m\u00e1s con la nueva LUT 3D, ya que ofrece la posibilidad de crear una matriz 3 x 3, mediante la cual los canales R, G y B pueden controlarse independientemente unos de otros.   <\/p>\n<h2>BT.709, BT.1886 y BT.2020<\/h2>\n<p>  Todos los colores que realmente se van a emitir se muestran en un espacio de color tridimensional.<br \/>\nEl espacio de color es el subconjunto de la gama de colores que es visible para el ojo humano.<br \/>\nLos espacios de color m\u00e1s conocidos son BT.709, BT.1886 y BT.2020.<br \/>\nBT.709 normaliza los par\u00e1metros para la televisi\u00f3n de alta definici\u00f3n con una relaci\u00f3n de aspecto de 16:9.<br \/>\nDespu\u00e9s se defini\u00f3 BT.1886 para normalizar la curva gamma de las pantallas planas de TVAD.<br \/>\nEl espacio de color ampliado seg\u00fan BT.2020, que se centra en varios aspectos de la UHDTV, es actualmente una excepci\u00f3n.<br \/>\nEste espacio de color supera el espacio de color de todos los paneles disponibles actualmente.<\/p>\n<\/div><div class=\"fusion-image-element \" style=\"text-align:center;--awb-caption-title-font-family:var(--h2_typography-font-family);--awb-caption-title-font-weight:var(--h2_typography-font-weight);--awb-caption-title-font-style:var(--h2_typography-font-style);--awb-caption-title-size:var(--h2_typography-font-size);--awb-caption-title-transform:var(--h2_typography-text-transform);--awb-caption-title-line-height:var(--h2_typography-line-height);--awb-caption-title-letter-spacing:var(--h2_typography-letter-spacing);\"><span class=\" fusion-imageframe imageframe-none imageframe-1 hover-type-none\"><img decoding=\"async\" width=\"368\" height=\"407\" title=\"image6\" src=\"https:\/\/reinmedical.com\/wp-content\/uploads\/2024\/01\/image6.jpg\" data-orig-src=\"https:\/\/reinmedical.com\/wp-content\/uploads\/2024\/01\/image6.jpg\" alt class=\"lazyload img-responsive wp-image-1549\" srcset=\"data:image\/svg+xml,%3Csvg%20xmlns%3D%27http%3A%2F%2Fwww.w3.org%2F2000%2Fsvg%27%20width%3D%27368%27%20height%3D%27407%27%20viewBox%3D%270%200%20368%20407%27%3E%3Crect%20width%3D%27368%27%20height%3D%27407%27%20fill-opacity%3D%220%22%2F%3E%3C%2Fsvg%3E\" data-srcset=\"https:\/\/reinmedical.com\/wp-content\/uploads\/2024\/01\/image6-200x221.jpg 200w, https:\/\/reinmedical.com\/wp-content\/uploads\/2024\/01\/image6.jpg 368w\" data-sizes=\"auto\" data-orig-sizes=\"(max-width: 640px) 100vw, 368px\" \/><\/span><\/div><\/div><\/div><\/div><\/div><div class=\"fusion-fullwidth fullwidth-box fusion-builder-row-4 fusion-flex-container has-pattern-background has-mask-background nonhundred-percent-fullwidth non-hundred-percent-height-scrolling gradient-container-4\" style=\"--awb-border-radius-top-left:0px;--awb-border-radius-top-right:0px;--awb-border-radius-bottom-right:0px;--awb-border-radius-bottom-left:0px;--awb-background-color:var(--awb-color3);--awb-flex-wrap:wrap;\" ><div class=\"fusion-builder-row fusion-row fusion-flex-align-items-flex-start fusion-flex-content-wrap\" style=\"max-width:1248px;margin-left: calc(-4% \/ 2 );margin-right: calc(-4% \/ 2 );\"><div class=\"fusion-layout-column fusion_builder_column fusion-builder-column-6 fusion_builder_column_1_5 1_5 fusion-flex-column\" style=\"--awb-bg-size:cover;--awb-width-large:20%;--awb-margin-top-large:0px;--awb-spacing-right-large:9.6%;--awb-margin-bottom-large:20px;--awb-spacing-left-large:9.6%;--awb-width-medium:20%;--awb-order-medium:0;--awb-spacing-right-medium:9.6%;--awb-spacing-left-medium:9.6%;--awb-width-small:100%;--awb-order-small:0;--awb-spacing-right-small:1.92%;--awb-spacing-left-small:1.92%;\"><div class=\"fusion-column-wrapper fusion-column-has-shadow fusion-flex-justify-content-flex-start fusion-content-layout-column\"><\/div><\/div><div class=\"fusion-layout-column fusion_builder_column fusion-builder-column-7 fusion_builder_column_4_5 4_5 fusion-flex-column\" style=\"--awb-bg-size:cover;--awb-width-large:80%;--awb-margin-top-large:0px;--awb-spacing-right-large:2.4%;--awb-margin-bottom-large:20px;--awb-spacing-left-large:2.4%;--awb-width-medium:80%;--awb-order-medium:0;--awb-spacing-right-medium:2.4%;--awb-spacing-left-medium:2.4%;--awb-width-small:100%;--awb-order-small:0;--awb-spacing-right-small:1.92%;--awb-spacing-left-small:1.92%;\"><div class=\"fusion-column-wrapper fusion-column-has-shadow fusion-flex-justify-content-flex-start fusion-content-layout-column\"><div class=\"fusion-text fusion-text-5\"><h2>\u00bfPor qu\u00e9 Rein Medical?<\/h2>\n<p>  Los monitores de alto brillo UHD de Rein Medical est\u00e1n equipados con: &#8211; ALS (Estabilizaci\u00f3n Autom\u00e1tica de la Luminosidad) que mantiene el monitor con un valor de luminosidad estable durante toda su vida \u00fatil.<br \/>\n&#8211; Calibraci\u00f3n 3D LUT innovadora para DICOM, BT.709, BT.1886 y BT.2020 para una visualizaci\u00f3n perfecta de las escalas de grises y colores &#8211; Calibraci\u00f3n de f\u00e1brica de cada aparato antes de la entrega.<\/p>\n<\/div><\/div><\/div><\/div><\/div><\/p>\n","protected":false},"excerpt":{"rendered":"","protected":false},"author":1,"featured_media":0,"parent":0,"menu_order":0,"comment_status":"closed","ping_status":"closed","template":"100-width.php","meta":{"_acf_changed":false,"inline_featured_image":false,"footnotes":""},"class_list":["post-4511","page","type-page","status-publish","hentry"],"acf":[],"yoast_head":"<!-- This site is optimized with the Yoast SEO plugin v27.4 - https:\/\/yoast.com\/product\/yoast-seo-wordpress\/ -->\n<title>Calibraci\u00f3n y ajuste de la pantalla - Rein Medical<\/title>\n<meta name=\"robots\" content=\"index, follow, max-snippet:-1, max-image-preview:large, max-video-preview:-1\" \/>\n<link rel=\"canonical\" href=\"https:\/\/reinmedical.com\/es\/calibracion-y-ajuste-de-la-pantalla\/\" \/>\n<meta property=\"og:locale\" content=\"es_ES\" \/>\n<meta property=\"og:type\" content=\"article\" \/>\n<meta property=\"og:title\" content=\"Calibraci\u00f3n y ajuste de la pantalla - Rein Medical\" \/>\n<meta property=\"og:url\" content=\"https:\/\/reinmedical.com\/es\/calibracion-y-ajuste-de-la-pantalla\/\" \/>\n<meta property=\"og:site_name\" content=\"Rein Medical\" \/>\n<meta property=\"article:modified_time\" content=\"2024-08-30T15:37:24+00:00\" \/>\n<meta name=\"twitter:card\" content=\"summary_large_image\" \/>\n<meta name=\"twitter:label1\" content=\"Tiempo de lectura\" \/>\n\t<meta name=\"twitter:data1\" content=\"34 minutos\" \/>\n<script type=\"application\/ld+json\" class=\"yoast-schema-graph\">{\"@context\":\"https:\\\/\\\/schema.org\",\"@graph\":[{\"@type\":\"WebPage\",\"@id\":\"https:\\\/\\\/reinmedical.com\\\/es\\\/calibracion-y-ajuste-de-la-pantalla\\\/\",\"url\":\"https:\\\/\\\/reinmedical.com\\\/es\\\/calibracion-y-ajuste-de-la-pantalla\\\/\",\"name\":\"Calibraci\u00f3n y ajuste de la pantalla - Rein Medical\",\"isPartOf\":{\"@id\":\"https:\\\/\\\/reinmedical.com\\\/es\\\/#website\"},\"datePublished\":\"2024-01-19T06:57:33+00:00\",\"dateModified\":\"2024-08-30T15:37:24+00:00\",\"breadcrumb\":{\"@id\":\"https:\\\/\\\/reinmedical.com\\\/es\\\/calibracion-y-ajuste-de-la-pantalla\\\/#breadcrumb\"},\"inLanguage\":\"es\",\"potentialAction\":[{\"@type\":\"ReadAction\",\"target\":[\"https:\\\/\\\/reinmedical.com\\\/es\\\/calibracion-y-ajuste-de-la-pantalla\\\/\"]}]},{\"@type\":\"BreadcrumbList\",\"@id\":\"https:\\\/\\\/reinmedical.com\\\/es\\\/calibracion-y-ajuste-de-la-pantalla\\\/#breadcrumb\",\"itemListElement\":[{\"@type\":\"ListItem\",\"position\":1,\"name\":\"Startseite\",\"item\":\"https:\\\/\\\/reinmedical.com\\\/es\\\/inicio\\\/\"},{\"@type\":\"ListItem\",\"position\":2,\"name\":\"Calibraci\u00f3n y ajuste de la pantalla\"}]},{\"@type\":\"WebSite\",\"@id\":\"https:\\\/\\\/reinmedical.com\\\/es\\\/#website\",\"url\":\"https:\\\/\\\/reinmedical.com\\\/es\\\/\",\"name\":\"Rein Medical\",\"description\":\"\",\"potentialAction\":[{\"@type\":\"SearchAction\",\"target\":{\"@type\":\"EntryPoint\",\"urlTemplate\":\"https:\\\/\\\/reinmedical.com\\\/es\\\/?s={search_term_string}\"},\"query-input\":{\"@type\":\"PropertyValueSpecification\",\"valueRequired\":true,\"valueName\":\"search_term_string\"}}],\"inLanguage\":\"es\"}]}<\/script>\n<!-- \/ Yoast SEO plugin. -->","yoast_head_json":{"title":"Calibraci\u00f3n y ajuste de la pantalla - Rein Medical","robots":{"index":"index","follow":"follow","max-snippet":"max-snippet:-1","max-image-preview":"max-image-preview:large","max-video-preview":"max-video-preview:-1"},"canonical":"https:\/\/reinmedical.com\/es\/calibracion-y-ajuste-de-la-pantalla\/","og_locale":"es_ES","og_type":"article","og_title":"Calibraci\u00f3n y ajuste de la pantalla - Rein Medical","og_url":"https:\/\/reinmedical.com\/es\/calibracion-y-ajuste-de-la-pantalla\/","og_site_name":"Rein Medical","article_modified_time":"2024-08-30T15:37:24+00:00","twitter_card":"summary_large_image","twitter_misc":{"Tiempo de lectura":"34 minutos"},"schema":{"@context":"https:\/\/schema.org","@graph":[{"@type":"WebPage","@id":"https:\/\/reinmedical.com\/es\/calibracion-y-ajuste-de-la-pantalla\/","url":"https:\/\/reinmedical.com\/es\/calibracion-y-ajuste-de-la-pantalla\/","name":"Calibraci\u00f3n y ajuste de la pantalla - Rein Medical","isPartOf":{"@id":"https:\/\/reinmedical.com\/es\/#website"},"datePublished":"2024-01-19T06:57:33+00:00","dateModified":"2024-08-30T15:37:24+00:00","breadcrumb":{"@id":"https:\/\/reinmedical.com\/es\/calibracion-y-ajuste-de-la-pantalla\/#breadcrumb"},"inLanguage":"es","potentialAction":[{"@type":"ReadAction","target":["https:\/\/reinmedical.com\/es\/calibracion-y-ajuste-de-la-pantalla\/"]}]},{"@type":"BreadcrumbList","@id":"https:\/\/reinmedical.com\/es\/calibracion-y-ajuste-de-la-pantalla\/#breadcrumb","itemListElement":[{"@type":"ListItem","position":1,"name":"Startseite","item":"https:\/\/reinmedical.com\/es\/inicio\/"},{"@type":"ListItem","position":2,"name":"Calibraci\u00f3n y ajuste de la pantalla"}]},{"@type":"WebSite","@id":"https:\/\/reinmedical.com\/es\/#website","url":"https:\/\/reinmedical.com\/es\/","name":"Rein Medical","description":"","potentialAction":[{"@type":"SearchAction","target":{"@type":"EntryPoint","urlTemplate":"https:\/\/reinmedical.com\/es\/?s={search_term_string}"},"query-input":{"@type":"PropertyValueSpecification","valueRequired":true,"valueName":"search_term_string"}}],"inLanguage":"es"}]}},"_links":{"self":[{"href":"https:\/\/reinmedical.com\/es\/wp-json\/wp\/v2\/pages\/4511","targetHints":{"allow":["GET"]}}],"collection":[{"href":"https:\/\/reinmedical.com\/es\/wp-json\/wp\/v2\/pages"}],"about":[{"href":"https:\/\/reinmedical.com\/es\/wp-json\/wp\/v2\/types\/page"}],"author":[{"embeddable":true,"href":"https:\/\/reinmedical.com\/es\/wp-json\/wp\/v2\/users\/1"}],"replies":[{"embeddable":true,"href":"https:\/\/reinmedical.com\/es\/wp-json\/wp\/v2\/comments?post=4511"}],"version-history":[{"count":0,"href":"https:\/\/reinmedical.com\/es\/wp-json\/wp\/v2\/pages\/4511\/revisions"}],"wp:attachment":[{"href":"https:\/\/reinmedical.com\/es\/wp-json\/wp\/v2\/media?parent=4511"}],"curies":[{"name":"wp","href":"https:\/\/api.w.org\/{rel}","templated":true}]}}