{"id":4492,"date":"2024-01-18T08:57:12","date_gmt":"2024-01-18T08:57:12","guid":{"rendered":"https:\/\/reinmedical.com\/pintura-en-polvo-germicida\/"},"modified":"2025-08-19T12:26:17","modified_gmt":"2025-08-19T12:26:17","slug":"pintura-en-polvo-germicida","status":"publish","type":"page","link":"https:\/\/reinmedical.com\/es\/pintura-en-polvo-germicida\/","title":{"rendered":"Pintura en polvo germicida"},"content":{"rendered":"<p><div class=\"fusion-fullwidth fullwidth-box fusion-builder-row-1 fusion-flex-container has-pattern-background has-mask-background fusion-parallax-none nonhundred-percent-fullwidth non-hundred-percent-height-scrolling lazyload gradient-container-1\" style=\"--awb-border-radius-top-left:0px;--awb-border-radius-top-right:0px;--awb-border-radius-bottom-right:0px;--awb-border-radius-bottom-left:0px;--awb-min-height:500px;--awb-background-size:cover;--awb-flex-wrap:wrap;\" data-bg=\"https:\/\/reinmedical.com\/wp-content\/uploads\/2024\/01\/header-s-1600.jpg\" ><div class=\"fusion-builder-row fusion-row fusion-flex-align-items-center fusion-flex-align-content-center fusion-flex-content-wrap\" style=\"max-width:1248px;margin-left: calc(-4% \/ 2 );margin-right: calc(-4% \/ 2 );\"><div class=\"fusion-layout-column fusion_builder_column fusion-builder-column-0 fusion_builder_column_1_1 1_1 fusion-flex-column\" style=\"--awb-bg-size:cover;--awb-width-large:100%;--awb-margin-top-large:0px;--awb-spacing-right-large:1.92%;--awb-margin-bottom-large:20px;--awb-spacing-left-large:1.92%;--awb-width-medium:100%;--awb-order-medium:0;--awb-spacing-right-medium:1.92%;--awb-spacing-left-medium:1.92%;--awb-width-small:100%;--awb-order-small:0;--awb-spacing-right-small:1.92%;--awb-spacing-left-small:1.92%;\"><div class=\"fusion-column-wrapper fusion-column-has-shadow fusion-flex-justify-content-flex-start fusion-content-layout-column\"><div class=\"fusion-text fusion-text-1\"><h1 style=\"text-align: center;\"><span style=\"color: #ffffff;\">Pintura en polvo germicida<\/span><\/h1>\n<\/div><\/div><\/div><\/div><\/div><div class=\"fusion-fullwidth fullwidth-box fusion-builder-row-2 fusion-flex-container has-pattern-background has-mask-background nonhundred-percent-fullwidth non-hundred-percent-height-scrolling gradient-container-2\" style=\"--awb-border-radius-top-left:0px;--awb-border-radius-top-right:0px;--awb-border-radius-bottom-right:0px;--awb-border-radius-bottom-left:0px;--awb-margin-top:50px;--awb-flex-wrap:wrap;\" ><div class=\"fusion-builder-row fusion-row fusion-flex-align-items-flex-start fusion-flex-content-wrap\" style=\"max-width:1248px;margin-left: calc(-4% \/ 2 );margin-right: calc(-4% \/ 2 );\"><div class=\"fusion-layout-column fusion_builder_column fusion-builder-column-1 fusion_builder_column_1_1 1_1 fusion-flex-column\" style=\"--awb-bg-size:cover;--awb-width-large:100%;--awb-margin-top-large:0px;--awb-spacing-right-large:1.92%;--awb-margin-bottom-large:20px;--awb-spacing-left-large:1.92%;--awb-width-medium:100%;--awb-order-medium:0;--awb-spacing-right-medium:1.92%;--awb-spacing-left-medium:1.92%;--awb-width-small:100%;--awb-order-small:0;--awb-spacing-right-small:1.92%;--awb-spacing-left-small:1.92%;\"><div class=\"fusion-column-wrapper fusion-column-has-shadow fusion-flex-justify-content-flex-start fusion-content-layout-column\"><div class=\"fusion-text fusion-text-2\"><h2>Protecci\u00f3n antimicrobiana integral para el quir\u00f3fano<\/h2>\n<h3>1. inhibici\u00f3n permanente de la germinaci\u00f3n<\/h3>\n<p>Polyflex Steridur II de KABE es un sistema de recubrimiento antimicrobiano en polvo que contiene principios activos metal-i\u00f3nicos (por ejemplo, a base de plata). \u00c9stos est\u00e1n firmemente anclados en el revestimiento y act\u00faan de forma continua, siempre que el revestimiento est\u00e9 intacto. Esto proporciona a los dispositivos m\u00e9dicos del quir\u00f3fano una protecci\u00f3n fiable 24 horas al d\u00eda, 7 d\u00edas a la semana, contra pat\u00f3genos como E. coli, S. aureus o P. aeruginosa, con tasas de reducci\u00f3n de hasta el 99,99%.<\/p>\n<h3>2. mayor protecci\u00f3n frente a infecciones y efecto higi\u00e9nico<\/h3>\n<p>En comparaci\u00f3n con la desinfecci\u00f3n convencional, el revestimiento antimicrobiano es eficaz inmediatamente despu\u00e9s de la cocci\u00f3n. Las pruebas de campo muestran hasta un 46% m\u00e1s de eficacia antimicrobiana en comparaci\u00f3n con la desinfecci\u00f3n habitual mediante toallitas. Esto ayuda a prevenir las infecciones nosocomiales y aumenta la seguridad del paciente en el quir\u00f3fano.  <\/p>\n<h3>3. interfaz segura y pr\u00e1ctica<\/h3>\n<p>El recubrimiento en polvo se aplica electrost\u00e1ticamente: el polvo se adhiere, se cuece y se une permanentemente al sustrato. El resultado es una superficie robusta, resistente a ara\u00f1azos e impactos, que no pierde el color y puede soportar desinfectantes agresivos sin perder su efecto antimicrobiano. <\/p>\n<h3>4. limpieza optimizada a pesar de la estructura<\/h3>\n<p>A diferencia de las lacas lisas, Steridur II tiene una estructura fina, un efecto secundario buscado. Esta superficie ligeramente rugosa es m\u00e1s f\u00e1cil de limpiar y m\u00e1s resistente a la adherencia de la suciedad. <\/p>\n<h3>5. amplio espectro y seguridad normativa<\/h3>\n<p>Steridur II act\u00faa contra bacterias grampositivas y gramnegativas, as\u00ed como contra levaduras (por ejemplo, Candida albicans). Los principios activos cumplen la normativa sobre contacto con alimentos de la FDA y la UE y est\u00e1n totalmente aprobados para aplicaciones m\u00e9dicas. <\/p>\n<h3>6. ventajas econ\u00f3micas gracias a la eficacia<\/h3>\n<p>Las superficies antimicrobianas reducen el esfuerzo de limpieza y los costes de mano de obra y material asociados.<br \/>\nAl mismo tiempo, se prolonga la vida \u00fatil de los aparatos, ya que la protecci\u00f3n es permanente, una ventaja decisiva para el funcionamiento econ\u00f3mico de los quir\u00f3fanos.<\/p>\n<h3>Conclusi\u00f3n<\/h3>\n<p><span style=\"font-size: 16px;\">Revestir las carcasas de las cajas OPERION, CLINIO e iOi ofrece ventajas considerables:<\/span><\/p>\n<ul>\n<li>Protecci\u00f3n microbiana a largo plazo, independiente de la desinfecci\u00f3n regular<\/li>\n<li>Superficie robusta y de color inalterable, con buena compatibilidad desinfectante<\/li>\n<li>Mayor eficacia: menos esfuerzo, menos costes, funcionamiento sostenible<\/li>\n<\/ul>\n<\/div><\/div><\/div><\/div><\/div><\/p>\n","protected":false},"excerpt":{"rendered":"","protected":false},"author":1,"featured_media":0,"parent":0,"menu_order":0,"comment_status":"closed","ping_status":"closed","template":"100-width.php","meta":{"_acf_changed":false,"inline_featured_image":false,"footnotes":""},"class_list":["post-4492","page","type-page","status-publish","hentry"],"acf":[],"yoast_head":"<!-- This site is optimized with the Yoast SEO plugin v27.4 - https:\/\/yoast.com\/product\/yoast-seo-wordpress\/ -->\n<title>Pintura en polvo germicida - Rein Medical<\/title>\n<meta name=\"robots\" content=\"index, follow, max-snippet:-1, max-image-preview:large, max-video-preview:-1\" \/>\n<link rel=\"canonical\" href=\"https:\/\/reinmedical.com\/es\/pintura-en-polvo-germicida\/\" \/>\n<meta property=\"og:locale\" content=\"es_ES\" \/>\n<meta property=\"og:type\" content=\"article\" \/>\n<meta property=\"og:title\" content=\"Pintura en polvo germicida - Rein Medical\" \/>\n<meta property=\"og:url\" content=\"https:\/\/reinmedical.com\/es\/pintura-en-polvo-germicida\/\" \/>\n<meta property=\"og:site_name\" content=\"Rein Medical\" \/>\n<meta property=\"article:modified_time\" content=\"2025-08-19T12:26:17+00:00\" \/>\n<meta name=\"twitter:card\" content=\"summary_large_image\" \/>\n<meta name=\"twitter:label1\" content=\"Tiempo de lectura\" \/>\n\t<meta name=\"twitter:data1\" content=\"13 minutos\" \/>\n<script type=\"application\/ld+json\" class=\"yoast-schema-graph\">{\"@context\":\"https:\\\/\\\/schema.org\",\"@graph\":[{\"@type\":\"WebPage\",\"@id\":\"https:\\\/\\\/reinmedical.com\\\/es\\\/pintura-en-polvo-germicida\\\/\",\"url\":\"https:\\\/\\\/reinmedical.com\\\/es\\\/pintura-en-polvo-germicida\\\/\",\"name\":\"Pintura en polvo germicida - Rein Medical\",\"isPartOf\":{\"@id\":\"https:\\\/\\\/reinmedical.com\\\/es\\\/#website\"},\"datePublished\":\"2024-01-18T08:57:12+00:00\",\"dateModified\":\"2025-08-19T12:26:17+00:00\",\"breadcrumb\":{\"@id\":\"https:\\\/\\\/reinmedical.com\\\/es\\\/pintura-en-polvo-germicida\\\/#breadcrumb\"},\"inLanguage\":\"es\",\"potentialAction\":[{\"@type\":\"ReadAction\",\"target\":[\"https:\\\/\\\/reinmedical.com\\\/es\\\/pintura-en-polvo-germicida\\\/\"]}]},{\"@type\":\"BreadcrumbList\",\"@id\":\"https:\\\/\\\/reinmedical.com\\\/es\\\/pintura-en-polvo-germicida\\\/#breadcrumb\",\"itemListElement\":[{\"@type\":\"ListItem\",\"position\":1,\"name\":\"Startseite\",\"item\":\"https:\\\/\\\/reinmedical.com\\\/es\\\/inicio\\\/\"},{\"@type\":\"ListItem\",\"position\":2,\"name\":\"Pintura en polvo germicida\"}]},{\"@type\":\"WebSite\",\"@id\":\"https:\\\/\\\/reinmedical.com\\\/es\\\/#website\",\"url\":\"https:\\\/\\\/reinmedical.com\\\/es\\\/\",\"name\":\"Rein Medical\",\"description\":\"\",\"potentialAction\":[{\"@type\":\"SearchAction\",\"target\":{\"@type\":\"EntryPoint\",\"urlTemplate\":\"https:\\\/\\\/reinmedical.com\\\/es\\\/?s={search_term_string}\"},\"query-input\":{\"@type\":\"PropertyValueSpecification\",\"valueRequired\":true,\"valueName\":\"search_term_string\"}}],\"inLanguage\":\"es\"}]}<\/script>\n<!-- \/ Yoast SEO plugin. -->","yoast_head_json":{"title":"Pintura en polvo germicida - Rein Medical","robots":{"index":"index","follow":"follow","max-snippet":"max-snippet:-1","max-image-preview":"max-image-preview:large","max-video-preview":"max-video-preview:-1"},"canonical":"https:\/\/reinmedical.com\/es\/pintura-en-polvo-germicida\/","og_locale":"es_ES","og_type":"article","og_title":"Pintura en polvo germicida - Rein Medical","og_url":"https:\/\/reinmedical.com\/es\/pintura-en-polvo-germicida\/","og_site_name":"Rein Medical","article_modified_time":"2025-08-19T12:26:17+00:00","twitter_card":"summary_large_image","twitter_misc":{"Tiempo de lectura":"13 minutos"},"schema":{"@context":"https:\/\/schema.org","@graph":[{"@type":"WebPage","@id":"https:\/\/reinmedical.com\/es\/pintura-en-polvo-germicida\/","url":"https:\/\/reinmedical.com\/es\/pintura-en-polvo-germicida\/","name":"Pintura en polvo germicida - Rein Medical","isPartOf":{"@id":"https:\/\/reinmedical.com\/es\/#website"},"datePublished":"2024-01-18T08:57:12+00:00","dateModified":"2025-08-19T12:26:17+00:00","breadcrumb":{"@id":"https:\/\/reinmedical.com\/es\/pintura-en-polvo-germicida\/#breadcrumb"},"inLanguage":"es","potentialAction":[{"@type":"ReadAction","target":["https:\/\/reinmedical.com\/es\/pintura-en-polvo-germicida\/"]}]},{"@type":"BreadcrumbList","@id":"https:\/\/reinmedical.com\/es\/pintura-en-polvo-germicida\/#breadcrumb","itemListElement":[{"@type":"ListItem","position":1,"name":"Startseite","item":"https:\/\/reinmedical.com\/es\/inicio\/"},{"@type":"ListItem","position":2,"name":"Pintura en polvo germicida"}]},{"@type":"WebSite","@id":"https:\/\/reinmedical.com\/es\/#website","url":"https:\/\/reinmedical.com\/es\/","name":"Rein Medical","description":"","potentialAction":[{"@type":"SearchAction","target":{"@type":"EntryPoint","urlTemplate":"https:\/\/reinmedical.com\/es\/?s={search_term_string}"},"query-input":{"@type":"PropertyValueSpecification","valueRequired":true,"valueName":"search_term_string"}}],"inLanguage":"es"}]}},"_links":{"self":[{"href":"https:\/\/reinmedical.com\/es\/wp-json\/wp\/v2\/pages\/4492","targetHints":{"allow":["GET"]}}],"collection":[{"href":"https:\/\/reinmedical.com\/es\/wp-json\/wp\/v2\/pages"}],"about":[{"href":"https:\/\/reinmedical.com\/es\/wp-json\/wp\/v2\/types\/page"}],"author":[{"embeddable":true,"href":"https:\/\/reinmedical.com\/es\/wp-json\/wp\/v2\/users\/1"}],"replies":[{"embeddable":true,"href":"https:\/\/reinmedical.com\/es\/wp-json\/wp\/v2\/comments?post=4492"}],"version-history":[{"count":3,"href":"https:\/\/reinmedical.com\/es\/wp-json\/wp\/v2\/pages\/4492\/revisions"}],"predecessor-version":[{"id":9325,"href":"https:\/\/reinmedical.com\/es\/wp-json\/wp\/v2\/pages\/4492\/revisions\/9325"}],"wp:attachment":[{"href":"https:\/\/reinmedical.com\/es\/wp-json\/wp\/v2\/media?parent=4492"}],"curies":[{"name":"wp","href":"https:\/\/api.w.org\/{rel}","templated":true}]}}