{"id":4444,"date":"2024-01-17T15:38:45","date_gmt":"2024-01-17T15:38:45","guid":{"rendered":"https:\/\/reinmedical.com\/informacion-tecnica-preajuste-dicom\/"},"modified":"2025-08-01T14:45:28","modified_gmt":"2025-08-01T14:45:28","slug":"informacion-tecnica-preajuste-dicom","status":"publish","type":"page","link":"https:\/\/reinmedical.com\/es\/informacion-tecnica-preajuste-dicom\/","title":{"rendered":"Informaci\u00f3n t\u00e9cnica: Preajuste DICOM"},"content":{"rendered":"<p><div class=\"fusion-fullwidth fullwidth-box fusion-builder-row-1 fusion-flex-container has-pattern-background has-mask-background fusion-parallax-none nonhundred-percent-fullwidth non-hundred-percent-height-scrolling lazyload gradient-container-1\" style=\"--awb-border-radius-top-left:0px;--awb-border-radius-top-right:0px;--awb-border-radius-bottom-right:0px;--awb-border-radius-bottom-left:0px;--awb-min-height:500px;--awb-background-size:cover;--awb-flex-wrap:wrap;\" data-bg=\"https:\/\/reinmedical.com\/wp-content\/uploads\/2024\/01\/header-s-1600.jpg\" ><div class=\"fusion-builder-row fusion-row fusion-flex-align-items-center fusion-flex-align-content-center fusion-flex-content-wrap\" style=\"max-width:1248px;margin-left: calc(-4% \/ 2 );margin-right: calc(-4% \/ 2 );\"><div class=\"fusion-layout-column fusion_builder_column fusion-builder-column-0 fusion_builder_column_1_1 1_1 fusion-flex-column\" style=\"--awb-bg-size:cover;--awb-width-large:100%;--awb-margin-top-large:0px;--awb-spacing-right-large:1.92%;--awb-margin-bottom-large:20px;--awb-spacing-left-large:1.92%;--awb-width-medium:100%;--awb-order-medium:0;--awb-spacing-right-medium:1.92%;--awb-spacing-left-medium:1.92%;--awb-width-small:100%;--awb-order-small:0;--awb-spacing-right-small:1.92%;--awb-spacing-left-small:1.92%;\"><div class=\"fusion-column-wrapper fusion-column-has-shadow fusion-flex-justify-content-flex-start fusion-content-layout-column\"><div class=\"fusion-text fusion-text-1\"><h1 style=\"text-align: center;\"><span style=\"color: #ffffff;\">Informaci\u00f3n t\u00e9cnica: Preajuste DICOM<\/span><\/h1>\n<h1 style=\"text-align: center;\"><span style=\"color: #ffffff;\"> <\/span><\/h1>\n<\/div><\/div><\/div><\/div><\/div><div class=\"fusion-fullwidth fullwidth-box fusion-builder-row-2 fusion-flex-container has-pattern-background has-mask-background nonhundred-percent-fullwidth non-hundred-percent-height-scrolling gradient-container-2\" style=\"--awb-border-radius-top-left:0px;--awb-border-radius-top-right:0px;--awb-border-radius-bottom-right:0px;--awb-border-radius-bottom-left:0px;--awb-margin-top:50px;--awb-flex-wrap:wrap;\" ><div class=\"fusion-builder-row fusion-row fusion-flex-align-items-flex-start fusion-flex-content-wrap\" style=\"max-width:1248px;margin-left: calc(-4% \/ 2 );margin-right: calc(-4% \/ 2 );\"><div class=\"fusion-layout-column fusion_builder_column fusion-builder-column-1 fusion_builder_column_1_1 1_1 fusion-flex-column\" style=\"--awb-bg-size:cover;--awb-width-large:100%;--awb-margin-top-large:0px;--awb-spacing-right-large:1.92%;--awb-margin-bottom-large:20px;--awb-spacing-left-large:1.92%;--awb-width-medium:100%;--awb-order-medium:0;--awb-spacing-right-medium:1.92%;--awb-spacing-left-medium:1.92%;--awb-width-small:100%;--awb-order-small:0;--awb-spacing-right-small:1.92%;--awb-spacing-left-small:1.92%;\"><div class=\"fusion-column-wrapper fusion-column-has-shadow fusion-flex-justify-content-flex-start fusion-content-layout-column\"><div class=\"fusion-text fusion-text-2\"><h2>Para una mejor percepci\u00f3n de la imagen<\/h2>\n<p>Los estudios han demostrado que la adaptaci\u00f3n de las pantallas al modelo de Barten (tambi\u00e9n conocido como curva caracter\u00edstica DICOM) compensa de forma \u00f3ptima los puntos d\u00e9biles del ojo humano.<\/p>\n<p>Las gradaciones de luminosidad no son lineales, sino que son percibidas por el ojo humano. Del mismo modo que el o\u00eddo percibe como diferentes los vol\u00famenes uniformes a distintas frecuencias, nuestros ojos reaccionan a los niveles de brillo. <\/p>\n<p>Esta diferencia de percepci\u00f3n se contrarresta corrigiendo cada nivel de brillo individual (255 en total). La curva de correcci\u00f3n resultante se guarda como preajuste DICOM en todas las pantallas de Rein Medical y puede activarse a trav\u00e9s del men\u00fa. <\/p>\n<p>La ilustraci\u00f3n muestra las diferencias en la visualizaci\u00f3n provocadas por un preajuste DICOM.<\/p>\n<\/div><div class=\"fusion-image-element \" style=\"--awb-caption-title-font-family:var(--h2_typography-font-family);--awb-caption-title-font-weight:var(--h2_typography-font-weight);--awb-caption-title-font-style:var(--h2_typography-font-style);--awb-caption-title-size:var(--h2_typography-font-size);--awb-caption-title-transform:var(--h2_typography-text-transform);--awb-caption-title-line-height:var(--h2_typography-line-height);--awb-caption-title-letter-spacing:var(--h2_typography-letter-spacing);\"><span class=\" fusion-imageframe imageframe-none imageframe-1 hover-type-none\"><img decoding=\"async\" width=\"1400\" height=\"635\" title=\"jvc-double-dicom-technology\" src=\"https:\/\/reinmedical.com\/wp-content\/uploads\/2024\/01\/jvc-double-dicom-technology.jpg\" data-orig-src=\"https:\/\/reinmedical.com\/wp-content\/uploads\/2024\/01\/jvc-double-dicom-technology.jpg\" alt class=\"lazyload img-responsive wp-image-1468\" srcset=\"data:image\/svg+xml,%3Csvg%20xmlns%3D%27http%3A%2F%2Fwww.w3.org%2F2000%2Fsvg%27%20width%3D%271400%27%20height%3D%27635%27%20viewBox%3D%270%200%201400%20635%27%3E%3Crect%20width%3D%271400%27%20height%3D%27635%27%20fill-opacity%3D%220%22%2F%3E%3C%2Fsvg%3E\" data-srcset=\"https:\/\/reinmedical.com\/wp-content\/uploads\/2024\/01\/jvc-double-dicom-technology-200x91.jpg 200w, https:\/\/reinmedical.com\/wp-content\/uploads\/2024\/01\/jvc-double-dicom-technology-400x181.jpg 400w, https:\/\/reinmedical.com\/wp-content\/uploads\/2024\/01\/jvc-double-dicom-technology-600x272.jpg 600w, https:\/\/reinmedical.com\/wp-content\/uploads\/2024\/01\/jvc-double-dicom-technology-800x363.jpg 800w, https:\/\/reinmedical.com\/wp-content\/uploads\/2024\/01\/jvc-double-dicom-technology-1200x544.jpg 1200w, https:\/\/reinmedical.com\/wp-content\/uploads\/2024\/01\/jvc-double-dicom-technology.jpg 1400w\" data-sizes=\"auto\" data-orig-sizes=\"(max-width: 640px) 100vw, 1200px\" \/><\/span><\/div><\/div><\/div><\/div><\/div><\/p>\n","protected":false},"excerpt":{"rendered":"","protected":false},"author":1,"featured_media":0,"parent":0,"menu_order":0,"comment_status":"closed","ping_status":"closed","template":"100-width.php","meta":{"_acf_changed":false,"inline_featured_image":false,"footnotes":""},"class_list":["post-4444","page","type-page","status-publish","hentry"],"acf":[],"yoast_head":"<!-- This site is optimized with the Yoast SEO plugin v27.4 - https:\/\/yoast.com\/product\/yoast-seo-wordpress\/ -->\n<title>Informaci\u00f3n t\u00e9cnica: Preajuste DICOM - Rein Medical<\/title>\n<meta name=\"robots\" content=\"index, follow, max-snippet:-1, max-image-preview:large, max-video-preview:-1\" \/>\n<link rel=\"canonical\" href=\"https:\/\/reinmedical.com\/es\/informacion-tecnica-preajuste-dicom\/\" \/>\n<meta property=\"og:locale\" content=\"es_ES\" \/>\n<meta property=\"og:type\" content=\"article\" \/>\n<meta property=\"og:title\" content=\"Informaci\u00f3n t\u00e9cnica: Preajuste DICOM - Rein Medical\" \/>\n<meta property=\"og:url\" content=\"https:\/\/reinmedical.com\/es\/informacion-tecnica-preajuste-dicom\/\" \/>\n<meta property=\"og:site_name\" content=\"Rein Medical\" \/>\n<meta property=\"article:modified_time\" content=\"2025-08-01T14:45:28+00:00\" \/>\n<meta name=\"twitter:card\" content=\"summary_large_image\" \/>\n<meta name=\"twitter:label1\" content=\"Tiempo de lectura\" \/>\n\t<meta name=\"twitter:data1\" content=\"13 minutos\" \/>\n<script type=\"application\/ld+json\" class=\"yoast-schema-graph\">{\"@context\":\"https:\\\/\\\/schema.org\",\"@graph\":[{\"@type\":\"WebPage\",\"@id\":\"https:\\\/\\\/reinmedical.com\\\/es\\\/informacion-tecnica-preajuste-dicom\\\/\",\"url\":\"https:\\\/\\\/reinmedical.com\\\/es\\\/informacion-tecnica-preajuste-dicom\\\/\",\"name\":\"Informaci\u00f3n t\u00e9cnica: Preajuste DICOM - Rein Medical\",\"isPartOf\":{\"@id\":\"https:\\\/\\\/reinmedical.com\\\/es\\\/#website\"},\"datePublished\":\"2024-01-17T15:38:45+00:00\",\"dateModified\":\"2025-08-01T14:45:28+00:00\",\"breadcrumb\":{\"@id\":\"https:\\\/\\\/reinmedical.com\\\/es\\\/informacion-tecnica-preajuste-dicom\\\/#breadcrumb\"},\"inLanguage\":\"es\",\"potentialAction\":[{\"@type\":\"ReadAction\",\"target\":[\"https:\\\/\\\/reinmedical.com\\\/es\\\/informacion-tecnica-preajuste-dicom\\\/\"]}]},{\"@type\":\"BreadcrumbList\",\"@id\":\"https:\\\/\\\/reinmedical.com\\\/es\\\/informacion-tecnica-preajuste-dicom\\\/#breadcrumb\",\"itemListElement\":[{\"@type\":\"ListItem\",\"position\":1,\"name\":\"Startseite\",\"item\":\"https:\\\/\\\/reinmedical.com\\\/es\\\/inicio\\\/\"},{\"@type\":\"ListItem\",\"position\":2,\"name\":\"Informaci\u00f3n t\u00e9cnica: Preajuste DICOM\"}]},{\"@type\":\"WebSite\",\"@id\":\"https:\\\/\\\/reinmedical.com\\\/es\\\/#website\",\"url\":\"https:\\\/\\\/reinmedical.com\\\/es\\\/\",\"name\":\"Rein Medical\",\"description\":\"\",\"potentialAction\":[{\"@type\":\"SearchAction\",\"target\":{\"@type\":\"EntryPoint\",\"urlTemplate\":\"https:\\\/\\\/reinmedical.com\\\/es\\\/?s={search_term_string}\"},\"query-input\":{\"@type\":\"PropertyValueSpecification\",\"valueRequired\":true,\"valueName\":\"search_term_string\"}}],\"inLanguage\":\"es\"}]}<\/script>\n<!-- \/ Yoast SEO plugin. -->","yoast_head_json":{"title":"Informaci\u00f3n t\u00e9cnica: Preajuste DICOM - Rein Medical","robots":{"index":"index","follow":"follow","max-snippet":"max-snippet:-1","max-image-preview":"max-image-preview:large","max-video-preview":"max-video-preview:-1"},"canonical":"https:\/\/reinmedical.com\/es\/informacion-tecnica-preajuste-dicom\/","og_locale":"es_ES","og_type":"article","og_title":"Informaci\u00f3n t\u00e9cnica: Preajuste DICOM - Rein Medical","og_url":"https:\/\/reinmedical.com\/es\/informacion-tecnica-preajuste-dicom\/","og_site_name":"Rein Medical","article_modified_time":"2025-08-01T14:45:28+00:00","twitter_card":"summary_large_image","twitter_misc":{"Tiempo de lectura":"13 minutos"},"schema":{"@context":"https:\/\/schema.org","@graph":[{"@type":"WebPage","@id":"https:\/\/reinmedical.com\/es\/informacion-tecnica-preajuste-dicom\/","url":"https:\/\/reinmedical.com\/es\/informacion-tecnica-preajuste-dicom\/","name":"Informaci\u00f3n t\u00e9cnica: Preajuste DICOM - Rein Medical","isPartOf":{"@id":"https:\/\/reinmedical.com\/es\/#website"},"datePublished":"2024-01-17T15:38:45+00:00","dateModified":"2025-08-01T14:45:28+00:00","breadcrumb":{"@id":"https:\/\/reinmedical.com\/es\/informacion-tecnica-preajuste-dicom\/#breadcrumb"},"inLanguage":"es","potentialAction":[{"@type":"ReadAction","target":["https:\/\/reinmedical.com\/es\/informacion-tecnica-preajuste-dicom\/"]}]},{"@type":"BreadcrumbList","@id":"https:\/\/reinmedical.com\/es\/informacion-tecnica-preajuste-dicom\/#breadcrumb","itemListElement":[{"@type":"ListItem","position":1,"name":"Startseite","item":"https:\/\/reinmedical.com\/es\/inicio\/"},{"@type":"ListItem","position":2,"name":"Informaci\u00f3n t\u00e9cnica: Preajuste DICOM"}]},{"@type":"WebSite","@id":"https:\/\/reinmedical.com\/es\/#website","url":"https:\/\/reinmedical.com\/es\/","name":"Rein Medical","description":"","potentialAction":[{"@type":"SearchAction","target":{"@type":"EntryPoint","urlTemplate":"https:\/\/reinmedical.com\/es\/?s={search_term_string}"},"query-input":{"@type":"PropertyValueSpecification","valueRequired":true,"valueName":"search_term_string"}}],"inLanguage":"es"}]}},"_links":{"self":[{"href":"https:\/\/reinmedical.com\/es\/wp-json\/wp\/v2\/pages\/4444","targetHints":{"allow":["GET"]}}],"collection":[{"href":"https:\/\/reinmedical.com\/es\/wp-json\/wp\/v2\/pages"}],"about":[{"href":"https:\/\/reinmedical.com\/es\/wp-json\/wp\/v2\/types\/page"}],"author":[{"embeddable":true,"href":"https:\/\/reinmedical.com\/es\/wp-json\/wp\/v2\/users\/1"}],"replies":[{"embeddable":true,"href":"https:\/\/reinmedical.com\/es\/wp-json\/wp\/v2\/comments?post=4444"}],"version-history":[{"count":0,"href":"https:\/\/reinmedical.com\/es\/wp-json\/wp\/v2\/pages\/4444\/revisions"}],"wp:attachment":[{"href":"https:\/\/reinmedical.com\/es\/wp-json\/wp\/v2\/media?parent=4444"}],"curies":[{"name":"wp","href":"https:\/\/api.w.org\/{rel}","templated":true}]}}