{"id":4385,"date":"2024-01-17T14:53:36","date_gmt":"2024-01-17T14:53:36","guid":{"rendered":"https:\/\/reinmedical.com\/imprime\/"},"modified":"2026-04-01T06:17:55","modified_gmt":"2026-04-01T06:17:55","slug":"imprime","status":"publish","type":"page","link":"https:\/\/reinmedical.com\/es\/imprime\/","title":{"rendered":"IMPRIME"},"content":{"rendered":"<p><div class=\"fusion-fullwidth fullwidth-box fusion-builder-row-1 fusion-flex-container has-pattern-background has-mask-background fusion-parallax-none nonhundred-percent-fullwidth non-hundred-percent-height-scrolling lazyload gradient-container-1\" style=\"--awb-border-radius-top-left:0px;--awb-border-radius-top-right:0px;--awb-border-radius-bottom-right:0px;--awb-border-radius-bottom-left:0px;--awb-min-height:500px;--awb-background-size:cover;--awb-flex-wrap:wrap;\" data-bg=\"https:\/\/reinmedical.com\/wp-content\/uploads\/2024\/01\/header-s-1600.jpg\" ><div class=\"fusion-builder-row fusion-row fusion-flex-align-items-center fusion-flex-align-content-center fusion-flex-content-wrap\" style=\"max-width:1248px;margin-left: calc(-4% \/ 2 );margin-right: calc(-4% \/ 2 );\"><div class=\"fusion-layout-column fusion_builder_column fusion-builder-column-0 fusion_builder_column_1_1 1_1 fusion-flex-column\" style=\"--awb-bg-size:cover;--awb-width-large:100%;--awb-margin-top-large:0px;--awb-spacing-right-large:1.92%;--awb-margin-bottom-large:20px;--awb-spacing-left-large:1.92%;--awb-width-medium:100%;--awb-order-medium:0;--awb-spacing-right-medium:1.92%;--awb-spacing-left-medium:1.92%;--awb-width-small:100%;--awb-order-small:0;--awb-spacing-right-small:1.92%;--awb-spacing-left-small:1.92%;\"><div class=\"fusion-column-wrapper fusion-column-has-shadow fusion-flex-justify-content-flex-start fusion-content-layout-column\"><div class=\"fusion-text fusion-text-1\"><h1 style=\"text-align: center;\"><span style=\"color: #ffffff;\">Pie de imprenta y descargo de responsabilidad<\/span><\/h1>\n<\/div><\/div><\/div><\/div><\/div><div class=\"fusion-fullwidth fullwidth-box fusion-builder-row-2 fusion-flex-container has-pattern-background has-mask-background nonhundred-percent-fullwidth non-hundred-percent-height-scrolling gradient-container-2\" style=\"--awb-border-radius-top-left:0px;--awb-border-radius-top-right:0px;--awb-border-radius-bottom-right:0px;--awb-border-radius-bottom-left:0px;--awb-margin-top:50px;--awb-flex-wrap:wrap;\" ><div class=\"fusion-builder-row fusion-row fusion-flex-align-items-flex-start fusion-flex-content-wrap\" style=\"max-width:1248px;margin-left: calc(-4% \/ 2 );margin-right: calc(-4% \/ 2 );\"><div class=\"fusion-layout-column fusion_builder_column fusion-builder-column-1 fusion_builder_column_1_1 1_1 fusion-flex-column\" style=\"--awb-bg-size:cover;--awb-width-large:100%;--awb-margin-top-large:0px;--awb-spacing-right-large:1.92%;--awb-margin-bottom-large:20px;--awb-spacing-left-large:1.92%;--awb-width-medium:100%;--awb-order-medium:0;--awb-spacing-right-medium:1.92%;--awb-spacing-left-medium:1.92%;--awb-width-small:100%;--awb-order-small:0;--awb-spacing-right-small:1.92%;--awb-spacing-left-small:1.92%;\"><div class=\"fusion-column-wrapper fusion-column-has-shadow fusion-flex-justify-content-flex-start fusion-content-layout-column\"><div class=\"fusion-text fusion-text-2\"><h2>PIE DE IMPRENTA Y CL\u00c1USULA DE EXENCI\u00d3N DE RESPONSABILIDAD<\/h2>\n<p>Identificaci\u00f3n del proveedor en el sentido del Tratado Estatal de Medios de Comunicaci\u00f3n<\/p>\n<p>CONTENIDO DE LA OFERTA ONLINE<\/p>\n<p>Rein Medical GmbH no asume ninguna responsabilidad por la actualidad, exactitud, integridad o calidad de la informaci\u00f3n facilitada. Quedan fundamentalmente excluidas las reclamaciones de responsabilidad contra el autor relativas a da\u00f1os materiales o inmateriales causados por el uso o no uso de la informaci\u00f3n proporcionada o por el uso de informaci\u00f3n incorrecta o incompleta, a menos que existan pruebas de dolo o negligencia grave por parte del autor.<br \/>\nTodas las ofertas est\u00e1n sujetas a cambios y no son vinculantes. El autor se reserva expresamente el derecho a modificar, completar o eliminar partes de las p\u00e1ginas o la oferta completa sin previo aviso, o a suspender la publicaci\u00f3n temporal o permanentemente.  <\/p>\n<p>REFERENCIAS Y ENLACES<\/p>\n<p>En el caso de referencias directas o indirectas a p\u00e1ginas web externas (\u00abenlaces\u00bb) que se encuentren fuera del \u00e1mbito de responsabilidad de Rein Medical GmbH, s\u00f3lo entrar\u00eda en vigor una obligaci\u00f3n de responsabilidad en el caso de que Rein Medical GmbH tuviera conocimiento de los contenidos y fuera t\u00e9cnicamente posible y razonable impedir el uso en caso de contenidos ilegales.<br \/>\nPor ello, Rein Medical GmbH declara expresamente que en el momento de la creaci\u00f3n de los enlaces, las correspondientes p\u00e1ginas enlazadas estaban libres de contenidos ilegales. Rein Medical GmbH no tiene influencia alguna sobre el dise\u00f1o y el contenido actual y futuro de las p\u00e1ginas enlazadas. Por lo tanto, por la presente se distancia expresamente de todos los contenidos de todas las p\u00e1ginas enlazadas que hayan sido modificados despu\u00e9s de la creaci\u00f3n del enlace. Esta declaraci\u00f3n se aplica a todos los enlaces y referencias establecidos dentro del propio sitio web de ReinMedical GmbH, as\u00ed como a las entradas de terceros en los libros de visitas, foros de discusi\u00f3n y listas de correo creados por ReinMedical GmbH. La responsabilidad por contenidos ilegales, incorrectos o incompletos y, en particular, por los da\u00f1os resultantes del uso o no uso de dicha informaci\u00f3n recae exclusivamente en el proveedor de la p\u00e1gina a la que se hace referencia, y no en la persona que simplemente remite a la publicaci\u00f3n respectiva a trav\u00e9s de enlaces.    <\/p>\n<p>DERECHO DE AUTOR Y DE MARCAS<\/p>\n<p>Rein Medical GmbH se esfuerza por respetar los derechos de autor de los gr\u00e1ficos, documentos sonoros, secuencias de v\u00eddeo y textos utilizados en todas las publicaciones, por utilizar gr\u00e1ficos, documentos sonoros, secuencias de v\u00eddeo y textos de creaci\u00f3n propia o por hacer uso de gr\u00e1ficos, documentos sonoros, secuencias de v\u00eddeo y textos libres de licencia.<br \/>\nTodas las marcas y marcas comerciales mencionadas dentro de la oferta de Internet y posiblemente protegidas por terceros est\u00e1n sujetas sin restricciones a las disposiciones del derecho de marcas aplicable y a los derechos de propiedad de los respectivos propietarios registrados. \u00a1La mera menci\u00f3n de una marca no implica que no est\u00e9 protegida por derechos de terceros!<br \/>\nLos derechos de autor de los objetos publicados y creados por la propia Rein Medical GmbH pertenecen exclusivamente al autor de las p\u00e1ginas. No est\u00e1 permitida la reproducci\u00f3n o utilizaci\u00f3n de dichos gr\u00e1ficos, documentos de audio, secuencias de v\u00eddeo y textos en otras publicaciones electr\u00f3nicas o impresas sin el consentimiento expreso de Rein Medical GmbH. <\/p>\n<p>PROTECCI\u00d3N DE DATOS<\/p>\n<p>Si se ofrece la posibilidad de introducir datos personales o comerciales (direcciones de correo electr\u00f3nico, nombres, direcciones), la introducci\u00f3n de estos datos se realiza de forma voluntaria. El uso y el pago de todos los servicios ofrecidos tambi\u00e9n est\u00e1 permitido -en la medida en que sea t\u00e9cnicamente posible y razonable- sin introducir dichos datos o introduciendo datos an\u00f3nimos o un seud\u00f3nimo. <\/p>\n<p>NOTAS SOBRE LA RECOGIDA DE DATOS ESTAD\u00cdSTICOS CON ETRACKER<\/p>\n<p>Este sitio web utiliza tecnolog\u00eda de etracker GmbH <a href=\"http:\/\/www.etracker.de\/\">www.etracker.de<\/a> para recopilar y almacenar datos con fines de marketing y optimizaci\u00f3n. Estos datos se utilizan para crear perfiles de usuario bajo seud\u00f3nimo. Para ello se pueden utilizar cookies. Las cookies son peque\u00f1os archivos de texto que se almacenan localmente en la memoria cach\u00e9 del navegador de Internet del visitante del sitio web. Las cookies permiten reconocer el navegador de Internet. Los datos recogidos mediante tecnolog\u00edas etracker no se utilizar\u00e1n para identificar personalmente al visitante de este sitio web y no se fusionar\u00e1n con datos personales sobre el portador del seud\u00f3nimo sin el consentimiento concedido por separado de la persona en cuesti\u00f3n. La recogida y almacenamiento de datos puede <a href=\"http:\/\/www.etracker.de\/privacy?et=5HVuuV\">cancelarse<\/a> en cualquier momento con efecto para el futuro.      <\/p>\n<p>Rein Medical GmbH utiliza la tecnolog\u00eda etracker para permitir un an\u00e1lisis estad\u00edstico del uso del sitio web. La informaci\u00f3n generada sobre tu uso de este sitio web se utiliza principalmente para crear an\u00e1lisis y gr\u00e1ficos sobre el n\u00famero de visitantes y contactos visuales. Lo utilizamos exclusivamente para nuestros propios estudios de mercado y, sobre todo, para la optimizaci\u00f3n y el dise\u00f1o basado en las necesidades de nuestro sitio web.  <\/p>\n<p>VALIDEZ JUR\u00cdDICA DE ESTA CL\u00c1USULA DE EXENCI\u00d3N DE RESPONSABILIDAD<\/p>\n<p>Esta exenci\u00f3n de responsabilidad debe considerarse parte de la publicaci\u00f3n en Internet desde la que se te remiti\u00f3. Si algunas secciones o t\u00e9rminos individuales de esta declaraci\u00f3n no son legales o correctos, el contenido o la validez de las otras partes no se ver\u00e1n afectados por este hecho. <\/p>\n<p>NOMBRE Y DIRECCI\u00d3N<\/p>\n<p>Rein Medical GmbH<br \/>\nMonforts Quartier 23<br \/>\n41238 M\u00f6nchengladbach<\/p>\n<p>Tel +49 2161 \/ 6984 &#8211; 0<br \/>\nFax +49 2161 \/ 6984 &#8211; 259<br \/>\nE-mail info@reinmedical.com<\/p>\n<p>DIRECTOR GENERAL<\/p>\n<p>Dr. Markus Keussen<\/p>\n<p>Dr. Peter Kohrs<\/p>\n<h1><\/h1>\n<p>REGISTRAR ENTRADAS<\/p>\n<p>Juzgado de registro: Juzgado Local de M\u00f6nchengladbach<br \/>\nRegistro mercantil: HRB 15810<\/p>\n<p>N\u00famero de identificaci\u00f3n fiscal (NIF-IVA) seg\u00fan (\u00a7 27a UStG)<br \/>\nUSt-IdNr: DE 811604837<br \/>\nWEEE Reg No: DE 59730470<\/p>\n<\/div><\/div><\/div><\/div><\/div><\/p>\n","protected":false},"excerpt":{"rendered":"","protected":false},"author":1,"featured_media":0,"parent":0,"menu_order":0,"comment_status":"closed","ping_status":"closed","template":"100-width.php","meta":{"_acf_changed":false,"inline_featured_image":false,"footnotes":""},"class_list":["post-4385","page","type-page","status-publish","hentry"],"acf":[],"yoast_head":"<!-- This site is optimized with the Yoast SEO plugin v27.3 - https:\/\/yoast.com\/product\/yoast-seo-wordpress\/ -->\n<title>IMPRIME - Rein Medical<\/title>\n<meta name=\"robots\" content=\"index, follow, max-snippet:-1, max-image-preview:large, max-video-preview:-1\" \/>\n<link rel=\"canonical\" href=\"https:\/\/reinmedical.com\/es\/imprime\/\" \/>\n<meta property=\"og:locale\" content=\"es_ES\" \/>\n<meta property=\"og:type\" content=\"article\" \/>\n<meta property=\"og:title\" content=\"IMPRIME - Rein Medical\" \/>\n<meta property=\"og:url\" content=\"https:\/\/reinmedical.com\/es\/imprime\/\" \/>\n<meta property=\"og:site_name\" content=\"Rein Medical\" \/>\n<meta property=\"article:modified_time\" content=\"2026-04-01T06:17:55+00:00\" \/>\n<meta name=\"twitter:card\" content=\"summary_large_image\" \/>\n<meta name=\"twitter:label1\" content=\"Tiempo de lectura\" \/>\n\t<meta name=\"twitter:data1\" content=\"11 minutos\" \/>\n<script type=\"application\/ld+json\" class=\"yoast-schema-graph\">{\"@context\":\"https:\\\/\\\/schema.org\",\"@graph\":[{\"@type\":\"WebPage\",\"@id\":\"https:\\\/\\\/reinmedical.com\\\/es\\\/imprime\\\/\",\"url\":\"https:\\\/\\\/reinmedical.com\\\/es\\\/imprime\\\/\",\"name\":\"IMPRIME - Rein Medical\",\"isPartOf\":{\"@id\":\"https:\\\/\\\/reinmedical.com\\\/es\\\/#website\"},\"datePublished\":\"2024-01-17T14:53:36+00:00\",\"dateModified\":\"2026-04-01T06:17:55+00:00\",\"breadcrumb\":{\"@id\":\"https:\\\/\\\/reinmedical.com\\\/es\\\/imprime\\\/#breadcrumb\"},\"inLanguage\":\"es\",\"potentialAction\":[{\"@type\":\"ReadAction\",\"target\":[\"https:\\\/\\\/reinmedical.com\\\/es\\\/imprime\\\/\"]}]},{\"@type\":\"BreadcrumbList\",\"@id\":\"https:\\\/\\\/reinmedical.com\\\/es\\\/imprime\\\/#breadcrumb\",\"itemListElement\":[{\"@type\":\"ListItem\",\"position\":1,\"name\":\"Startseite\",\"item\":\"https:\\\/\\\/reinmedical.com\\\/es\\\/inicio\\\/\"},{\"@type\":\"ListItem\",\"position\":2,\"name\":\"IMPRIME\"}]},{\"@type\":\"WebSite\",\"@id\":\"https:\\\/\\\/reinmedical.com\\\/es\\\/#website\",\"url\":\"https:\\\/\\\/reinmedical.com\\\/es\\\/\",\"name\":\"Rein Medical\",\"description\":\"\",\"potentialAction\":[{\"@type\":\"SearchAction\",\"target\":{\"@type\":\"EntryPoint\",\"urlTemplate\":\"https:\\\/\\\/reinmedical.com\\\/es\\\/?s={search_term_string}\"},\"query-input\":{\"@type\":\"PropertyValueSpecification\",\"valueRequired\":true,\"valueName\":\"search_term_string\"}}],\"inLanguage\":\"es\"}]}<\/script>\n<!-- \/ Yoast SEO plugin. -->","yoast_head_json":{"title":"IMPRIME - Rein Medical","robots":{"index":"index","follow":"follow","max-snippet":"max-snippet:-1","max-image-preview":"max-image-preview:large","max-video-preview":"max-video-preview:-1"},"canonical":"https:\/\/reinmedical.com\/es\/imprime\/","og_locale":"es_ES","og_type":"article","og_title":"IMPRIME - Rein Medical","og_url":"https:\/\/reinmedical.com\/es\/imprime\/","og_site_name":"Rein Medical","article_modified_time":"2026-04-01T06:17:55+00:00","twitter_card":"summary_large_image","twitter_misc":{"Tiempo de lectura":"11 minutos"},"schema":{"@context":"https:\/\/schema.org","@graph":[{"@type":"WebPage","@id":"https:\/\/reinmedical.com\/es\/imprime\/","url":"https:\/\/reinmedical.com\/es\/imprime\/","name":"IMPRIME - Rein Medical","isPartOf":{"@id":"https:\/\/reinmedical.com\/es\/#website"},"datePublished":"2024-01-17T14:53:36+00:00","dateModified":"2026-04-01T06:17:55+00:00","breadcrumb":{"@id":"https:\/\/reinmedical.com\/es\/imprime\/#breadcrumb"},"inLanguage":"es","potentialAction":[{"@type":"ReadAction","target":["https:\/\/reinmedical.com\/es\/imprime\/"]}]},{"@type":"BreadcrumbList","@id":"https:\/\/reinmedical.com\/es\/imprime\/#breadcrumb","itemListElement":[{"@type":"ListItem","position":1,"name":"Startseite","item":"https:\/\/reinmedical.com\/es\/inicio\/"},{"@type":"ListItem","position":2,"name":"IMPRIME"}]},{"@type":"WebSite","@id":"https:\/\/reinmedical.com\/es\/#website","url":"https:\/\/reinmedical.com\/es\/","name":"Rein Medical","description":"","potentialAction":[{"@type":"SearchAction","target":{"@type":"EntryPoint","urlTemplate":"https:\/\/reinmedical.com\/es\/?s={search_term_string}"},"query-input":{"@type":"PropertyValueSpecification","valueRequired":true,"valueName":"search_term_string"}}],"inLanguage":"es"}]}},"_links":{"self":[{"href":"https:\/\/reinmedical.com\/es\/wp-json\/wp\/v2\/pages\/4385","targetHints":{"allow":["GET"]}}],"collection":[{"href":"https:\/\/reinmedical.com\/es\/wp-json\/wp\/v2\/pages"}],"about":[{"href":"https:\/\/reinmedical.com\/es\/wp-json\/wp\/v2\/types\/page"}],"author":[{"embeddable":true,"href":"https:\/\/reinmedical.com\/es\/wp-json\/wp\/v2\/users\/1"}],"replies":[{"embeddable":true,"href":"https:\/\/reinmedical.com\/es\/wp-json\/wp\/v2\/comments?post=4385"}],"version-history":[{"count":5,"href":"https:\/\/reinmedical.com\/es\/wp-json\/wp\/v2\/pages\/4385\/revisions"}],"predecessor-version":[{"id":11588,"href":"https:\/\/reinmedical.com\/es\/wp-json\/wp\/v2\/pages\/4385\/revisions\/11588"}],"wp:attachment":[{"href":"https:\/\/reinmedical.com\/es\/wp-json\/wp\/v2\/media?parent=4385"}],"curies":[{"name":"wp","href":"https:\/\/api.w.org\/{rel}","templated":true}]}}